{"id":9714,"date":"2023-10-30T12:57:46","date_gmt":"2023-10-30T11:57:46","guid":{"rendered":"https:\/\/calmastudio.com\/?page_id=9714"},"modified":"2026-04-06T17:36:44","modified_gmt":"2026-04-06T15:36:44","slug":"planning","status":"publish","type":"page","link":"https:\/\/calmastudio.com\/fr\/booking\/planning\/","title":{"rendered":"Planning"},"content":{"rendered":"\t\t<div data-elementor-type=\"wp-page\" data-elementor-id=\"9714\" class=\"elementor elementor-9714\">\n\t\t\t\t\t\t<section class=\"elementor-section elementor-top-section elementor-element elementor-element-04acb12 elementor-section-boxed elementor-section-height-default elementor-section-height-default wpr-particle-no wpr-jarallax-no wpr-parallax-no wpr-sticky-section-no\" data-id=\"04acb12\" data-element_type=\"section\" data-e-type=\"section\" data-settings=\"{&quot;background_background&quot;:&quot;classic&quot;}\">\n\t\t\t\t\t\t<div class=\"elementor-container elementor-column-gap-default\">\n\t\t\t\t\t<div class=\"elementor-column elementor-col-100 elementor-top-column elementor-element elementor-element-98a6e26\" data-id=\"98a6e26\" data-element_type=\"column\" data-e-type=\"column\">\n\t\t\t<div class=\"elementor-widget-wrap elementor-element-populated\">\n\t\t\t\t\t\t<div class=\"elementor-element elementor-element-d87abe2 elementor-widget elementor-widget-heading\" data-id=\"d87abe2\" data-element_type=\"widget\" data-e-type=\"widget\" data-widget_type=\"heading.default\">\n\t\t\t\t<div class=\"elementor-widget-container\">\n\t\t\t\t\t<h2 class=\"elementor-heading-title elementor-size-default\">NOTRE PLANNING<\/h2>\t\t\t\t<\/div>\n\t\t\t\t<\/div>\n\t\t\t\t\t<\/div>\n\t\t<\/div>\n\t\t\t\t\t<\/div>\n\t\t<\/section>\n\t\t\t\t<section class=\"elementor-section elementor-top-section elementor-element elementor-element-a954a4a elementor-section-boxed elementor-section-height-default elementor-section-height-default wpr-particle-no wpr-jarallax-no wpr-parallax-no wpr-sticky-section-no\" data-id=\"a954a4a\" data-element_type=\"section\" data-e-type=\"section\" data-settings=\"{&quot;background_background&quot;:&quot;classic&quot;}\">\n\t\t\t\t\t\t<div class=\"elementor-container elementor-column-gap-default\">\n\t\t\t\t\t<div class=\"elementor-column elementor-col-100 elementor-top-column elementor-element elementor-element-636a78b\" data-id=\"636a78b\" data-element_type=\"column\" data-e-type=\"column\">\n\t\t\t<div class=\"elementor-widget-wrap elementor-element-populated\">\n\t\t\t\t\t\t<div class=\"elementor-element elementor-element-9e3f21d elementor-widget elementor-widget-text-editor\" data-id=\"9e3f21d\" data-element_type=\"widget\" data-e-type=\"widget\" data-widget_type=\"text-editor.default\">\n\t\t\t\t<div class=\"elementor-widget-container\">\n\t\t\t\t\t\t\t\t\t<h3 style=\"text-align: center;\">Cours collectifs<\/h3>\t\t\t\t\t\t\t\t<\/div>\n\t\t\t\t<\/div>\n\t\t\t\t<div class=\"elementor-element elementor-element-dc9606a elementor-align-center left-float-btn elementor-widget elementor-widget-button\" data-id=\"dc9606a\" data-element_type=\"widget\" data-e-type=\"widget\" data-widget_type=\"button.default\">\n\t\t\t\t<div class=\"elementor-widget-container\">\n\t\t\t\t\t\t\t\t\t<div class=\"elementor-button-wrapper\">\n\t\t\t\t\t<a class=\"elementor-button elementor-button-link elementor-size-sm\" href=\"\/booking\/cours-pilates\/\">\n\t\t\t\t\t\t<span class=\"elementor-button-content-wrapper\">\n\t\t\t\t\t\t\t\t\t<span class=\"elementor-button-text\">R\u00c9SERVEZ VOS COURS<\/span>\n\t\t\t\t\t<\/span>\n\t\t\t\t\t<\/a>\n\t\t\t\t<\/div>\n\t\t\t\t\t\t\t\t<\/div>\n\t\t\t\t<\/div>\n\t\t\t\t<div class=\"elementor-element elementor-element-04a0ad0 elementor-widget elementor-widget-text-editor\" data-id=\"04a0ad0\" data-element_type=\"widget\" data-e-type=\"widget\" data-widget_type=\"text-editor.default\">\n\t\t\t\t<div class=\"elementor-widget-container\">\n\t\t\t\t\t\t\t\t\t<p style=\"text-align: center;\"><span style=\"text-decoration: underline;\"><strong>NOTE IMPORTANTE\u00a0<\/strong><\/span><\/p><p style=\"text-align: center;\"><em>* Le cours pr\u00e9\/post natal sur appareils <\/em><em>est <strong>aussi<\/strong> ouvert aux \u00e9l\u00e8ves en dehors de maternit\u00e9 qui acceptent la possibilit\u00e9 de partager l&rsquo;espace avec un b\u00e9b\u00e9.<\/em>\u00a0<\/p><p style=\"text-align: center;\"><em>*\u00a0 Tous les cours sur appareils, \u00e9tant personnalis\u00e9s, sont <strong>aussi<\/strong> ouverts aux femmes enceintes et mamans en post-natal (sans les b\u00e9b\u00e9s).<\/em><\/p><h2 style=\"text-align: center;\"><strong>Lundi<\/strong><\/h2><p style=\"text-align: center;\">8:30 \u2013 Pilates sur Appareils<\/p><p style=\"text-align: center;\">9:45 \u2013 Pilates sur Appareils<\/p><p style=\"text-align: center;\">12:15 &#8211; Pilates sur Tapis <strong>Pr\u00e9 &amp; Post Natal\u00a0<\/strong> (b\u00e9b\u00e9s bienvenues)<\/p><p style=\"text-align: center;\">18:00- Pilates sur Tapis<\/p><p style=\"text-align: center;\">19:15 &#8211; Pilates sur Appareils<\/p><h2 style=\"text-align: center;\"><strong>Mardi<\/strong><\/h2><p style=\"text-align: center;\">Accompagnement Doula sur RDV \/ Cercles \/ Ateliers<\/p><h2 style=\"text-align: center;\"><strong>Mercredi<\/strong><\/h2><p style=\"text-align: center;\">9:45 &#8211; Pilates sur Appareils<\/p><p style=\"text-align: center;\">11:00 &#8211; Pilates sur Appareils <strong>Seniors (ouvert \u00e0 toutes)<\/strong><\/p><p style=\"text-align: center;\">12:15 &#8211; Pilates sur Appareils <strong>Pr\u00e9 &amp; Post Natal (ouvert \u00e0 toutes)\u00a0<\/strong> (b\u00e9b\u00e9s bienvenues) *<\/p><h2 style=\"text-align: center;\"><strong>Jeudi<\/strong><\/h2><p style=\"text-align: center;\">8:30 &#8211; Pilates sur Appareils<\/p><p style=\"text-align: center;\">9:45 \u2013 Pilates sur Appareils<\/p><p style=\"text-align: center;\">12:00 &#8211; Pilates Pr\u00e9natal @Clinique Belharra<\/p><p style=\"text-align: center;\">14:00 &#8211; Ateliers @Clinique Belharra<\/p><p style=\"text-align: center;\">19:15 \u2013 Pilates sur Tapis<\/p><h2 style=\"text-align: center;\"><strong>Vendredi<\/strong><\/h2><p style=\"text-align: center;\">8:30 &#8211; Pilates sur Appareils<\/p><p style=\"text-align: center;\">9:45 \u2013 Pilates sur Appareils<\/p><p style=\"text-align: center;\">12:15 &#8211; Pilates sur Tapis\u00a0<\/p>\t\t\t\t\t\t\t\t<\/div>\n\t\t\t\t<\/div>\n\t\t\t\t<div class=\"elementor-element elementor-element-1f260ad elementor-widget-divider--view-line_icon elementor-view-default elementor-widget-divider--element-align-center elementor-widget elementor-widget-divider\" data-id=\"1f260ad\" data-element_type=\"widget\" data-e-type=\"widget\" data-widget_type=\"divider.default\">\n\t\t\t\t<div class=\"elementor-widget-container\">\n\t\t\t\t\t\t\t<div class=\"elementor-divider\">\n\t\t\t<span class=\"elementor-divider-separator\">\n\t\t\t\t\t\t\t<div class=\"elementor-icon elementor-divider__element\">\n\t\t\t\t\t<i aria-hidden=\"true\" class=\"far fa-circle\"><\/i><\/div>\n\t\t\t\t\t\t<\/span>\n\t\t<\/div>\n\t\t\t\t\t\t<\/div>\n\t\t\t\t<\/div>\n\t\t\t\t\t<\/div>\n\t\t<\/div>\n\t\t\t\t\t<\/div>\n\t\t<\/section>\n\t\t\t\t<section class=\"elementor-section elementor-top-section elementor-element elementor-element-16b7ccf elementor-section-boxed elementor-section-height-default elementor-section-height-default wpr-particle-no wpr-jarallax-no wpr-parallax-no wpr-sticky-section-no\" data-id=\"16b7ccf\" data-element_type=\"section\" data-e-type=\"section\" data-settings=\"{&quot;background_background&quot;:&quot;classic&quot;}\">\n\t\t\t\t\t\t<div class=\"elementor-container elementor-column-gap-default\">\n\t\t\t\t\t<div class=\"elementor-column elementor-col-100 elementor-top-column elementor-element elementor-element-90a9fdc\" data-id=\"90a9fdc\" data-element_type=\"column\" data-e-type=\"column\">\n\t\t\t<div class=\"elementor-widget-wrap elementor-element-populated\">\n\t\t\t\t\t\t<div class=\"elementor-element elementor-element-17c6992 elementor-widget elementor-widget-text-editor\" data-id=\"17c6992\" data-element_type=\"widget\" data-e-type=\"widget\" data-widget_type=\"text-editor.default\">\n\t\t\t\t<div class=\"elementor-widget-container\">\n\t\t\t\t\t\t\t\t\t<h3>Les \u00e9v\u00e8nements \u00e0 venir<\/h3><p>Consultez nos prochains Cercles et Ateliers.<\/p>\t\t\t\t\t\t\t\t<\/div>\n\t\t\t\t<\/div>\n\t\t\t\t<div class=\"elementor-element elementor-element-98713de elementor-align-center left-float-btn elementor-widget elementor-widget-button\" data-id=\"98713de\" data-element_type=\"widget\" data-e-type=\"widget\" data-widget_type=\"button.default\">\n\t\t\t\t<div class=\"elementor-widget-container\">\n\t\t\t\t\t\t\t\t\t<div class=\"elementor-button-wrapper\">\n\t\t\t\t\t<a class=\"elementor-button elementor-button-link elementor-size-sm\" href=\"\/booking\/evenements\/\">\n\t\t\t\t\t\t<span class=\"elementor-button-content-wrapper\">\n\t\t\t\t\t\t\t\t\t<span class=\"elementor-button-text\">R\u00c9SERVEZ DES \u00c9V\u00c8NEMENTS<\/span>\n\t\t\t\t\t<\/span>\n\t\t\t\t\t<\/a>\n\t\t\t\t<\/div>\n\t\t\t\t\t\t\t\t<\/div>\n\t\t\t\t<\/div>\n\t\t\t\t\t<\/div>\n\t\t<\/div>\n\t\t\t\t\t<\/div>\n\t\t<\/section>\n\t\t\t\t<\/div>\n\t\t\n    <div class=\"xs_social_share_widget xs_share_url after_content \t\tmain_content  wslu-style-1 wslu-share-box-shaped wslu-fill-colored wslu-none wslu-share-horizontal wslu-theme-font-no wslu-main_content\">\n\n\t\t\n        <ul>\n\t\t\t        <\/ul>\n    <\/div> \n","protected":false},"excerpt":{"rendered":"<p>NOTRE PLANNING Cours collectifs R\u00c9SERVEZ VOS COURS NOTE IMPORTANTE\u00a0 * Le cours pr\u00e9\/post natal sur appareils est aussi ouvert aux \u00e9l\u00e8ves en dehors de maternit\u00e9 qui acceptent la possibilit\u00e9 de partager l&rsquo;espace avec un b\u00e9b\u00e9.\u00a0 *\u00a0 Tous les cours sur appareils, \u00e9tant personnalis\u00e9s, sont aussi ouverts aux femmes enceintes et mamans en post-natal (sans les b\u00e9b\u00e9s). Lundi 8:30 \u2013 Pilates sur Appareils 9:45 \u2013 Pilates sur Appareils 12:15 &#8211; Pilates sur Tapis Pr\u00e9 &amp; Post Natal\u00a0 (b\u00e9b\u00e9s bienvenues) 18:00- Pilates sur Tapis 19:15 &#8211; Pilates sur Appareils Mardi Accompagnement Doula sur RDV \/ Cercles \/ Ateliers Mercredi 9:45 &#8211; Pilates sur Appareils 11:00 &#8211; Pilates sur Appareils Seniors (ouvert \u00e0 toutes) 12:15 &#8211; Pilates sur Appareils Pr\u00e9 &amp; Post Natal (ouvert \u00e0 toutes)\u00a0 (b\u00e9b\u00e9s bienvenues) * Jeudi 8:30 &#8211; Pilates sur Appareils 9:45 \u2013 Pilates sur Appareils 12:00 &#8211; Pilates Pr\u00e9natal @Clinique Belharra 14:00 &#8211; Ateliers @Clinique Belharra 19:15 \u2013 Pilates sur Tapis Vendredi 8:30 &#8211; Pilates sur Appareils 9:45 \u2013 Pilates sur Appareils 12:15 &#8211; Pilates sur Tapis\u00a0 Les \u00e9v\u00e8nements \u00e0 venir Consultez nos prochains Cercles et Ateliers. R\u00c9SERVEZ DES \u00c9V\u00c8NEMENTS<\/p>\n","protected":false},"author":2,"featured_media":0,"parent":3275,"menu_order":0,"comment_status":"closed","ping_status":"closed","template":"","meta":{"om_disable_all_campaigns":false,"footnotes":""},"class_list":["post-9714","page","type-page","status-publish","hentry"],"aioseo_notices":[],"jetpack_sharing_enabled":true,"_links":{"self":[{"href":"https:\/\/calmastudio.com\/fr\/wp-json\/wp\/v2\/pages\/9714","targetHints":{"allow":["GET"]}}],"collection":[{"href":"https:\/\/calmastudio.com\/fr\/wp-json\/wp\/v2\/pages"}],"about":[{"href":"https:\/\/calmastudio.com\/fr\/wp-json\/wp\/v2\/types\/page"}],"author":[{"embeddable":true,"href":"https:\/\/calmastudio.com\/fr\/wp-json\/wp\/v2\/users\/2"}],"replies":[{"embeddable":true,"href":"https:\/\/calmastudio.com\/fr\/wp-json\/wp\/v2\/comments?post=9714"}],"version-history":[{"count":183,"href":"https:\/\/calmastudio.com\/fr\/wp-json\/wp\/v2\/pages\/9714\/revisions"}],"predecessor-version":[{"id":14555,"href":"https:\/\/calmastudio.com\/fr\/wp-json\/wp\/v2\/pages\/9714\/revisions\/14555"}],"up":[{"embeddable":true,"href":"https:\/\/calmastudio.com\/fr\/wp-json\/wp\/v2\/pages\/3275"}],"wp:attachment":[{"href":"https:\/\/calmastudio.com\/fr\/wp-json\/wp\/v2\/media?parent=9714"}],"curies":[{"name":"wp","href":"https:\/\/api.w.org\/{rel}","templated":true}]}}