{"id":9533,"date":"2023-10-24T18:19:10","date_gmt":"2023-10-24T16:19:10","guid":{"rendered":"https:\/\/calmastudio.com\/?page_id=9533"},"modified":"2025-10-21T18:41:28","modified_gmt":"2025-10-21T16:41:28","slug":"cours-pilates","status":"publish","type":"page","link":"https:\/\/calmastudio.com\/fr\/booking\/cours-pilates\/","title":{"rendered":"Les cours"},"content":{"rendered":"\t\t<div data-elementor-type=\"wp-page\" data-elementor-id=\"9533\" class=\"elementor elementor-9533\">\n\t\t\t\t\t\t<section class=\"elementor-section elementor-top-section elementor-element elementor-element-d5f6338 elementor-section-boxed elementor-section-height-default elementor-section-height-default wpr-particle-no wpr-jarallax-no wpr-parallax-no wpr-sticky-section-no\" data-id=\"d5f6338\" data-element_type=\"section\" data-e-type=\"section\" data-settings=\"{&quot;background_background&quot;:&quot;classic&quot;}\">\n\t\t\t\t\t\t<div class=\"elementor-container elementor-column-gap-default\">\n\t\t\t\t\t<div class=\"elementor-column elementor-col-100 elementor-top-column elementor-element elementor-element-1394f56\" data-id=\"1394f56\" data-element_type=\"column\" data-e-type=\"column\">\n\t\t\t<div class=\"elementor-widget-wrap elementor-element-populated\">\n\t\t\t\t\t\t<div class=\"elementor-element elementor-element-2b978f6 elementor-widget elementor-widget-heading\" data-id=\"2b978f6\" data-element_type=\"widget\" data-e-type=\"widget\" data-widget_type=\"heading.default\">\n\t\t\t\t<div class=\"elementor-widget-container\">\n\t\t\t\t\t<h2 class=\"elementor-heading-title elementor-size-default\">R\u00c9SERVEZ VOS COURS<\/h2>\t\t\t\t<\/div>\n\t\t\t\t<\/div>\n\t\t\t\t\t<\/div>\n\t\t<\/div>\n\t\t\t\t\t<\/div>\n\t\t<\/section>\n\t\t\t\t<section class=\"elementor-section elementor-top-section elementor-element elementor-element-a223375 elementor-section-height-min-height elementor-section-items-top elementor-section-boxed elementor-section-height-default wpr-particle-no wpr-jarallax-no wpr-parallax-no wpr-sticky-section-no\" data-id=\"a223375\" data-element_type=\"section\" data-e-type=\"section\" data-settings=\"{&quot;background_background&quot;:&quot;classic&quot;}\">\n\t\t\t\t\t\t<div class=\"elementor-container elementor-column-gap-default\">\n\t\t\t\t\t<div class=\"elementor-column elementor-col-100 elementor-top-column elementor-element elementor-element-472677f\" data-id=\"472677f\" data-element_type=\"column\" data-e-type=\"column\">\n\t\t\t<div class=\"elementor-widget-wrap elementor-element-populated\">\n\t\t\t\t\t\t<div class=\"elementor-element elementor-element-fc669c3 elementor-widget elementor-widget-text-editor\" data-id=\"fc669c3\" data-element_type=\"widget\" data-e-type=\"widget\" data-widget_type=\"text-editor.default\">\n\t\t\t\t<div class=\"elementor-widget-container\">\n\t\t\t\t\t\t\t\t\t<h3>QUEL COURS CHOISIR ET COMMENT LE R\u00c9SERVER ?<\/h3><p>Veuillez consulter nos <strong><a href=\"\/pilates-biarritz\/\">cours de Pilates<\/a><\/strong> et <strong><a title=\"Planning\" href=\"https:\/\/calmastudio.com\/booking\/planning\/\">notre planning<\/a><\/strong> pour bien choisir votre cours.<\/p><p>Les cours collectifs sont r\u00e9serv\u00e9s via le formulaire ci-dessous.\u00a0<\/p><p>Les \u00e9l\u00e8ves avec<strong>\u00a0un forfait \u2013\u00a0<\/strong>veuillez r\u00e9server en utilisant\u00a0 <a title=\"Client login\" href=\"https:\/\/calmastudio.com\/booking\/customer-panel\/\"><strong>MON COMPTE<\/strong><\/a><\/p><p>Les cours priv\u00e9s sont r\u00e9serv\u00e9s uniquement sur rendez-vous. <strong><a title=\"Contactez-nous\" href=\"\/contact\/\">Contactez-nous<\/a><\/strong> directement.<\/p><p><strong>ATTENTION<\/strong><\/p><p><strong>Tous les cours sur Appareils sont personnalis\u00e9es ( aussi ouverts aux femmes enceintes et mamans en postnatal, sans b\u00e9b\u00e9s )<\/strong><\/p><p><strong>Le cr\u00e9neau Pr\u00e9 &amp; Postnatal sur Appareils<\/strong> <strong>( b\u00e9b\u00e9s bienvenus )<\/strong> &#8211; <strong>Mercredi 12h15 &#8211; est aussi disponible aux autres \u00e9l\u00e8ves.\u00a0<\/strong><\/p>\t\t\t\t\t\t\t\t<\/div>\n\t\t\t\t<\/div>\n\t\t\t\t\t<\/div>\n\t\t<\/div>\n\t\t\t\t\t<\/div>\n\t\t<\/section>\n\t\t\t\t<section class=\"elementor-section elementor-top-section elementor-element elementor-element-eb51ced elementor-section-height-min-height elementor-section-items-top elementor-section-boxed elementor-section-height-default wpr-particle-no wpr-jarallax-no wpr-parallax-no wpr-sticky-section-no\" data-id=\"eb51ced\" data-element_type=\"section\" data-e-type=\"section\" data-settings=\"{&quot;background_background&quot;:&quot;classic&quot;}\">\n\t\t\t\t\t\t<div class=\"elementor-container elementor-column-gap-default\">\n\t\t\t\t\t<div class=\"elementor-column elementor-col-100 elementor-top-column elementor-element elementor-element-0ee6c68\" data-id=\"0ee6c68\" data-element_type=\"column\" data-e-type=\"column\">\n\t\t\t<div class=\"elementor-widget-wrap elementor-element-populated\">\n\t\t\t\t\t\t<div class=\"elementor-element elementor-element-4c8879d elementor-widget elementor-widget-text-editor\" data-id=\"4c8879d\" data-element_type=\"widget\" data-e-type=\"widget\" data-widget_type=\"text-editor.default\">\n\t\t\t\t<div class=\"elementor-widget-container\">\n\t\t\t\t\t\t\t\t\t<h3>INFORMATIONS IMPORTANTES\u00a0<\/h3><p>Les annulations et les reports sont possibles jusqu&rsquo;\u00e0 <strong>24h<\/strong> avant les cours uniquement.\u00a0 Pass\u00e9 ce d\u00e9lai, le cours sera consid\u00e9r\u00e9 comme d\u00fb.\u00a0<\/p><p>Comme notre studio est de petite taille et que les places sont limit\u00e9es, cette politique nous aide \u00e0 en assurer le bon fonctionnement.<\/p><p>Merci de votre compr\u00e9hension.\u00a0<\/p>\t\t\t\t\t\t\t\t<\/div>\n\t\t\t\t<\/div>\n\t\t\t\t\t<\/div>\n\t\t<\/div>\n\t\t\t\t\t<\/div>\n\t\t<\/section>\n\t\t\t\t<section class=\"elementor-section elementor-top-section elementor-element elementor-element-93db5ef elementor-section-height-min-height elementor-section-items-top elementor-section-content-top elementor-section-stretched elementor-section-boxed elementor-section-height-default wpr-particle-no wpr-jarallax-no wpr-parallax-no wpr-sticky-section-no\" data-id=\"93db5ef\" data-element_type=\"section\" data-e-type=\"section\" data-settings=\"{&quot;background_background&quot;:&quot;classic&quot;,&quot;stretch_section&quot;:&quot;section-stretched&quot;}\">\n\t\t\t\t\t\t<div class=\"elementor-container elementor-column-gap-no\">\n\t\t\t\t\t<div class=\"elementor-column elementor-col-100 elementor-top-column elementor-element elementor-element-d2b83f1\" data-id=\"d2b83f1\" data-element_type=\"column\" data-e-type=\"column\">\n\t\t\t<div class=\"elementor-widget-wrap elementor-element-populated\">\n\t\t\t\t\t\t<div class=\"elementor-element elementor-element-ee96436 elementor-widget elementor-widget-stepbooking\" data-id=\"ee96436\" data-element_type=\"widget\" data-e-type=\"widget\" data-widget_type=\"stepbooking.default\">\n\t\t\t\t<div class=\"elementor-widget-container\">\n\t\t\t\t\t\n<script data-jetpack-boost=\"ignore\">\n  if (typeof hasAmeliaEntitiesApiCall === 'undefined' && ('' === '' && '' !== '1')) {\n    var hasAmeliaEntitiesApiCall = true;\n  }\n  var ameliaShortcodeData = (typeof ameliaShortcodeData === 'undefined') ? [] : ameliaShortcodeData;\n  ameliaShortcodeData.push(\n    {\n      'hasApiCall': (typeof hasAmeliaEntitiesApiCall !== 'undefined') && hasAmeliaEntitiesApiCall,\n      'trigger': '',\n      'trigger_type': '',\n      'triggered_form': 'sbsNew',\n      'in_dialog': '',\n      'show': '',\n      'counter': '1000',\n      'category': '',\n      'service': '',\n      'employee': '1',\n      'location': '1',\n      'package': '',\n      'layout': '1',\n    }\n  );\n\n  var ameliaShortcodeDataTriggered = (typeof ameliaShortcodeDataTriggered === 'undefined') ? [] : ameliaShortcodeDataTriggered;\n  if (ameliaShortcodeData[ameliaShortcodeData.length - 1].trigger !== '') {\n    if (ameliaShortcodeDataTriggered.filter(a => a.counter === ameliaShortcodeData[ameliaShortcodeData.length - 1].counter).length === 0) {\n      ameliaShortcodeDataTriggered.push(ameliaShortcodeData.pop());\n    } else {\n      ameliaShortcodeData.pop()\n    }\n  }\n  if (typeof hasAmeliaEntitiesApiCall !== 'undefined' && hasAmeliaEntitiesApiCall) {\n    hasAmeliaEntitiesApiCall = false;\n  }\n<\/script>\n\n<div\n  id=\"amelia-v2-booking-1000\"\n  class=\"amelia-v2-booking\"\n >\n    <step-form-wrapper><\/step-form-wrapper><\/div>\n\t\t\t\t<\/div>\n\t\t\t\t<\/div>\n\t\t\t\t\t<\/div>\n\t\t<\/div>\n\t\t\t\t\t<\/div>\n\t\t<\/section>\n\t\t\t\t<\/div>\n\t\t\n    <div class=\"xs_social_share_widget xs_share_url after_content \t\tmain_content  wslu-style-1 wslu-share-box-shaped wslu-fill-colored wslu-none wslu-share-horizontal wslu-theme-font-no wslu-main_content\">\n\n\t\t\n        <ul>\n\t\t\t        <\/ul>\n    <\/div> \n","protected":false},"excerpt":{"rendered":"<p>R\u00c9SERVEZ VOS COURS QUEL COURS CHOISIR ET COMMENT LE R\u00c9SERVER ? Veuillez consulter nos cours de Pilates et notre planning pour bien choisir votre cours. Les cours collectifs sont r\u00e9serv\u00e9s via le formulaire ci-dessous.\u00a0 Les \u00e9l\u00e8ves avec\u00a0un forfait \u2013\u00a0veuillez r\u00e9server en utilisant\u00a0 MON COMPTE Les cours priv\u00e9s sont r\u00e9serv\u00e9s uniquement sur rendez-vous. Contactez-nous directement. ATTENTION Tous les cours sur Appareils sont personnalis\u00e9es ( aussi ouverts aux femmes enceintes et mamans en postnatal, sans b\u00e9b\u00e9s ) Le cr\u00e9neau Pr\u00e9 &amp; Postnatal sur Appareils ( b\u00e9b\u00e9s bienvenus ) &#8211; Mercredi 12h15 &#8211; est aussi disponible aux autres \u00e9l\u00e8ves.\u00a0 INFORMATIONS IMPORTANTES\u00a0 Les annulations et les reports sont possibles jusqu&rsquo;\u00e0 24h avant les cours uniquement.\u00a0 Pass\u00e9 ce d\u00e9lai, le cours sera consid\u00e9r\u00e9 comme d\u00fb.\u00a0 Comme notre studio est de petite taille et que les places sont limit\u00e9es, cette politique nous aide \u00e0 en assurer le bon fonctionnement. Merci de votre compr\u00e9hension.\u00a0<\/p>\n","protected":false},"author":2,"featured_media":0,"parent":3275,"menu_order":0,"comment_status":"closed","ping_status":"closed","template":"elementor_header_footer","meta":{"om_disable_all_campaigns":false,"footnotes":""},"class_list":["post-9533","page","type-page","status-publish","hentry"],"aioseo_notices":[],"jetpack_sharing_enabled":true,"_links":{"self":[{"href":"https:\/\/calmastudio.com\/fr\/wp-json\/wp\/v2\/pages\/9533","targetHints":{"allow":["GET"]}}],"collection":[{"href":"https:\/\/calmastudio.com\/fr\/wp-json\/wp\/v2\/pages"}],"about":[{"href":"https:\/\/calmastudio.com\/fr\/wp-json\/wp\/v2\/types\/page"}],"author":[{"embeddable":true,"href":"https:\/\/calmastudio.com\/fr\/wp-json\/wp\/v2\/users\/2"}],"replies":[{"embeddable":true,"href":"https:\/\/calmastudio.com\/fr\/wp-json\/wp\/v2\/comments?post=9533"}],"version-history":[{"count":189,"href":"https:\/\/calmastudio.com\/fr\/wp-json\/wp\/v2\/pages\/9533\/revisions"}],"predecessor-version":[{"id":14202,"href":"https:\/\/calmastudio.com\/fr\/wp-json\/wp\/v2\/pages\/9533\/revisions\/14202"}],"up":[{"embeddable":true,"href":"https:\/\/calmastudio.com\/fr\/wp-json\/wp\/v2\/pages\/3275"}],"wp:attachment":[{"href":"https:\/\/calmastudio.com\/fr\/wp-json\/wp\/v2\/media?parent=9533"}],"curies":[{"name":"wp","href":"https:\/\/api.w.org\/{rel}","templated":true}]}}