{"id":938,"date":"2020-11-13T15:07:34","date_gmt":"2020-11-13T14:07:34","guid":{"rendered":"https:\/\/calmastudio.com\/?page_id=938"},"modified":"2026-05-02T19:22:38","modified_gmt":"2026-05-02T17:22:38","slug":"calma-mama","status":"publish","type":"page","link":"https:\/\/calmastudio.com\/fr\/calma-mama\/","title":{"rendered":"Calma Mama"},"content":{"rendered":"\t\t<div data-elementor-type=\"wp-page\" data-elementor-id=\"938\" class=\"elementor elementor-938\">\n\t\t\t\t<div class=\"elementor-element elementor-element-bb26e25 e-con-full e-flex wpr-particle-no wpr-jarallax-no wpr-parallax-no wpr-sticky-section-no wpr-equal-height-no e-con e-parent\" data-id=\"bb26e25\" data-element_type=\"container\" data-e-type=\"container\" data-settings=\"{&quot;sticky_logo_enable&quot;:&quot;no&quot;}\">\n\t\t<div class=\"elementor-element elementor-element-2910c08b e-con-full e-flex wpr-particle-no wpr-jarallax-no wpr-parallax-no wpr-sticky-section-no wpr-equal-height-no e-con e-child\" data-id=\"2910c08b\" data-element_type=\"container\" data-e-type=\"container\" data-settings=\"{&quot;background_background&quot;:&quot;classic&quot;,&quot;sticky_logo_enable&quot;:&quot;no&quot;}\">\n\t\t<div class=\"elementor-element elementor-element-7378ce3d e-con-full e-flex wpr-particle-no wpr-jarallax-no wpr-parallax-no wpr-sticky-section-no wpr-equal-height-no e-con e-child\" data-id=\"7378ce3d\" data-element_type=\"container\" data-e-type=\"container\" data-settings=\"{&quot;sticky_logo_enable&quot;:&quot;no&quot;}\">\n\t\t\t\t<div class=\"elementor-element elementor-element-48531d2 elementor-widget elementor-widget-image\" data-id=\"48531d2\" data-element_type=\"widget\" data-e-type=\"widget\" data-widget_type=\"image.default\">\n\t\t\t\t\t\t\t\t\t\t\t\t\t\t\t<img decoding=\"async\" width=\"200\" height=\"200\" src=\"https:\/\/calmastudio.com\/wp-content\/uploads\/2026\/04\/calma-mama-1.svg\" class=\"attachment-full size-full wp-image-16695\" alt=\"\" \/>\t\t\t\t\t\t\t\t\t\t\t\t\t\t\t<\/div>\n\t\t\t\t<div class=\"elementor-element elementor-element-542907da sticky-heading-prefixstyle elementor-widget__width-inherit elementor-widget elementor-widget-heading\" data-id=\"542907da\" data-element_type=\"widget\" data-e-type=\"widget\" data-widget_type=\"heading.default\">\n\t\t\t\t\t<h1 class=\"elementor-heading-title elementor-size-default\">ATELIERS POUR MAMANS<\/h1>\t\t\t\t<\/div>\n\t\t\t\t<div class=\"elementor-element elementor-element-3bb1f07e elementor-widget elementor-widget-text-editor\" data-id=\"3bb1f07e\" data-element_type=\"widget\" data-e-type=\"widget\" data-widget_type=\"text-editor.default\">\n\t\t\t\t\t\t\t\t\t<p>Ateliers pour futures et jeunes mamans sont un pont entre mes m\u00e9tiers distincts, de Th\u00e9rapeute du Mouvement, de Professeure de Pilates et de Doula, nourris par mon v\u00e9ritable d\u00e9sir de apporter un soutien aux mamans.<br \/>Les s\u00e9ances sont bas\u00e9es sur le Pilates, mais aussi inspir\u00e9s de yoga, danse, respiration, visualisation, vocalisation, mouvement libre et conscience corporelle pour permettre une grossesse en bonne forme, un accouchement puissant et une r\u00e9cup\u00e9ration plus facile. Ils mettent un focus sp\u00e9cial sur la conscience du plancher pelvien &#8211; le p\u00e9rin\u00e9e, d&#8217;une grande importance pendant la grossesse, l&#8217;accouchement et le post-partum.<\/p><p>Ils offrent \u00e9galement un espace de partage et de cr\u00e9ation de liens entre les mamans, car, on le sait qu&#8217;<em>il faut un village pour \u00e9lever un enfant.<\/em><\/p>\t\t\t\t\t\t\t\t<\/div>\n\t\t\t\t<\/div>\n\t\t\t\t<\/div>\n\t\t\t\t<\/div>\n\t\t<div class=\"elementor-element elementor-element-1483581 e-con-full e-flex wpr-particle-no wpr-jarallax-no wpr-parallax-no wpr-sticky-section-no wpr-equal-height-no e-con e-parent\" data-id=\"1483581\" data-element_type=\"container\" data-e-type=\"container\" data-settings=\"{&quot;sticky_logo_enable&quot;:&quot;no&quot;}\">\n\t\t<div class=\"elementor-element elementor-element-00dfaf2 e-con-full e-flex wpr-particle-no wpr-jarallax-no wpr-parallax-no wpr-sticky-section-no wpr-equal-height-no e-con e-child\" data-id=\"00dfaf2\" data-element_type=\"container\" data-e-type=\"container\" data-settings=\"{&quot;background_background&quot;:&quot;classic&quot;,&quot;sticky_logo_enable&quot;:&quot;no&quot;}\">\n\t\t\t\t<\/div>\n\t\t\t\t<\/div>\n\t\t<div class=\"elementor-element elementor-element-9cc1596 e-flex e-con-boxed wpr-particle-no wpr-jarallax-no wpr-parallax-no wpr-sticky-section-no wpr-equal-height-no e-con e-parent\" data-id=\"9cc1596\" data-element_type=\"container\" data-e-type=\"container\" data-settings=\"{&quot;background_background&quot;:&quot;classic&quot;,&quot;sticky_logo_enable&quot;:&quot;no&quot;}\">\n\t\t\t\t\t<div class=\"e-con-inner\">\n\t\t<div class=\"elementor-element elementor-element-ea2f40a e-con-full e-flex wpr-particle-no wpr-jarallax-no wpr-parallax-no wpr-sticky-section-no wpr-equal-height-no e-con e-child\" data-id=\"ea2f40a\" data-element_type=\"container\" data-e-type=\"container\" data-settings=\"{&quot;sticky_logo_enable&quot;:&quot;no&quot;}\">\n\t\t\t\t<div class=\"elementor-element elementor-element-fd75179 sticky-heading-prefixstyle elementor-widget__width-initial elementor-widget elementor-widget-heading\" data-id=\"fd75179\" data-element_type=\"widget\" data-e-type=\"widget\" data-widget_type=\"heading.default\">\n\t\t\t\t\t<h1 class=\"elementor-heading-title elementor-size-default\">LES ateliers<\/h1>\t\t\t\t<\/div>\n\t\t\t\t<div class=\"elementor-element elementor-element-f82e2b7 elementor-widget elementor-widget-text-editor\" data-id=\"f82e2b7\" data-element_type=\"widget\" data-e-type=\"widget\" data-widget_type=\"text-editor.default\">\n\t\t\t\t\t\t\t\t\t<p>Les ateliers ont lieu soit au Studio Calma, \u00e0 Biarritz soit \u00e0 la Clinique Belharra de Bayonne.<\/p>\t\t\t\t\t\t\t\t<\/div>\n\t\t\t\t<\/div>\n\t\t\t\t\t<\/div>\n\t\t\t\t<\/div>\n\t\t<div class=\"elementor-element elementor-element-6a50e45 e-flex e-con-boxed wpr-particle-no wpr-jarallax-no wpr-parallax-no wpr-sticky-section-no wpr-equal-height-no e-con e-parent\" data-id=\"6a50e45\" data-element_type=\"container\" data-e-type=\"container\" data-settings=\"{&quot;background_background&quot;:&quot;classic&quot;,&quot;sticky_logo_enable&quot;:&quot;no&quot;}\">\n\t\t\t\t\t<div class=\"e-con-inner\">\n\t\t<div class=\"elementor-element elementor-element-e23e6c0 e-con-full e-flex wpr-particle-no wpr-jarallax-no wpr-parallax-no wpr-sticky-section-no wpr-equal-height-no e-con e-child\" data-id=\"e23e6c0\" data-element_type=\"container\" data-e-type=\"container\" data-settings=\"{&quot;background_background&quot;:&quot;classic&quot;,&quot;sticky_logo_enable&quot;:&quot;no&quot;}\">\n\t\t\t\t<div class=\"elementor-element elementor-element-e346ccc sticky-heading-prefixstyle elementor-widget elementor-widget-heading\" data-id=\"e346ccc\" data-element_type=\"widget\" data-e-type=\"widget\" data-widget_type=\"heading.default\">\n\t\t\t\t\t<h3 class=\"elementor-heading-title elementor-size-default\">ATELIER\nNAISSANCE PUISSANTE<\/h3>\t\t\t\t<\/div>\n\t\t\t\t<div class=\"elementor-element elementor-element-b98a198 elementor-widget elementor-widget-text-editor\" data-id=\"b98a198\" data-element_type=\"widget\" data-e-type=\"widget\" data-widget_type=\"text-editor.default\">\n\t\t\t\t\t\t\t\t\t<p><span class=\"author-d-1gg9uz65z1iz85zgdz68zmqkz84zo2qowz82zppz65zz79zoz76zapcz122z8z75zz68zctz76zz66zz77z6vlz65zy4md5z70zz76zz85z\">Cette atelier pr\u00e9natal va au-del\u00e0 des exercices classiques et utilise la visualisation, la vocalisation, l\u2019exploration des mouvements libres, la danse et la connexion bouche\/gorge \u2013 p\u00e9rin\u00e9e pour guider\u00a0 les futures mamans vers l\u2019exp\u00e9rience de la naissance en conscience et confiance.<\/span><\/p>\t\t\t\t\t\t\t\t<\/div>\n\t\t\t\t<div class=\"elementor-element elementor-element-82fa60c elementor-widget elementor-widget-text-editor\" data-id=\"82fa60c\" data-element_type=\"widget\" data-e-type=\"widget\" data-widget_type=\"text-editor.default\">\n\t\t\t\t\t\t\t\t\t<p><strong>Un jeudi par mois 14h-16h<br \/><\/strong><strong>Clinique Belharra \u00e0 Bayonne\u00a0\u00a0<\/strong><\/p>\t\t\t\t\t\t\t\t<\/div>\n\t\t\t\t<div class=\"elementor-element elementor-element-ecda858 sticky-button-prefixstyle elementor-widget elementor-widget-button\" data-id=\"ecda858\" data-element_type=\"widget\" data-e-type=\"widget\" data-widget_type=\"button.default\">\n\t\t\t\t\t\t\t\t\t\t<a class=\"elementor-button elementor-button-link elementor-size-sm\" href=\"https:\/\/www.ramsayservices.fr\/inscriptions-mynea\/1147\" target=\"_blank\">\n\t\t\t\t\t\t<span class=\"elementor-button-content-wrapper\">\n\t\t\t\t\t\t<span class=\"elementor-button-icon\">\n\t\t\t\t<i aria-hidden=\"true\" class=\"fas fa-external-link-alt\"><\/i>\t\t\t<\/span>\n\t\t\t\t\t\t\t\t\t<span class=\"elementor-button-text\">R\u00c9SERVEZ<\/span>\n\t\t\t\t\t<\/span>\n\t\t\t\t\t<\/a>\n\t\t\t\t\t\t\t\t<\/div>\n\t\t\t\t<\/div>\n\t\t<div class=\"elementor-element elementor-element-e7d7785 e-con-full e-flex wpr-particle-no wpr-jarallax-no wpr-parallax-no wpr-sticky-section-no wpr-equal-height-no e-con e-child\" data-id=\"e7d7785\" data-element_type=\"container\" data-e-type=\"container\" data-settings=\"{&quot;background_background&quot;:&quot;classic&quot;,&quot;sticky_logo_enable&quot;:&quot;no&quot;}\">\n\t\t\t\t<div class=\"elementor-element elementor-element-0053652 sticky-heading-prefixstyle elementor-widget elementor-widget-heading\" data-id=\"0053652\" data-element_type=\"widget\" data-e-type=\"widget\" data-widget_type=\"heading.default\">\n\t\t\t\t\t<h3 class=\"elementor-heading-title elementor-size-default\">ATELIER\nLE R\u00d4LE DU PARTENAIRE\u00a0<\/h3>\t\t\t\t<\/div>\n\t\t\t\t<div class=\"elementor-element elementor-element-96f7f1f elementor-widget elementor-widget-text-editor\" data-id=\"96f7f1f\" data-element_type=\"widget\" data-e-type=\"widget\" data-widget_type=\"text-editor.default\">\n\t\t\t\t\t\t\t\t\t<p>Un atelier interdisciplinaire et pratique con\u00e7u pour les couples, pens\u00e9 pour guider les partenaires vers une compr\u00e9hension du soutien dont leur femme a le plus besoin lors de l\u2019accouchement, juste apr\u00e8s et pendant le post-partum.<\/p><p>Cet atelier est compl\u00e9mentaire \u00e0 l\u2019atelier Naissance Puissante.<\/p>\t\t\t\t\t\t\t\t<\/div>\n\t\t\t\t<div class=\"elementor-element elementor-element-ba81a3e elementor-widget elementor-widget-text-editor\" data-id=\"ba81a3e\" data-element_type=\"widget\" data-e-type=\"widget\" data-widget_type=\"text-editor.default\">\n\t\t\t\t\t\t\t\t\t<p><strong>Un jeudi par mois 14h \u00e0 16h<br \/>Clinique Belharra \u00e0 Bayonne <\/strong><strong>\u00a0<\/strong><\/p>\t\t\t\t\t\t\t\t<\/div>\n\t\t\t\t<div class=\"elementor-element elementor-element-11de6f6 sticky-button-prefixstyle elementor-widget elementor-widget-button\" data-id=\"11de6f6\" data-element_type=\"widget\" data-e-type=\"widget\" data-widget_type=\"button.default\">\n\t\t\t\t\t\t\t\t\t\t<a class=\"elementor-button elementor-button-link elementor-size-sm\" href=\"https:\/\/www.ramsayservices.fr\/inscriptions-mynea\/2105\" target=\"_blank\">\n\t\t\t\t\t\t<span class=\"elementor-button-content-wrapper\">\n\t\t\t\t\t\t<span class=\"elementor-button-icon\">\n\t\t\t\t<i aria-hidden=\"true\" class=\"fas fa-external-link-alt\"><\/i>\t\t\t<\/span>\n\t\t\t\t\t\t\t\t\t<span class=\"elementor-button-text\">R\u00c9SERVEZ<\/span>\n\t\t\t\t\t<\/span>\n\t\t\t\t\t<\/a>\n\t\t\t\t\t\t\t\t<\/div>\n\t\t\t\t<\/div>\n\t\t\t\t\t<\/div>\n\t\t\t\t<\/div>\n\t\t<div class=\"elementor-element elementor-element-451608d e-flex e-con-boxed wpr-particle-no wpr-jarallax-no wpr-parallax-no wpr-sticky-section-no wpr-equal-height-no e-con e-parent\" data-id=\"451608d\" data-element_type=\"container\" data-e-type=\"container\" data-settings=\"{&quot;sticky_logo_enable&quot;:&quot;no&quot;}\">\n\t\t\t\t\t<div class=\"e-con-inner\">\n\t\t<div class=\"elementor-element elementor-element-1ba089ea e-con-full e-flex wpr-particle-no wpr-jarallax-no wpr-parallax-no wpr-sticky-section-no wpr-equal-height-no e-con e-child\" data-id=\"1ba089ea\" data-element_type=\"container\" data-e-type=\"container\" data-settings=\"{&quot;sticky_logo_enable&quot;:&quot;no&quot;}\">\n\t\t\t\t<div class=\"elementor-element elementor-element-ff9c525 elementor-align-center sticky-button-prefixstyle elementor-widget elementor-widget-button\" data-id=\"ff9c525\" data-element_type=\"widget\" data-e-type=\"widget\" data-widget_type=\"button.default\">\n\t\t\t\t\t\t\t\t\t\t<a class=\"elementor-button elementor-button-link elementor-size-sm\" href=\"\/booking\/evenements\/\">\n\t\t\t\t\t\t<span class=\"elementor-button-content-wrapper\">\n\t\t\t\t\t\t\t\t\t<span class=\"elementor-button-text\">CONSULTEZ LES \u00c9V\u00c8NEMENTS \u00c0 VENIR<\/span>\n\t\t\t\t\t<\/span>\n\t\t\t\t\t<\/a>\n\t\t\t\t\t\t\t\t<\/div>\n\t\t\t\t<\/div>\n\t\t\t\t\t<\/div>\n\t\t\t\t<\/div>\n\t\t\t\t<\/div>\n\t\t","protected":false},"excerpt":{"rendered":"<p>ATELIERS POUR MAMANS Ateliers pour futures et jeunes mamans sont un pont entre mes m\u00e9tiers distincts, de Th\u00e9rapeute du Mouvement, de Professeure de Pilates et de Doula, nourris par mon v\u00e9ritable d\u00e9sir de apporter un soutien aux mamans.Les s\u00e9ances sont bas\u00e9es sur le Pilates, mais aussi inspir\u00e9s de yoga, danse, respiration, visualisation, vocalisation, mouvement libre et conscience corporelle pour permettre une grossesse en bonne forme, un accouchement puissant et une r\u00e9cup\u00e9ration plus facile. Ils mettent un focus sp\u00e9cial sur la conscience du plancher pelvien &#8211; le p\u00e9rin\u00e9e, d&#8217;une grande importance pendant la grossesse, l&#8217;accouchement et le post-partum. Ils offrent \u00e9galement un espace de partage et de cr\u00e9ation de liens entre les mamans, car, on le sait qu&#8217;il faut un village pour \u00e9lever un enfant. LES ateliers Les ateliers ont lieu soit au Studio Calma, \u00e0 Biarritz soit \u00e0 la Clinique Belharra de Bayonne. ATELIER NAISSANCE PUISSANTE Cette atelier pr\u00e9natal va au-del\u00e0 des exercices classiques et utilise la visualisation, la vocalisation, l\u2019exploration des mouvements libres, la danse et la connexion bouche\/gorge \u2013 p\u00e9rin\u00e9e pour guider\u00a0 les futures mamans vers l\u2019exp\u00e9rience de la naissance en conscience et confiance. Un jeudi par mois 14h-16hClinique Belharra \u00e0 Bayonne\u00a0\u00a0 R\u00c9SERVEZ ATELIER LE R\u00d4LE DU PARTENAIRE\u00a0 Un atelier interdisciplinaire et pratique con\u00e7u pour les couples, pens\u00e9 pour guider les partenaires vers une compr\u00e9hension du soutien dont leur femme a le plus besoin lors de l\u2019accouchement, juste apr\u00e8s et pendant le post-partum. Cet atelier est compl\u00e9mentaire \u00e0 l\u2019atelier Naissance Puissante. Un jeudi par mois 14h \u00e0 16hClinique Belharra \u00e0 Bayonne \u00a0 R\u00c9SERVEZ CONSULTEZ LES \u00c9V\u00c8NEMENTS \u00c0 VENIR<\/p>\n","protected":false},"author":2,"featured_media":0,"parent":0,"menu_order":0,"comment_status":"closed","ping_status":"closed","template":"elementor_header_footer","meta":{"om_disable_all_campaigns":false,"_monsterinsights_skip_tracking":false,"_monsterinsights_sitenote_active":false,"_monsterinsights_sitenote_note":"","_monsterinsights_sitenote_category":0,"_uf_show_specific_survey":0,"_uf_disable_surveys":false,"footnotes":""},"class_list":["post-938","page","type-page","status-publish","hentry"],"aioseo_notices":[],"_links":{"self":[{"href":"https:\/\/calmastudio.com\/fr\/wp-json\/wp\/v2\/pages\/938","targetHints":{"allow":["GET"]}}],"collection":[{"href":"https:\/\/calmastudio.com\/fr\/wp-json\/wp\/v2\/pages"}],"about":[{"href":"https:\/\/calmastudio.com\/fr\/wp-json\/wp\/v2\/types\/page"}],"author":[{"embeddable":true,"href":"https:\/\/calmastudio.com\/fr\/wp-json\/wp\/v2\/users\/2"}],"replies":[{"embeddable":true,"href":"https:\/\/calmastudio.com\/fr\/wp-json\/wp\/v2\/comments?post=938"}],"version-history":[{"count":775,"href":"https:\/\/calmastudio.com\/fr\/wp-json\/wp\/v2\/pages\/938\/revisions"}],"predecessor-version":[{"id":18597,"href":"https:\/\/calmastudio.com\/fr\/wp-json\/wp\/v2\/pages\/938\/revisions\/18597"}],"wp:attachment":[{"href":"https:\/\/calmastudio.com\/fr\/wp-json\/wp\/v2\/media?parent=938"}],"curies":[{"name":"wp","href":"https:\/\/api.w.org\/{rel}","templated":true}]}}