{"id":7005,"date":"2023-01-27T14:34:52","date_gmt":"2023-01-27T13:34:52","guid":{"rendered":"https:\/\/calmastudio.com\/?page_id=7005"},"modified":"2026-05-02T19:30:56","modified_gmt":"2026-05-02T17:30:56","slug":"naissance-puissante","status":"publish","type":"page","link":"https:\/\/calmastudio.com\/fr\/naissance-puissante\/","title":{"rendered":"Projet de naissance"},"content":{"rendered":"\t\t<div data-elementor-type=\"wp-page\" data-elementor-id=\"7005\" class=\"elementor elementor-7005\">\n\t\t\t\t<div class=\"elementor-element elementor-element-4fd6db0 e-con-full e-flex wpr-particle-no wpr-jarallax-no wpr-parallax-no wpr-sticky-section-no wpr-equal-height-no e-con e-parent\" data-id=\"4fd6db0\" data-element_type=\"container\" data-e-type=\"container\" data-settings=\"{&quot;sticky_logo_enable&quot;:&quot;no&quot;}\">\n\t\t<div class=\"elementor-element elementor-element-5aee7235 e-con-full e-flex wpr-particle-no wpr-jarallax-no wpr-parallax-no wpr-sticky-section-no wpr-equal-height-no e-con e-child\" data-id=\"5aee7235\" data-element_type=\"container\" data-e-type=\"container\" data-settings=\"{&quot;background_background&quot;:&quot;classic&quot;,&quot;sticky_logo_enable&quot;:&quot;no&quot;}\">\n\t\t<div class=\"elementor-element elementor-element-3f8979d1 e-con-full e-flex wpr-particle-no wpr-jarallax-no wpr-parallax-no wpr-sticky-section-no wpr-equal-height-no e-con e-child\" data-id=\"3f8979d1\" data-element_type=\"container\" data-e-type=\"container\" data-settings=\"{&quot;sticky_logo_enable&quot;:&quot;no&quot;}\">\n\t\t\t\t<div class=\"elementor-element elementor-element-deeb90b elementor-widget elementor-widget-image\" data-id=\"deeb90b\" data-element_type=\"widget\" data-e-type=\"widget\" data-widget_type=\"image.default\">\n\t\t\t\t\t\t\t\t\t\t\t\t\t\t\t<img decoding=\"async\" width=\"200\" height=\"200\" src=\"https:\/\/calmastudio.com\/wp-content\/uploads\/2026\/04\/calma-doula-1.svg\" class=\"attachment-full size-full wp-image-16696\" alt=\"\" \/>\t\t\t\t\t\t\t\t\t\t\t\t\t\t\t<\/div>\n\t\t\t\t<div class=\"elementor-element elementor-element-5ebf92a1 sticky-heading-prefixstyle elementor-widget elementor-widget-heading\" data-id=\"5ebf92a1\" data-element_type=\"widget\" data-e-type=\"widget\" data-widget_type=\"heading.default\">\n\t\t\t\t\t<h1 class=\"elementor-heading-title elementor-size-default\">ACCOMPAGNEMENT P\u00c9RINATAL\u200b<\/h1>\t\t\t\t<\/div>\n\t\t\t\t<div class=\"elementor-element elementor-element-27ae021e elementor-widget elementor-widget-text-editor\" data-id=\"27ae021e\" data-element_type=\"widget\" data-e-type=\"widget\" data-widget_type=\"text-editor.default\">\n\t\t\t\t\t\t\t\t\t<p>En tant que doula, je vous accompagne dans votre cheminement vers la maternit\u00e9 en vous apportant un soutien \u00e9motionnel, pratique, physique, informationnel et de couple, sans jugement et en plein confidentialit\u00e9. <br \/>L&#8217;accompagnement que je vous propose est adapt\u00e9 \u00e0 vos besoins et attentes personnelles, \u00e0 base desquels nous d\u00e9finissons nos rencontres.\u00a0<\/p><p>Je vous invite \u00e0 r\u00e9fl\u00e9chir \u00e0 la physiologie de la naissance, aux besoins de base et \u00e0 un travail de preparation corporel pour gagner en confiance, faire vos propres choix \u00e9clair\u00e9s et vous pr\u00e9parer \u00e0 naissance et un post-partum optimal.<br \/>Je vous aide a ritualiser cette puissante passage gr\u00e2ce au <a href=\"https:\/\/calmastudio.com\/fr\/doula-biarritz\/cercles-calma-mama-tribues\/\">Blessingway<\/a> ou soins <a href=\"https:\/\/calmastudio.com\/fr\/doula-biarritz\/rebozo\/\">Rebozo<\/a>.\u00a0<\/p>\t\t\t\t\t\t\t\t<\/div>\n\t\t\t\t<div class=\"elementor-element elementor-element-6885e57 elementor-align-center left-float-btn sticky-button-prefixstyle elementor-widget elementor-widget-button\" data-id=\"6885e57\" data-element_type=\"widget\" data-e-type=\"widget\" data-widget_type=\"button.default\">\n\t\t\t\t\t\t\t\t\t\t<a class=\"elementor-button elementor-button-link elementor-size-sm\" href=\"\/booking\">\n\t\t\t\t\t\t<span class=\"elementor-button-content-wrapper\">\n\t\t\t\t\t\t\t\t\t<span class=\"elementor-button-text\">R\u00c9SERVEZ VOTRE RENDEZ-VOUS GRATUIT<\/span>\n\t\t\t\t\t<\/span>\n\t\t\t\t\t<\/a>\n\t\t\t\t\t\t\t\t<\/div>\n\t\t\t\t<\/div>\n\t\t\t\t<\/div>\n\t\t\t\t<\/div>\n\t\t<div class=\"elementor-element elementor-element-09817f0 e-con-full e-flex wpr-particle-no wpr-jarallax-no wpr-parallax-no wpr-sticky-section-no wpr-equal-height-no e-con e-parent\" data-id=\"09817f0\" data-element_type=\"container\" data-e-type=\"container\" data-settings=\"{&quot;sticky_logo_enable&quot;:&quot;no&quot;}\">\n\t\t<div class=\"elementor-element elementor-element-5bbf21d e-con-full e-flex wpr-particle-no wpr-jarallax-no wpr-parallax-no wpr-sticky-section-no wpr-equal-height-no e-con e-child\" data-id=\"5bbf21d\" data-element_type=\"container\" data-e-type=\"container\" data-settings=\"{&quot;background_background&quot;:&quot;classic&quot;,&quot;sticky_logo_enable&quot;:&quot;no&quot;}\">\n\t\t\t\t<\/div>\n\t\t\t\t<\/div>\n\t\t<div class=\"elementor-element elementor-element-58793e2 e-flex e-con-boxed wpr-particle-no wpr-jarallax-no wpr-parallax-no wpr-sticky-section-no wpr-equal-height-no e-con e-parent\" data-id=\"58793e2\" data-element_type=\"container\" data-e-type=\"container\" data-settings=\"{&quot;background_background&quot;:&quot;classic&quot;,&quot;sticky_logo_enable&quot;:&quot;no&quot;}\">\n\t\t\t\t\t<div class=\"e-con-inner\">\n\t\t<div class=\"elementor-element elementor-element-4c2c2e1 e-con-full e-flex wpr-particle-no wpr-jarallax-no wpr-parallax-no wpr-sticky-section-no wpr-equal-height-no e-con e-child\" data-id=\"4c2c2e1\" data-element_type=\"container\" data-e-type=\"container\" data-settings=\"{&quot;sticky_logo_enable&quot;:&quot;no&quot;}\">\n\t\t\t\t<div class=\"elementor-element elementor-element-9865d5b sticky-heading-prefixstyle elementor-widget elementor-widget-heading\" data-id=\"9865d5b\" data-element_type=\"widget\" data-e-type=\"widget\" data-widget_type=\"heading.default\">\n\t\t\t\t\t<h5 class=\"elementor-heading-title elementor-size-default\">La sagesse du corps-esprit et\nles besoins de base.<\/h5>\t\t\t\t<\/div>\n\t\t\t\t<div class=\"elementor-element elementor-element-28d5834 elementor-widget elementor-widget-text-editor\" data-id=\"28d5834\" data-element_type=\"widget\" data-e-type=\"widget\" data-widget_type=\"text-editor.default\">\n\t\t\t\t\t\t\t\t\t<p>Voici les sujets de r\u00e9flexion sur votre chemin vers la maternit\u00e9 qui peuvent vous aider \u00e0 faire vos choix.<\/p>\t\t\t\t\t\t\t\t<\/div>\n\t\t\t\t<\/div>\n\t\t\t\t\t<\/div>\n\t\t\t\t<\/div>\n\t\t<div class=\"elementor-element elementor-element-e6527cd e-flex e-con-boxed wpr-particle-no wpr-jarallax-no wpr-parallax-no wpr-sticky-section-no wpr-equal-height-no e-con e-parent\" data-id=\"e6527cd\" data-element_type=\"container\" data-e-type=\"container\" data-settings=\"{&quot;background_background&quot;:&quot;classic&quot;,&quot;sticky_logo_enable&quot;:&quot;no&quot;}\">\n\t\t\t\t\t<div class=\"e-con-inner\">\n\t\t<div class=\"elementor-element elementor-element-b768419 e-con-full e-flex wpr-particle-no wpr-jarallax-no wpr-parallax-no wpr-sticky-section-no wpr-equal-height-no e-con e-child\" data-id=\"b768419\" data-element_type=\"container\" data-e-type=\"container\" data-settings=\"{&quot;background_background&quot;:&quot;classic&quot;,&quot;sticky_logo_enable&quot;:&quot;no&quot;}\">\n\t\t\t\t<div class=\"elementor-element elementor-element-2be31f2 sticky-heading-prefixstyle elementor-widget elementor-widget-heading\" data-id=\"2be31f2\" data-element_type=\"widget\" data-e-type=\"widget\" data-widget_type=\"heading.default\">\n\t\t\t\t\t<h4 class=\"elementor-heading-title elementor-size-default\">Devenir m\u00e8re<\/h4>\t\t\t\t<\/div>\n\t\t\t\t<div class=\"elementor-element elementor-element-53106d2 elementor-widget elementor-widget-text-editor\" data-id=\"53106d2\" data-element_type=\"widget\" data-e-type=\"widget\" data-widget_type=\"text-editor.default\">\n\t\t\t\t\t\t\t\t\t<p>Comprendre les besoins de base d&#8217;une femme enceinte, la physiologie de la naissance, r\u00e9fl\u00e9chir vos id\u00e9es re\u00e7ues, vos doutes et d\u00e9velopper votre confiance.\u00a0<\/p>\t\t\t\t\t\t\t\t<\/div>\n\t\t\t\t<\/div>\n\t\t<div class=\"elementor-element elementor-element-9d5674f e-con-full e-flex wpr-particle-no wpr-jarallax-no wpr-parallax-no wpr-sticky-section-no wpr-equal-height-no e-con e-child\" data-id=\"9d5674f\" data-element_type=\"container\" data-e-type=\"container\" data-settings=\"{&quot;background_background&quot;:&quot;classic&quot;,&quot;sticky_logo_enable&quot;:&quot;no&quot;}\">\n\t\t\t\t<div class=\"elementor-element elementor-element-ca62927 sticky-heading-prefixstyle elementor-widget elementor-widget-heading\" data-id=\"ca62927\" data-element_type=\"widget\" data-e-type=\"widget\" data-widget_type=\"heading.default\">\n\t\t\t\t\t<h4 class=\"elementor-heading-title elementor-size-default\">Faire la paix avec la douleur<\/h4>\t\t\t\t<\/div>\n\t\t\t\t<div class=\"elementor-element elementor-element-7aa5b21 elementor-widget elementor-widget-text-editor\" data-id=\"7aa5b21\" data-element_type=\"widget\" data-e-type=\"widget\" data-widget_type=\"text-editor.default\">\n\t\t\t\t\t\t\t\t\t<p>Comprendre le r\u00f4le de l&#8217;intensit\u00e9 des sensations impliqu\u00e9es dans l&#8217;accouchement, les mani\u00e8res alternatives de les accepter et de les vivre.\u00a0<\/p>\t\t\t\t\t\t\t\t<\/div>\n\t\t\t\t<\/div>\n\t\t<div class=\"elementor-element elementor-element-bb0b76a e-con-full e-flex wpr-particle-no wpr-jarallax-no wpr-parallax-no wpr-sticky-section-no wpr-equal-height-no e-con e-child\" data-id=\"bb0b76a\" data-element_type=\"container\" data-e-type=\"container\" data-settings=\"{&quot;background_background&quot;:&quot;classic&quot;,&quot;sticky_logo_enable&quot;:&quot;no&quot;}\">\n\t\t\t\t<div class=\"elementor-element elementor-element-a82c4da sticky-heading-prefixstyle elementor-widget elementor-widget-heading\" data-id=\"a82c4da\" data-element_type=\"widget\" data-e-type=\"widget\" data-widget_type=\"heading.default\">\n\t\t\t\t\t<h4 class=\"elementor-heading-title elementor-size-default\">Alli\u00e9s de naissance : mouvement, respiration et conscience du corps<\/h4>\t\t\t\t<\/div>\n\t\t\t\t<div class=\"elementor-element elementor-element-8096203 elementor-widget elementor-widget-text-editor\" data-id=\"8096203\" data-element_type=\"widget\" data-e-type=\"widget\" data-widget_type=\"text-editor.default\">\n\t\t\t\t\t\t\t\t\t<p>Un travail corporel pratique sur le d\u00e9veloppement de la conscience de la connexion p\u00e9rin\u00e9e &#8211; gorge &#8211; langue, exploration de la puissance de vocalisation, respiration et des mouvementes libres sur le ballon suisse.<\/p>\t\t\t\t\t\t\t\t<\/div>\n\t\t\t\t<\/div>\n\t\t\t\t\t<\/div>\n\t\t\t\t<\/div>\n\t\t<div class=\"elementor-element elementor-element-2917e27 e-flex e-con-boxed wpr-particle-no wpr-jarallax-no wpr-parallax-no wpr-sticky-section-no wpr-equal-height-no e-con e-parent\" data-id=\"2917e27\" data-element_type=\"container\" data-e-type=\"container\" data-settings=\"{&quot;background_background&quot;:&quot;classic&quot;,&quot;sticky_logo_enable&quot;:&quot;no&quot;}\">\n\t\t\t\t\t<div class=\"e-con-inner\">\n\t\t<div class=\"elementor-element elementor-element-577f2ce e-con-full e-flex wpr-particle-no wpr-jarallax-no wpr-parallax-no wpr-sticky-section-no wpr-equal-height-no e-con e-child\" data-id=\"577f2ce\" data-element_type=\"container\" data-e-type=\"container\" data-settings=\"{&quot;background_background&quot;:&quot;classic&quot;,&quot;sticky_logo_enable&quot;:&quot;no&quot;}\">\n\t\t\t\t<div class=\"elementor-element elementor-element-2245539 sticky-heading-prefixstyle elementor-widget elementor-widget-heading\" data-id=\"2245539\" data-element_type=\"widget\" data-e-type=\"widget\" data-widget_type=\"heading.default\">\n\t\t\t\t\t<h4 class=\"elementor-heading-title elementor-size-default\">Le r\u00f4le du partenaire<\/h4>\t\t\t\t<\/div>\n\t\t\t\t<div class=\"elementor-element elementor-element-d938ce4 elementor-widget elementor-widget-text-editor\" data-id=\"d938ce4\" data-element_type=\"widget\" data-e-type=\"widget\" data-widget_type=\"text-editor.default\">\n\t\t\t\t\t\t\t\t\t<p>Comprendre les besoins de base de la femme qui accouche. Conseils pratiques pour qu&#8217;un partenaire puisse offrir un soutien pendant l&#8217;accouchement, juste apr\u00e8s et pendant le post-partum.<\/p>\t\t\t\t\t\t\t\t<\/div>\n\t\t\t\t<\/div>\n\t\t<div class=\"elementor-element elementor-element-4d01d35 e-con-full e-flex wpr-particle-no wpr-jarallax-no wpr-parallax-no wpr-sticky-section-no wpr-equal-height-no e-con e-child\" data-id=\"4d01d35\" data-element_type=\"container\" data-e-type=\"container\" data-settings=\"{&quot;background_background&quot;:&quot;classic&quot;,&quot;sticky_logo_enable&quot;:&quot;no&quot;}\">\n\t\t\t\t<div class=\"elementor-element elementor-element-9f07af5 sticky-heading-prefixstyle elementor-widget elementor-widget-heading\" data-id=\"9f07af5\" data-element_type=\"widget\" data-e-type=\"widget\" data-widget_type=\"heading.default\">\n\t\t\t\t\t<h4 class=\"elementor-heading-title elementor-size-default\">Le quatri\u00e8me trimestre<\/h4>\t\t\t\t<\/div>\n\t\t\t\t<div class=\"elementor-element elementor-element-d888ff7 elementor-widget elementor-widget-text-editor\" data-id=\"d888ff7\" data-element_type=\"widget\" data-e-type=\"widget\" data-widget_type=\"text-editor.default\">\n\t\t\t\t\t\t\t\t\t<p>Comprendre les besoins de base de tous les nouveau-n\u00e9s : le b\u00e9b\u00e9, la m\u00e8re, le p\u00e8re et la famille pour mieux comprendre la r\u00e9alit\u00e9 de postpartum et mieux vivre apr\u00e8s l\u2019arriv\u00e9e du b\u00e9b\u00e9.\u00a0<\/p>\t\t\t\t\t\t\t\t<\/div>\n\t\t\t\t<\/div>\n\t\t<div class=\"elementor-element elementor-element-d833847 e-con-full e-flex wpr-particle-no wpr-jarallax-no wpr-parallax-no wpr-sticky-section-no wpr-equal-height-no e-con e-child\" data-id=\"d833847\" data-element_type=\"container\" data-e-type=\"container\" data-settings=\"{&quot;background_background&quot;:&quot;classic&quot;,&quot;sticky_logo_enable&quot;:&quot;no&quot;}\">\n\t\t\t\t<div class=\"elementor-element elementor-element-60b26fa sticky-heading-prefixstyle elementor-widget elementor-widget-heading\" data-id=\"60b26fa\" data-element_type=\"widget\" data-e-type=\"widget\" data-widget_type=\"heading.default\">\n\t\t\t\t\t<h4 class=\"elementor-heading-title elementor-size-default\">Baby love<\/h4>\t\t\t\t<\/div>\n\t\t\t\t<div class=\"elementor-element elementor-element-26fed09 elementor-widget elementor-widget-text-editor\" data-id=\"26fed09\" data-element_type=\"widget\" data-e-type=\"widget\" data-widget_type=\"text-editor.default\">\n\t\t\t\t\t\t\t\t\t<p>Comprendre les besoins de b\u00e9b\u00e9, ses rythmes et son sommeil. Pr\u00e9sentation des notions de portage, co-dodo, massage b\u00e9b\u00e9 et bains th\u00e9rapeutiques et envelopp\u00e9s adapt\u00e9s au quatri\u00e8me trimestre.<\/p>\t\t\t\t\t\t\t\t<\/div>\n\t\t\t\t<\/div>\n\t\t\t\t\t<\/div>\n\t\t\t\t<\/div>\n\t\t<div class=\"elementor-element elementor-element-b79d622 e-flex e-con-boxed wpr-particle-no wpr-jarallax-no wpr-parallax-no wpr-sticky-section-no wpr-equal-height-no e-con e-parent\" data-id=\"b79d622\" data-element_type=\"container\" data-e-type=\"container\" data-settings=\"{&quot;sticky_logo_enable&quot;:&quot;no&quot;}\">\n\t\t\t\t\t<div class=\"e-con-inner\">\n\t\t\t\t<div class=\"elementor-element elementor-element-72b3602 elementor-align-center left-float-btn sticky-button-prefixstyle elementor-widget elementor-widget-button\" data-id=\"72b3602\" data-element_type=\"widget\" data-e-type=\"widget\" data-widget_type=\"button.default\">\n\t\t\t\t\t\t\t\t\t\t<a class=\"elementor-button elementor-button-link elementor-size-sm\" href=\"\/booking\">\n\t\t\t\t\t\t<span class=\"elementor-button-content-wrapper\">\n\t\t\t\t\t\t\t\t\t<span class=\"elementor-button-text\">R\u00c9SERVEZ VOTRE RENDEZ-VOUS GRATUIT<\/span>\n\t\t\t\t\t<\/span>\n\t\t\t\t\t<\/a>\n\t\t\t\t\t\t\t\t<\/div>\n\t\t\t\t\t<\/div>\n\t\t\t\t<\/div>\n\t\t\t\t<\/div>\n\t\t","protected":false},"excerpt":{"rendered":"<p>ACCOMPAGNEMENT P\u00c9RINATAL\u200b En tant que doula, je vous accompagne dans votre cheminement vers la maternit\u00e9 en vous apportant un soutien \u00e9motionnel, pratique, physique, informationnel et de couple, sans jugement et en plein confidentialit\u00e9. L&#8217;accompagnement que je vous propose est adapt\u00e9 \u00e0 vos besoins et attentes personnelles, \u00e0 base desquels nous d\u00e9finissons nos rencontres.\u00a0 Je vous invite \u00e0 r\u00e9fl\u00e9chir \u00e0 la physiologie de la naissance, aux besoins de base et \u00e0 un travail de preparation corporel pour gagner en confiance, faire vos propres choix \u00e9clair\u00e9s et vous pr\u00e9parer \u00e0 naissance et un post-partum optimal.Je vous aide a ritualiser cette puissante passage gr\u00e2ce au Blessingway ou soins Rebozo.\u00a0 R\u00c9SERVEZ VOTRE RENDEZ-VOUS GRATUIT La sagesse du corps-esprit et les besoins de base. Voici les sujets de r\u00e9flexion sur votre chemin vers la maternit\u00e9 qui peuvent vous aider \u00e0 faire vos choix. Devenir m\u00e8re Comprendre les besoins de base d&#8217;une femme enceinte, la physiologie de la naissance, r\u00e9fl\u00e9chir vos id\u00e9es re\u00e7ues, vos doutes et d\u00e9velopper votre confiance.\u00a0 Faire la paix avec la douleur Comprendre le r\u00f4le de l&#8217;intensit\u00e9 des sensations impliqu\u00e9es dans l&#8217;accouchement, les mani\u00e8res alternatives de les accepter et de les vivre.\u00a0 Alli\u00e9s de naissance : mouvement, respiration et conscience du corps Un travail corporel pratique sur le d\u00e9veloppement de la conscience de la connexion p\u00e9rin\u00e9e &#8211; gorge &#8211; langue, exploration de la puissance de vocalisation, respiration et des mouvementes libres sur le ballon suisse. Le r\u00f4le du partenaire Comprendre les besoins de base de la femme qui accouche. Conseils pratiques pour qu&#8217;un partenaire puisse offrir un soutien pendant l&#8217;accouchement, juste apr\u00e8s et pendant le post-partum. Le quatri\u00e8me trimestre Comprendre les besoins de base de tous les nouveau-n\u00e9s : le b\u00e9b\u00e9, la m\u00e8re, le p\u00e8re et la famille pour mieux comprendre la r\u00e9alit\u00e9 de postpartum et mieux vivre apr\u00e8s l\u2019arriv\u00e9e du b\u00e9b\u00e9.\u00a0 Baby love Comprendre les besoins de b\u00e9b\u00e9, ses rythmes et son sommeil. Pr\u00e9sentation des notions de portage, co-dodo, massage b\u00e9b\u00e9 et bains th\u00e9rapeutiques et envelopp\u00e9s adapt\u00e9s au quatri\u00e8me trimestre. R\u00c9SERVEZ VOTRE RENDEZ-VOUS GRATUIT<\/p>\n","protected":false},"author":2,"featured_media":0,"parent":0,"menu_order":0,"comment_status":"closed","ping_status":"closed","template":"elementor_header_footer","meta":{"om_disable_all_campaigns":false,"_monsterinsights_skip_tracking":false,"_monsterinsights_sitenote_active":false,"_monsterinsights_sitenote_note":"","_monsterinsights_sitenote_category":0,"_uf_show_specific_survey":0,"_uf_disable_surveys":false,"footnotes":""},"class_list":["post-7005","page","type-page","status-publish","hentry"],"aioseo_notices":[],"_links":{"self":[{"href":"https:\/\/calmastudio.com\/fr\/wp-json\/wp\/v2\/pages\/7005","targetHints":{"allow":["GET"]}}],"collection":[{"href":"https:\/\/calmastudio.com\/fr\/wp-json\/wp\/v2\/pages"}],"about":[{"href":"https:\/\/calmastudio.com\/fr\/wp-json\/wp\/v2\/types\/page"}],"author":[{"embeddable":true,"href":"https:\/\/calmastudio.com\/fr\/wp-json\/wp\/v2\/users\/2"}],"replies":[{"embeddable":true,"href":"https:\/\/calmastudio.com\/fr\/wp-json\/wp\/v2\/comments?post=7005"}],"version-history":[{"count":263,"href":"https:\/\/calmastudio.com\/fr\/wp-json\/wp\/v2\/pages\/7005\/revisions"}],"predecessor-version":[{"id":18607,"href":"https:\/\/calmastudio.com\/fr\/wp-json\/wp\/v2\/pages\/7005\/revisions\/18607"}],"wp:attachment":[{"href":"https:\/\/calmastudio.com\/fr\/wp-json\/wp\/v2\/media?parent=7005"}],"curies":[{"name":"wp","href":"https:\/\/api.w.org\/{rel}","templated":true}]}}