{"id":6761,"date":"2023-01-23T14:31:50","date_gmt":"2023-01-23T13:31:50","guid":{"rendered":"https:\/\/calmastudio.com\/?page_id=6761"},"modified":"2026-04-13T10:13:57","modified_gmt":"2026-04-13T08:13:57","slug":"rebozo","status":"publish","type":"page","link":"https:\/\/calmastudio.com\/fr\/doula-biarritz\/rebozo\/","title":{"rendered":"Rebozo"},"content":{"rendered":"\t\t<div data-elementor-type=\"wp-page\" data-elementor-id=\"6761\" class=\"elementor elementor-6761\">\n\t\t\t\t<div class=\"elementor-element elementor-element-5f45e56 e-flex e-con-boxed wpr-particle-no wpr-jarallax-no wpr-parallax-no wpr-sticky-section-no wpr-equal-height-no e-con e-parent\" data-id=\"5f45e56\" data-element_type=\"container\" data-e-type=\"container\" data-settings=\"{&quot;background_background&quot;:&quot;classic&quot;}\">\n\t\t\t\t\t<div class=\"e-con-inner\">\n\t\t<div class=\"elementor-element elementor-element-7ce061c e-con-full e-flex wpr-particle-no wpr-jarallax-no wpr-parallax-no wpr-sticky-section-no wpr-equal-height-no e-con e-child\" data-id=\"7ce061c\" data-element_type=\"container\" data-e-type=\"container\">\n\t\t\t\t<\/div>\n\t\t<div class=\"elementor-element elementor-element-1b084d8 e-flex e-con-boxed wpr-particle-no wpr-jarallax-no wpr-parallax-no wpr-sticky-section-no wpr-equal-height-no e-con e-child\" data-id=\"1b084d8\" data-element_type=\"container\" data-e-type=\"container\">\n\t\t\t\t\t<div class=\"e-con-inner\">\n\t\t\t\t<div class=\"elementor-element elementor-element-5538b28 elementor-widget elementor-widget-heading\" data-id=\"5538b28\" data-element_type=\"widget\" data-e-type=\"widget\" data-widget_type=\"heading.default\">\n\t\t\t\t\t<h5 class=\"elementor-heading-title elementor-size-default\">REBOZO<\/h5>\t\t\t\t<\/div>\n\t\t<div class=\"elementor-element elementor-element-4abaa16 e-con-full e-flex wpr-particle-no wpr-jarallax-no wpr-parallax-no wpr-sticky-section-no wpr-equal-height-no e-con e-child\" data-id=\"4abaa16\" data-element_type=\"container\" data-e-type=\"container\">\n\t\t<div class=\"elementor-element elementor-element-8378c31 e-con-full e-flex wpr-particle-no wpr-jarallax-no wpr-parallax-no wpr-sticky-section-no wpr-equal-height-no e-con e-child\" data-id=\"8378c31\" data-element_type=\"container\" data-e-type=\"container\">\n\t\t\t\t<div class=\"elementor-element elementor-element-31df927 elementor-widget elementor-widget-heading\" data-id=\"31df927\" data-element_type=\"widget\" data-e-type=\"widget\" data-widget_type=\"heading.default\">\n\t\t\t\t\t<h3 class=\"elementor-heading-title elementor-size-default\">Qu'est-ce que le REBOZO ?<\/h3>\t\t\t\t<\/div>\n\t\t\t\t<div class=\"elementor-element elementor-element-a703125 elementor-widget elementor-widget-text-editor\" data-id=\"a703125\" data-element_type=\"widget\" data-e-type=\"widget\" data-widget_type=\"text-editor.default\">\n\t\t\t\t\t\t\t\t\t<p>Le Rebozo est un foulard traditionnel mexicain utilis\u00e9 par les sages-femmes et les doulas pour des soins adapt\u00e9s aux diff\u00e9rentes phases de la vie de la femme.\u00a0<\/p><p>Souvent utilis\u00e9 sur le chemin de la maternit\u00e9, il offre \u00e9galement des possibilit\u00e9s de soigner, r\u00e9\u00e9quilibrer et accompagner toutes les femmes, de tout \u00e2ge et chaque phase de vie.<\/p><p>C&rsquo;est un bel outil qui apporte des qualit\u00e9s th\u00e9rapeutiques de travail cellulaire profond du corps, de relaxation, de rel\u00e2chement par enveloppements, bercements et serrage.\u00a0<\/p>\t\t\t\t\t\t\t\t<\/div>\n\t\t\t\t<div class=\"elementor-element elementor-element-c72d24e elementor-align-left left-float-btn elementor-widget__width-initial elementor-widget elementor-widget-button\" data-id=\"c72d24e\" data-element_type=\"widget\" data-e-type=\"widget\" data-widget_type=\"button.default\">\n\t\t\t\t\t\t\t\t\t\t<a class=\"elementor-button elementor-button-link elementor-size-sm\" href=\"\/booking\">\n\t\t\t\t\t\t<span class=\"elementor-button-content-wrapper\">\n\t\t\t\t\t\t\t\t\t<span class=\"elementor-button-text\">R\u00c9SERVEZ VOTRE SOIN REBOZO INDIVIDUEL<\/span>\n\t\t\t\t\t<\/span>\n\t\t\t\t\t<\/a>\n\t\t\t\t\t\t\t\t<\/div>\n\t\t\t\t<div class=\"elementor-element elementor-element-1567942 left-float-btn elementor-widget__width-auto elementor-widget elementor-widget-button\" data-id=\"1567942\" data-element_type=\"widget\" data-e-type=\"widget\" data-widget_type=\"button.default\">\n\t\t\t\t\t\t\t\t\t\t<a class=\"elementor-button elementor-button-link elementor-size-sm\" href=\"\/booking\/reservation-cours-mama-belharra\/\">\n\t\t\t\t\t\t<span class=\"elementor-button-content-wrapper\">\n\t\t\t\t\t\t\t\t\t<span class=\"elementor-button-text\">R\u00c9SERVER VOTRE ATELIER REBOZO COLLECTIF<\/span>\n\t\t\t\t\t<\/span>\n\t\t\t\t\t<\/a>\n\t\t\t\t\t\t\t\t<\/div>\n\t\t\t\t<\/div>\n\t\t<div class=\"elementor-element elementor-element-23e76da e-con-full e-flex wpr-particle-no wpr-jarallax-no wpr-parallax-no wpr-sticky-section-no wpr-equal-height-no e-con e-child\" data-id=\"23e76da\" data-element_type=\"container\" data-e-type=\"container\">\n\t\t\t\t<div class=\"elementor-element elementor-element-039153c elementor-widget elementor-widget-heading\" data-id=\"039153c\" data-element_type=\"widget\" data-e-type=\"widget\" data-widget_type=\"heading.default\">\n\t\t\t\t\t<h3 class=\"elementor-heading-title elementor-size-default\">Comment un soin Rebozo peut-il vous aider ?<\/h3>\t\t\t\t<\/div>\n\t\t\t\t<div class=\"elementor-element elementor-element-31cf430 elementor-widget elementor-widget-text-editor\" data-id=\"31cf430\" data-element_type=\"widget\" data-e-type=\"widget\" data-widget_type=\"text-editor.default\">\n\t\t\t\t\t\t\t\t\t<p>Soins et Rituels Rebozo vous aident \u00e0 honorer les \u00e9tapes de vie franchies, \u00e0 r\u00e9pondre \u00e0 vos forces mais aussi \u00e0 votre vuln\u00e9rabilit\u00e9.<\/p><p>Rebozo cr\u00e9e un espace de partage bienveillant, de complicit\u00e9 et d&rsquo;accueil tel que vous \u00eates sans place pour le jugement.<\/p><p>Rebozo permet de prendre soin des femmes avec une bienveillance et d&rsquo;accompagner leurs besoins par un moment o\u00f9 elles peuvent s&rsquo;autoriser \u00e0 ralentir, se ressourcer et se reconnecter.<\/p>\t\t\t\t\t\t\t\t<\/div>\n\t\t\t\t<\/div>\n\t\t\t\t<\/div>\n\t\t\t\t\t<\/div>\n\t\t\t\t<\/div>\n\t\t<div class=\"elementor-element elementor-element-6ce80f8 e-con-full e-flex wpr-particle-no wpr-jarallax-no wpr-parallax-no wpr-sticky-section-no wpr-equal-height-no e-con e-child\" data-id=\"6ce80f8\" data-element_type=\"container\" data-e-type=\"container\">\n\t\t\t\t<\/div>\n\t\t\t\t\t<\/div>\n\t\t\t\t<\/div>\n\t\t<div class=\"elementor-element elementor-element-b08598c e-flex e-con-boxed wpr-particle-no wpr-jarallax-no wpr-parallax-no wpr-sticky-section-no wpr-equal-height-no e-con e-parent\" data-id=\"b08598c\" data-element_type=\"container\" data-e-type=\"container\" data-settings=\"{&quot;background_background&quot;:&quot;classic&quot;}\">\n\t\t\t\t\t<div class=\"e-con-inner\">\n\t\t<div class=\"elementor-element elementor-element-b7077ac e-con-full e-flex wpr-particle-no wpr-jarallax-no wpr-parallax-no wpr-sticky-section-no wpr-equal-height-no e-con e-child\" data-id=\"b7077ac\" data-element_type=\"container\" data-e-type=\"container\">\n\t\t\t\t<\/div>\n\t\t<div class=\"elementor-element elementor-element-4ae0c48 e-con-full e-flex wpr-particle-no wpr-jarallax-no wpr-parallax-no wpr-sticky-section-no wpr-equal-height-no e-con e-child\" data-id=\"4ae0c48\" data-element_type=\"container\" data-e-type=\"container\">\n\t\t\t\t<\/div>\n\t\t\t\t\t<\/div>\n\t\t\t\t<\/div>\n\t\t<div class=\"elementor-element elementor-element-a7234fe e-flex e-con-boxed wpr-particle-no wpr-jarallax-no wpr-parallax-no wpr-sticky-section-no wpr-equal-height-no e-con e-parent\" data-id=\"a7234fe\" data-element_type=\"container\" data-e-type=\"container\" data-settings=\"{&quot;background_background&quot;:&quot;classic&quot;}\">\n\t\t\t\t\t<div class=\"e-con-inner\">\n\t\t<div class=\"elementor-element elementor-element-cdf374d e-con-full e-flex wpr-particle-no wpr-jarallax-no wpr-parallax-no wpr-sticky-section-no wpr-equal-height-no e-con e-child\" data-id=\"cdf374d\" data-element_type=\"container\" data-e-type=\"container\">\n\t\t<div class=\"elementor-element elementor-element-6e0ad9e e-con-full e-flex wpr-particle-no wpr-jarallax-no wpr-parallax-no wpr-sticky-section-no wpr-equal-height-no e-con e-child\" data-id=\"6e0ad9e\" data-element_type=\"container\" data-e-type=\"container\">\n\t\t<div class=\"elementor-element elementor-element-94c5dbe e-con-full e-flex wpr-particle-no wpr-jarallax-no wpr-parallax-no wpr-sticky-section-no wpr-equal-height-no e-con e-child\" data-id=\"94c5dbe\" data-element_type=\"container\" data-e-type=\"container\" data-settings=\"{&quot;background_background&quot;:&quot;classic&quot;}\">\n\t\t\t\t<div class=\"elementor-element elementor-element-01a6076 elementor-widget elementor-widget-heading\" data-id=\"01a6076\" data-element_type=\"widget\" data-e-type=\"widget\" data-widget_type=\"heading.default\">\n\t\t\t\t\t<h3 class=\"elementor-heading-title elementor-size-default\">Rituel complet\n(3h \u2013 Deux doulas)<\/h3>\t\t\t\t<\/div>\n\t\t\t\t<div class=\"elementor-element elementor-element-35e8ce1 elementor-widget elementor-widget-text-editor\" data-id=\"35e8ce1\" data-element_type=\"widget\" data-e-type=\"widget\" data-widget_type=\"text-editor.default\">\n\t\t\t\t\t\t\t\t\t<p>Ce soin honore une femme en vous, ch\u00e9rit votre corps et soutient tout passage significatif de votre vie.<\/p><p>Il est souvent utilis\u00e9 comme une \u00e9tape d\u2019ancrage profond lors du post-partum, des moments d\u00e9cisifs de la vie ou lors du passage \u00e0 la m\u00e9nopause.\u00a0<\/p><p>Accompagn\u00e9 de deux doulas, vous serez invit\u00e9 dans un espace de partage, de lib\u00e9ration, d&rsquo;introspection, de reconnexion \u00e0 soi et de relaxation profonde.<\/p><p>Comment la magie op\u00e8re-t-elle ?\u00a0<\/p><ul><li>un cercle d&rsquo;ouverture, une pose d&rsquo;intention autour d&rsquo;une tisane r\u00e9chauffante<\/li><li>un massage et enveloppement aux huiles chaudes \u00e0 quatre mains<\/li><li>un bain de vapeur (hammam) ou un bain de p\u00e9tales<\/li><li>serrage Rebozo en 7 points\u00a0<\/li><li>un cercle de cl\u00f4ture, de partage.<\/li><\/ul>\t\t\t\t\t\t\t\t<\/div>\n\t\t\t\t<\/div>\n\t\t<div class=\"elementor-element elementor-element-548ec4d e-con-full e-flex wpr-particle-no wpr-jarallax-no wpr-parallax-no wpr-sticky-section-no wpr-equal-height-no e-con e-child\" data-id=\"548ec4d\" data-element_type=\"container\" data-e-type=\"container\" data-settings=\"{&quot;background_background&quot;:&quot;classic&quot;}\">\n\t\t\t\t<div class=\"elementor-element elementor-element-16dfdd6 elementor-widget elementor-widget-heading\" data-id=\"16dfdd6\" data-element_type=\"widget\" data-e-type=\"widget\" data-widget_type=\"heading.default\">\n\t\t\t\t\t<h3 class=\"elementor-heading-title elementor-size-default\">Soin de fermeture\n(1h 30min)<\/h3>\t\t\t\t<\/div>\n\t\t\t\t<div class=\"elementor-element elementor-element-f8fe986 elementor-widget elementor-widget-text-editor\" data-id=\"f8fe986\" data-element_type=\"widget\" data-e-type=\"widget\" data-widget_type=\"text-editor.default\">\n\t\t\t\t\t\t\t\t\t<p>Ce soin vous honore et vous ancre en tant que femme tout en aidant \u00e0 marquer un passage significatif dans la vie.\u00a0<\/p><p>Il est souvent utilis\u00e9 apr\u00e8s l&rsquo;accouchement, id\u00e9alement apr\u00e8s l&rsquo;arr\u00eat ou diminution des saignements.\u00a0<\/p><p>Invit\u00e9 dans un espace cocooning, vous serez apais\u00e9, berc\u00e9 et envelopp\u00e9 ainsi que resserr\u00e9 en 4 points du corps pour vous aider \u00e0 vous aligner, vous ancrer et vous d\u00e9tendre profond\u00e9ment.\u00a0<\/p><p>Comment la magie op\u00e8re-t-elle ?<\/p><ul><li>un cercle d&rsquo;ouverture, de partage et de pose d&rsquo;intention<\/li><li>un massage de la t\u00eate\u00a0<\/li><li>bercements, enveloppements et \u00e9tirements avec Rebozo<\/li><li>serrage Rebozo en 4 points<\/li><li>un cercle de cl\u00f4ture, du partage autour d&rsquo;une tisane apaisante.<\/li><\/ul>\t\t\t\t\t\t\t\t<\/div>\n\t\t\t\t<\/div>\n\t\t\t\t<\/div>\n\t\t<div class=\"elementor-element elementor-element-b569c8b e-con-full e-flex wpr-particle-no wpr-jarallax-no wpr-parallax-no wpr-sticky-section-no wpr-equal-height-no e-con e-child\" data-id=\"b569c8b\" data-element_type=\"container\" data-e-type=\"container\">\n\t\t<div class=\"elementor-element elementor-element-b8811df e-con-full e-flex wpr-particle-no wpr-jarallax-no wpr-parallax-no wpr-sticky-section-no wpr-equal-height-no e-con e-child\" data-id=\"b8811df\" data-element_type=\"container\" data-e-type=\"container\" data-settings=\"{&quot;background_background&quot;:&quot;classic&quot;}\">\n\t\t\t\t<div class=\"elementor-element elementor-element-c6c4af6 elementor-widget elementor-widget-heading\" data-id=\"c6c4af6\" data-element_type=\"widget\" data-e-type=\"widget\" data-widget_type=\"heading.default\">\n\t\t\t\t\t<h3 class=\"elementor-heading-title elementor-size-default\">Soin d'ouverture (Pr\u00e9natal)\n(1h 30min)<\/h3>\t\t\t\t<\/div>\n\t\t\t\t<div class=\"elementor-element elementor-element-c95ec9b elementor-widget elementor-widget-text-editor\" data-id=\"c95ec9b\" data-element_type=\"widget\" data-e-type=\"widget\" data-widget_type=\"text-editor.default\">\n\t\t\t\t\t\t\t\t\t<p>Ce soin peut \u00eatre effectu\u00e9 \u00e0 tout moment de votre grossesse pour pr\u00e9parer et ouvrir symboliquement votre esprit et votre corps \u00e0 la naissance et \u00e0 la maternit\u00e9.\u00a0<\/p><p>Vous serez invit\u00e9 dans l&rsquo;espace cocooning de subtils bercements, d&rsquo;enveloppements et d&rsquo;\u00e9tirements doux qui att\u00e9nueront les \u00e9ventuelles tensions et vous emm\u00e8neront dans un voyage relaxant de connexion avec vous-m\u00eame et avec votre b\u00e9b\u00e9.<\/p><p>Comment la magie op\u00e8re-t-elle ?<\/p><ul><li>un cercle d&rsquo;ouverture, de partage et de pose d&rsquo;intention<\/li><li>\u00e9tirements, enveloppements et ouverture avec Rebozo<\/li><li>un cercle de cl\u00f4ture, de partage autour d&rsquo;une tisane apaisante.<\/li><\/ul>\t\t\t\t\t\t\t\t<\/div>\n\t\t\t\t<\/div>\n\t\t<div class=\"elementor-element elementor-element-7bcd74c e-con-full e-flex wpr-particle-no wpr-jarallax-no wpr-parallax-no wpr-sticky-section-no wpr-equal-height-no e-con e-child\" data-id=\"7bcd74c\" data-element_type=\"container\" data-e-type=\"container\" data-settings=\"{&quot;background_background&quot;:&quot;classic&quot;}\">\n\t\t\t\t<div class=\"elementor-element elementor-element-25061e9 elementor-widget elementor-widget-heading\" data-id=\"25061e9\" data-element_type=\"widget\" data-e-type=\"widget\" data-widget_type=\"heading.default\">\n\t\t\t\t\t<h3 class=\"elementor-heading-title elementor-size-default\">Serrage du Bassin (Postnatal)\n(1h)<\/h3>\t\t\t\t<\/div>\n\t\t\t\t<div class=\"elementor-element elementor-element-a533080 elementor-widget elementor-widget-text-editor\" data-id=\"a533080\" data-element_type=\"widget\" data-e-type=\"widget\" data-widget_type=\"text-editor.default\">\n\t\t\t\t\t\t\t\t\t<p>Ce soin post-partum peut \u00eatre propos\u00e9 imm\u00e9diatement apr\u00e8s l&rsquo;accouchement pour soulager la zone de la hanche et du bas du dos.\u00a0<\/p><p>Il est associ\u00e9 \u00e0 un massage de la t\u00eate et des pieds pour materner la m\u00e8re qui est en vous, vous aider \u00e0 vous d\u00e9tendre et \u00e0 augmenter votre taux d&rsquo;ocytocine.<\/p><p>Ce soin vous donne une opportunit\u00e9 de partager votre r\u00e9cit de naissance.\u00a0<\/p><p>Comment la magie op\u00e8re-t-elle ?\u00a0<\/p><ul><li>un cercle d&rsquo;ouverture, r\u00e9cit de naissance\u00a0<\/li><li>massage cr\u00e2nien<\/li><li>serrage du bassin avec Rebozo et baton\u00a0<\/li><li>massage des pieds<\/li><li>un cercle de cl\u00f4ture, de partage autour d&rsquo;une tisane apaisante.<\/li><\/ul>\t\t\t\t\t\t\t\t<\/div>\n\t\t\t\t<\/div>\n\t\t\t\t<\/div>\n\t\t\t\t<\/div>\n\t\t\t\t\t<\/div>\n\t\t\t\t<\/div>\n\t\t\t\t<\/div>\n\t\t\n    <div class=\"xs_social_share_widget xs_share_url after_content \t\tmain_content  wslu-style-1 wslu-share-box-shaped wslu-fill-colored wslu-none wslu-share-horizontal wslu-theme-font-no wslu-main_content\">\n\n\t\t\n        <ul>\n\t\t\t        <\/ul>\n    <\/div> \n","protected":false},"excerpt":{"rendered":"<p>REBOZO Qu&rsquo;est-ce que le REBOZO ? Le Rebozo est un foulard traditionnel mexicain utilis\u00e9 par les sages-femmes et les doulas pour des soins adapt\u00e9s aux diff\u00e9rentes phases de la vie de la femme.\u00a0 Souvent utilis\u00e9 sur le chemin de la maternit\u00e9, il offre \u00e9galement des possibilit\u00e9s de soigner, r\u00e9\u00e9quilibrer et accompagner toutes les femmes, de tout \u00e2ge et chaque phase de vie. C&rsquo;est un bel outil qui apporte des qualit\u00e9s th\u00e9rapeutiques de travail cellulaire profond du corps, de relaxation, de rel\u00e2chement par enveloppements, bercements et serrage.\u00a0 R\u00c9SERVEZ VOTRE SOIN REBOZO INDIVIDUEL R\u00c9SERVER VOTRE ATELIER REBOZO COLLECTIF Comment un soin Rebozo peut-il vous aider ? Soins et Rituels Rebozo vous aident \u00e0 honorer les \u00e9tapes de vie franchies, \u00e0 r\u00e9pondre \u00e0 vos forces mais aussi \u00e0 votre vuln\u00e9rabilit\u00e9. Rebozo cr\u00e9e un espace de partage bienveillant, de complicit\u00e9 et d&rsquo;accueil tel que vous \u00eates sans place pour le jugement. Rebozo permet de prendre soin des femmes avec une bienveillance et d&rsquo;accompagner leurs besoins par un moment o\u00f9 elles peuvent s&rsquo;autoriser \u00e0 ralentir, se ressourcer et se reconnecter. Rituel complet (3h \u2013 Deux doulas) Ce soin honore une femme en vous, ch\u00e9rit votre corps et soutient tout passage significatif de votre vie. Il est souvent utilis\u00e9 comme une \u00e9tape d\u2019ancrage profond lors du post-partum, des moments d\u00e9cisifs de la vie ou lors du passage \u00e0 la m\u00e9nopause.\u00a0 Accompagn\u00e9 de deux doulas, vous serez invit\u00e9 dans un espace de partage, de lib\u00e9ration, d&rsquo;introspection, de reconnexion \u00e0 soi et de relaxation profonde. Comment la magie op\u00e8re-t-elle ?\u00a0 un cercle d&rsquo;ouverture, une pose d&rsquo;intention autour d&rsquo;une tisane r\u00e9chauffante un massage et enveloppement aux huiles chaudes \u00e0 quatre mains un bain de vapeur (hammam) ou un bain de p\u00e9tales serrage Rebozo en 7 points\u00a0 un cercle de cl\u00f4ture, de partage. Soin de fermeture (1h 30min) Ce soin vous honore et vous ancre en tant que femme tout en aidant \u00e0 marquer un passage significatif dans la vie.\u00a0 Il est souvent utilis\u00e9 apr\u00e8s l&rsquo;accouchement, id\u00e9alement apr\u00e8s l&rsquo;arr\u00eat ou diminution des saignements.\u00a0 Invit\u00e9 dans un espace cocooning, vous serez apais\u00e9, berc\u00e9 et envelopp\u00e9 ainsi que resserr\u00e9 en 4 points du corps pour vous aider \u00e0 vous aligner, vous ancrer et vous d\u00e9tendre profond\u00e9ment.\u00a0 Comment la magie op\u00e8re-t-elle ? un cercle d&rsquo;ouverture, de partage et de pose d&rsquo;intention un massage de la t\u00eate\u00a0 bercements, enveloppements et \u00e9tirements avec Rebozo serrage Rebozo en 4 points un cercle de cl\u00f4ture, du partage autour d&rsquo;une tisane apaisante. Soin d&rsquo;ouverture (Pr\u00e9natal) (1h 30min) Ce soin peut \u00eatre effectu\u00e9 \u00e0 tout moment de votre grossesse pour pr\u00e9parer et ouvrir symboliquement votre esprit et votre corps \u00e0 la naissance et \u00e0 la maternit\u00e9.\u00a0 Vous serez invit\u00e9 dans l&rsquo;espace cocooning de subtils bercements, d&rsquo;enveloppements et d&rsquo;\u00e9tirements doux qui att\u00e9nueront les \u00e9ventuelles tensions et vous emm\u00e8neront dans un voyage relaxant de connexion avec vous-m\u00eame et avec votre b\u00e9b\u00e9. Comment la magie op\u00e8re-t-elle ? un cercle d&rsquo;ouverture, de partage et de pose d&rsquo;intention \u00e9tirements, enveloppements et ouverture avec Rebozo un cercle de cl\u00f4ture, de partage autour d&rsquo;une tisane apaisante. Serrage du Bassin (Postnatal) (1h) Ce soin post-partum peut \u00eatre propos\u00e9 imm\u00e9diatement apr\u00e8s l&rsquo;accouchement pour soulager la zone de la hanche et du bas du dos.\u00a0 Il est associ\u00e9 \u00e0 un massage de la t\u00eate et des pieds pour materner la m\u00e8re qui est en vous, vous aider \u00e0 vous d\u00e9tendre et \u00e0 augmenter votre taux d&rsquo;ocytocine. Ce soin vous donne une opportunit\u00e9 de partager votre r\u00e9cit de naissance.\u00a0 Comment la magie op\u00e8re-t-elle ?\u00a0 un cercle d&rsquo;ouverture, r\u00e9cit de naissance\u00a0 massage cr\u00e2nien serrage du bassin avec Rebozo et baton\u00a0 massage des pieds un cercle de cl\u00f4ture, de partage autour d&rsquo;une tisane apaisante.<\/p>\n","protected":false},"author":2,"featured_media":0,"parent":5039,"menu_order":0,"comment_status":"closed","ping_status":"closed","template":"","meta":{"om_disable_all_campaigns":false,"footnotes":""},"class_list":["post-6761","page","type-page","status-publish","hentry"],"aioseo_notices":[],"_links":{"self":[{"href":"https:\/\/calmastudio.com\/fr\/wp-json\/wp\/v2\/pages\/6761","targetHints":{"allow":["GET"]}}],"collection":[{"href":"https:\/\/calmastudio.com\/fr\/wp-json\/wp\/v2\/pages"}],"about":[{"href":"https:\/\/calmastudio.com\/fr\/wp-json\/wp\/v2\/types\/page"}],"author":[{"embeddable":true,"href":"https:\/\/calmastudio.com\/fr\/wp-json\/wp\/v2\/users\/2"}],"replies":[{"embeddable":true,"href":"https:\/\/calmastudio.com\/fr\/wp-json\/wp\/v2\/comments?post=6761"}],"version-history":[{"count":479,"href":"https:\/\/calmastudio.com\/fr\/wp-json\/wp\/v2\/pages\/6761\/revisions"}],"predecessor-version":[{"id":14413,"href":"https:\/\/calmastudio.com\/fr\/wp-json\/wp\/v2\/pages\/6761\/revisions\/14413"}],"up":[{"embeddable":true,"href":"https:\/\/calmastudio.com\/fr\/wp-json\/wp\/v2\/pages\/5039"}],"wp:attachment":[{"href":"https:\/\/calmastudio.com\/fr\/wp-json\/wp\/v2\/media?parent=6761"}],"curies":[{"name":"wp","href":"https:\/\/api.w.org\/{rel}","templated":true}]}}