{"id":5039,"date":"2022-05-04T19:18:22","date_gmt":"2022-05-04T18:18:22","guid":{"rendered":"https:\/\/calmastudio.com\/?page_id=5039"},"modified":"2026-05-04T10:00:13","modified_gmt":"2026-05-04T08:00:13","slug":"doula-biarritz","status":"publish","type":"page","link":"https:\/\/calmastudio.com\/fr\/doula-biarritz\/","title":{"rendered":"Doula"},"content":{"rendered":"\t\t<div data-elementor-type=\"wp-page\" data-elementor-id=\"5039\" class=\"elementor elementor-5039\">\n\t\t\t\t<div class=\"elementor-element elementor-element-f33bd60 e-con-full e-flex wpr-particle-no wpr-jarallax-no wpr-parallax-no wpr-sticky-section-no wpr-equal-height-no e-con e-parent\" data-id=\"f33bd60\" data-element_type=\"container\" data-e-type=\"container\" data-settings=\"{&quot;sticky_logo_enable&quot;:&quot;no&quot;}\">\n\t\t<div class=\"elementor-element elementor-element-562a1064 e-con-full e-flex wpr-particle-no wpr-jarallax-no wpr-parallax-no wpr-sticky-section-no wpr-equal-height-no e-con e-child\" data-id=\"562a1064\" data-element_type=\"container\" data-e-type=\"container\" data-settings=\"{&quot;background_background&quot;:&quot;classic&quot;,&quot;sticky_logo_enable&quot;:&quot;no&quot;}\">\n\t\t<div class=\"elementor-element elementor-element-636e27c9 e-con-full e-flex wpr-particle-no wpr-jarallax-no wpr-parallax-no wpr-sticky-section-no wpr-equal-height-no e-con e-child\" data-id=\"636e27c9\" data-element_type=\"container\" data-e-type=\"container\" data-settings=\"{&quot;sticky_logo_enable&quot;:&quot;no&quot;}\">\n\t\t\t\t<div class=\"elementor-element elementor-element-8bc5dd7 elementor-widget elementor-widget-image\" data-id=\"8bc5dd7\" data-element_type=\"widget\" data-e-type=\"widget\" data-widget_type=\"image.default\">\n\t\t\t\t\t\t\t\t\t\t\t\t\t\t\t<img decoding=\"async\" width=\"200\" height=\"200\" src=\"https:\/\/calmastudio.com\/wp-content\/uploads\/2026\/04\/calma-doula-1.svg\" class=\"attachment-full size-full wp-image-16696\" alt=\"\" \/>\t\t\t\t\t\t\t\t\t\t\t\t\t\t\t<\/div>\n\t\t\t\t<div class=\"elementor-element elementor-element-54a5d661 sticky-heading-prefixstyle elementor-widget__width-inherit elementor-widget elementor-widget-heading\" data-id=\"54a5d661\" data-element_type=\"widget\" data-e-type=\"widget\" data-widget_type=\"heading.default\">\n\t\t\t\t\t<h1 class=\"elementor-heading-title elementor-size-default\">ACCOMPAGNEMENT DE DOULA<\/h1>\t\t\t\t<\/div>\n\t\t\t\t<div class=\"elementor-element elementor-element-437aef2b elementor-widget elementor-widget-text-editor\" data-id=\"437aef2b\" data-element_type=\"widget\" data-e-type=\"widget\" data-widget_type=\"text-editor.default\">\n\t\t\t\t\t\t\t\t\t<p>La vie des femmes est marqu\u00e9e par diff\u00e9rents passages f\u00e9minins : des moments qui divisent symboliquement la vie en\u00a0<em>avant<\/em>\u00a0et\u00a0<em>apr\u00e8s. <\/em>Ces passages puissants sont mieux v\u00e9cus avec conscience, soutien et sororit\u00e9.<br \/>Dans le pass\u00e9, ce soutien provenait de femmes sages et de rituels qui se sont perdus dans notre soci\u00e9t\u00e9 moderne. De nos jours, les doulas offrent leur pr\u00e9sence et leurs pratiques qui comblent cette lacune.<\/p><p>Prenez rendez-vous gratuit ou n&#8217;h\u00e9sitez pas \u00e0 m&#8217;appeler pour que nous puissions faire connaissance et d\u00e9finir l&#8217;accompagnement dont vous avez le plus besoin.<\/p>\t\t\t\t\t\t\t\t<\/div>\n\t\t<div class=\"elementor-element elementor-element-4ab0889f e-con-full e-flex wpr-particle-no wpr-jarallax-no wpr-parallax-no wpr-sticky-section-no wpr-equal-height-no e-con e-child\" data-id=\"4ab0889f\" data-element_type=\"container\" data-e-type=\"container\" data-settings=\"{&quot;sticky_logo_enable&quot;:&quot;no&quot;}\">\n\t\t\t\t<div class=\"elementor-element elementor-element-81b652d elementor-align-left left-float-btn sticky-button-prefixstyle elementor-widget elementor-widget-button\" data-id=\"81b652d\" data-element_type=\"widget\" data-e-type=\"widget\" data-widget_type=\"button.default\">\n\t\t\t\t\t\t\t\t\t\t<a class=\"elementor-button elementor-button-link elementor-size-sm\" href=\"https:\/\/calmastudio.com\/contact\/\">\n\t\t\t\t\t\t<span class=\"elementor-button-content-wrapper\">\n\t\t\t\t\t\t\t\t\t<span class=\"elementor-button-text\">R\u00c9SERVEZ VOTRE RENDEZ-VOUS<\/span>\n\t\t\t\t\t<\/span>\n\t\t\t\t\t<\/a>\n\t\t\t\t\t\t\t\t<\/div>\n\t\t\t\t<\/div>\n\t\t\t\t<\/div>\n\t\t\t\t<\/div>\n\t\t\t\t<\/div>\n\t\t<div class=\"elementor-element elementor-element-14324fc e-con-full e-flex wpr-particle-no wpr-jarallax-no wpr-parallax-no wpr-sticky-section-no wpr-equal-height-no e-con e-parent\" data-id=\"14324fc\" data-element_type=\"container\" data-e-type=\"container\" data-settings=\"{&quot;sticky_logo_enable&quot;:&quot;no&quot;}\">\n\t\t<div class=\"elementor-element elementor-element-ea470b9 e-con-full e-flex wpr-particle-no wpr-jarallax-no wpr-parallax-no wpr-sticky-section-no wpr-equal-height-no e-con e-child\" data-id=\"ea470b9\" data-element_type=\"container\" data-e-type=\"container\" data-settings=\"{&quot;background_background&quot;:&quot;classic&quot;,&quot;sticky_logo_enable&quot;:&quot;no&quot;}\">\n\t\t<div class=\"elementor-element elementor-element-ae84c08 e-con-full e-flex wpr-particle-no wpr-jarallax-no wpr-parallax-no wpr-sticky-section-no wpr-equal-height-no e-con e-child\" data-id=\"ae84c08\" data-element_type=\"container\" data-e-type=\"container\" data-settings=\"{&quot;sticky_logo_enable&quot;:&quot;no&quot;}\">\n\t\t\t\t<\/div>\n\t\t\t\t<\/div>\n\t\t\t\t<\/div>\n\t\t<div class=\"elementor-element elementor-element-07708c5 e-con-full e-flex wpr-particle-no wpr-jarallax-no wpr-parallax-no wpr-sticky-section-no wpr-equal-height-no e-con e-parent\" data-id=\"07708c5\" data-element_type=\"container\" data-e-type=\"container\" data-settings=\"{&quot;sticky_logo_enable&quot;:&quot;no&quot;}\">\n\t\t<div class=\"elementor-element elementor-element-7ea6c1c e-con-full e-flex wpr-particle-no wpr-jarallax-no wpr-parallax-no wpr-sticky-section-no wpr-equal-height-no e-con e-child\" data-id=\"7ea6c1c\" data-element_type=\"container\" data-e-type=\"container\" data-settings=\"{&quot;background_background&quot;:&quot;classic&quot;,&quot;sticky_logo_enable&quot;:&quot;no&quot;}\">\n\t\t<div class=\"elementor-element elementor-element-18c3a24 e-con-full e-flex wpr-particle-no wpr-jarallax-no wpr-parallax-no wpr-sticky-section-no wpr-equal-height-no e-con e-child\" data-id=\"18c3a24\" data-element_type=\"container\" data-e-type=\"container\" data-settings=\"{&quot;sticky_logo_enable&quot;:&quot;no&quot;}\">\n\t\t\t\t<div class=\"elementor-element elementor-element-86cc32e sticky-heading-prefixstyle elementor-widget elementor-widget-heading\" data-id=\"86cc32e\" data-element_type=\"widget\" data-e-type=\"widget\" data-widget_type=\"heading.default\">\n\t\t\t\t\t<h1 class=\"elementor-heading-title elementor-size-default\">nos accompagnements<\/h1>\t\t\t\t<\/div>\n\t\t\t\t<\/div>\n\t\t<div class=\"elementor-element elementor-element-42eea85 whitetext e-con-full e-flex wpr-particle-no wpr-jarallax-no wpr-parallax-no wpr-sticky-section-no wpr-equal-height-no e-con e-child\" data-id=\"42eea85\" data-element_type=\"container\" data-e-type=\"container\" data-settings=\"{&quot;sticky_logo_enable&quot;:&quot;no&quot;}\">\n\t\t<div class=\"elementor-element elementor-element-0b8349e e-con-full e-flex wpr-particle-no wpr-jarallax-no wpr-parallax-no wpr-sticky-section-no wpr-equal-height-no e-con e-child\" data-id=\"0b8349e\" data-element_type=\"container\" data-e-type=\"container\" data-settings=\"{&quot;background_background&quot;:&quot;classic&quot;,&quot;sticky_logo_enable&quot;:&quot;no&quot;}\">\n\t\t\t\t<div class=\"elementor-element elementor-element-b8c869c sticky-heading-prefixstyle elementor-widget elementor-widget-heading\" data-id=\"b8c869c\" data-element_type=\"widget\" data-e-type=\"widget\" data-widget_type=\"heading.default\">\n\t\t\t\t\t<h4 class=\"elementor-heading-title elementor-size-default\"><a href=\"https:\/\/calmastudio.com\/doula-biarritz\/naissance-puissante\/\">ACCOMPAGNEMENT\nP\u00c9RINATAL<\/a><\/h4>\t\t\t\t<\/div>\n\t\t\t\t<\/div>\n\t\t<div class=\"elementor-element elementor-element-6e56bf5 e-con-full e-flex wpr-particle-no wpr-jarallax-no wpr-parallax-no wpr-sticky-section-no wpr-equal-height-no e-con e-child\" data-id=\"6e56bf5\" data-element_type=\"container\" data-e-type=\"container\" data-settings=\"{&quot;background_background&quot;:&quot;classic&quot;,&quot;sticky_logo_enable&quot;:&quot;no&quot;}\">\n\t\t\t\t<div class=\"elementor-element elementor-element-16641be sticky-heading-prefixstyle elementor-widget elementor-widget-heading\" data-id=\"16641be\" data-element_type=\"widget\" data-e-type=\"widget\" data-widget_type=\"heading.default\">\n\t\t\t\t\t<h4 class=\"elementor-heading-title elementor-size-default\"><a href=\"https:\/\/calmastudio.com\/doula-biarritz\/rebozo\/\">SOINS ET RITUELS REBOZO<\/a><\/h4>\t\t\t\t<\/div>\n\t\t\t\t<\/div>\n\t\t<div class=\"elementor-element elementor-element-445139a e-con-full e-flex wpr-particle-no wpr-jarallax-no wpr-parallax-no wpr-sticky-section-no wpr-equal-height-no e-con e-child\" data-id=\"445139a\" data-element_type=\"container\" data-e-type=\"container\" data-settings=\"{&quot;background_background&quot;:&quot;classic&quot;,&quot;sticky_logo_enable&quot;:&quot;no&quot;}\">\n\t\t\t\t<div class=\"elementor-element elementor-element-9fcc068 sticky-heading-prefixstyle elementor-widget elementor-widget-heading\" data-id=\"9fcc068\" data-element_type=\"widget\" data-e-type=\"widget\" data-widget_type=\"heading.default\">\n\t\t\t\t\t<h4 class=\"elementor-heading-title elementor-size-default\"><a href=\"https:\/\/calmastudio.com\/doula-biarritz\/cercles-calma-mama-tribues\/\">CERCLES ET ATELIER<\/a><\/h4>\t\t\t\t<\/div>\n\t\t\t\t<\/div>\n\t\t<div class=\"elementor-element elementor-element-593e797 e-con-full e-flex wpr-particle-no wpr-jarallax-no wpr-parallax-no wpr-sticky-section-no wpr-equal-height-no e-con e-child\" data-id=\"593e797\" data-element_type=\"container\" data-e-type=\"container\" data-settings=\"{&quot;background_background&quot;:&quot;classic&quot;,&quot;sticky_logo_enable&quot;:&quot;no&quot;}\">\n\t\t\t\t<div class=\"elementor-element elementor-element-b314341 sticky-heading-prefixstyle elementor-widget elementor-widget-heading\" data-id=\"b314341\" data-element_type=\"widget\" data-e-type=\"widget\" data-widget_type=\"heading.default\">\n\t\t\t\t\t<h4 class=\"elementor-heading-title elementor-size-default\">BLESSING WAY<\/h4>\t\t\t\t<\/div>\n\t\t\t\t<\/div>\n\t\t\t\t<\/div>\n\t\t\t\t<\/div>\n\t\t\t\t<\/div>\n\t\t<div class=\"elementor-element elementor-element-25375e3 e-flex e-con-boxed wpr-particle-no wpr-jarallax-no wpr-parallax-no wpr-sticky-section-no wpr-equal-height-no e-con e-parent\" data-id=\"25375e3\" data-element_type=\"container\" data-e-type=\"container\" data-settings=\"{&quot;background_background&quot;:&quot;classic&quot;,&quot;sticky_logo_enable&quot;:&quot;no&quot;}\">\n\t\t\t\t\t<div class=\"e-con-inner\">\n\t\t<div class=\"elementor-element elementor-element-38c569b e-con-full e-flex wpr-particle-no wpr-jarallax-no wpr-parallax-no wpr-sticky-section-no wpr-equal-height-no e-con e-child\" data-id=\"38c569b\" data-element_type=\"container\" data-e-type=\"container\" data-settings=\"{&quot;sticky_logo_enable&quot;:&quot;no&quot;}\">\n\t\t\t\t<div class=\"elementor-element elementor-element-fe0d114 sticky-heading-prefixstyle elementor-widget elementor-widget-heading\" data-id=\"fe0d114\" data-element_type=\"widget\" data-e-type=\"widget\" data-widget_type=\"heading.default\">\n\t\t\t\t\t<h1 class=\"elementor-heading-title elementor-size-default\">Votre  Doula \u00e0 Biarritz<\/h1>\t\t\t\t<\/div>\n\t\t<div class=\"elementor-element elementor-element-0ee7c91 whitetext e-con-full e-flex wpr-particle-no wpr-jarallax-no wpr-parallax-no wpr-sticky-section-no wpr-equal-height-no e-con e-child\" data-id=\"0ee7c91\" data-element_type=\"container\" data-e-type=\"container\" data-settings=\"{&quot;sticky_logo_enable&quot;:&quot;no&quot;}\">\n\t\t<div class=\"elementor-element elementor-element-7006118 e-con-full e-flex wpr-particle-no wpr-jarallax-no wpr-parallax-no wpr-sticky-section-no wpr-equal-height-no e-con e-child\" data-id=\"7006118\" data-element_type=\"container\" data-e-type=\"container\" data-settings=\"{&quot;background_background&quot;:&quot;classic&quot;,&quot;sticky_logo_enable&quot;:&quot;no&quot;}\">\n\t\t\t\t<div class=\"elementor-element elementor-element-940247f sticky-heading-prefixstyle elementor-widget elementor-widget-heading\" data-id=\"940247f\" data-element_type=\"widget\" data-e-type=\"widget\" data-widget_type=\"heading.default\">\n\t\t\t\t\t<h4 class=\"elementor-heading-title elementor-size-default\">Qui est une doula ?<\/h4>\t\t\t\t<\/div>\n\t\t\t\t<div class=\"elementor-element elementor-element-3cbc275 elementor-widget elementor-widget-text-editor\" data-id=\"3cbc275\" data-element_type=\"widget\" data-e-type=\"widget\" data-widget_type=\"text-editor.default\">\n\t\t\t\t\t\t\t\t\t<p>Les doulas apportent un accompagnement non m\u00e9dical dans les moments cl\u00e9s de la vie d&#8217;une femme : premi\u00e8res ou derni\u00e8res r\u00e8gles, pendant la grossesse, l&#8217;accouchement, le post-partum, la m\u00e9nopause et dans tous les autres moments de passage.<\/p><p>Les Doulas accompagnent les femmes en leur offrant leur pr\u00e9sence, leur bienveillance et leur non-jugement avec un seul objectif de soutenir l&#8217;histoire unique de chaque femme.<\/p><p>Les doulas ne remplacent pas les m\u00e9decins, les sages-femmes ou les psychologues. Ils travaillent avec respect aux c\u00f4t\u00e9s de ces professionnels de la sant\u00e9 dans la compl\u00e9mentarit\u00e9.<\/p><p>LES DOULAS REMPLISSENT LA LACUNE.<\/p>\t\t\t\t\t\t\t\t<\/div>\n\t\t\t\t<\/div>\n\t\t<div class=\"elementor-element elementor-element-c20045d e-con-full e-flex wpr-particle-no wpr-jarallax-no wpr-parallax-no wpr-sticky-section-no wpr-equal-height-no e-con e-child\" data-id=\"c20045d\" data-element_type=\"container\" data-e-type=\"container\" data-settings=\"{&quot;background_background&quot;:&quot;classic&quot;,&quot;sticky_logo_enable&quot;:&quot;no&quot;}\">\n\t\t\t\t<div class=\"elementor-element elementor-element-9ff2dbc sticky-heading-prefixstyle elementor-widget elementor-widget-heading\" data-id=\"9ff2dbc\" data-element_type=\"widget\" data-e-type=\"widget\" data-widget_type=\"heading.default\">\n\t\t\t\t\t<h4 class=\"elementor-heading-title elementor-size-default\">Votre Calma Doula<\/h4>\t\t\t\t<\/div>\n\t\t\t\t<div class=\"elementor-element elementor-element-17bf16e elementor-widget elementor-widget-text-editor\" data-id=\"17bf16e\" data-element_type=\"widget\" data-e-type=\"widget\" data-widget_type=\"text-editor.default\">\n\t\t\t\t\t\t\t\t\t<p>Chaque doula est unique et offre quelque chose de sp\u00e9cifique \u00e0 sa nature, ses pr\u00e9dispositions, ses comp\u00e9tences et son exp\u00e9rience.<\/p><p>Lors de notre premier rendez-vous gratuit nous faisons connaissance et d\u00e9finissons mon accompagnement en fonction de vos besoins.\u00a0<\/p><p>Mon r\u00f4le est de vous offrir l&#8217;espace o\u00f9 vous pourrez poser vos questions, vos peurs, vos limites et en m\u00eame temps, l&#8217;espace o\u00f9 vous pourrez prendre conscience de votre force et de votre courage.<\/p><p>Je peux \u00e9galement accompagner votre corps et vos \u00e9motions avec les Soins et Rituels Rebozo ou un travail corporel sp\u00e9cifique, sur mesure, bas\u00e9 sur mon exp\u00e9rience de th\u00e9rapeute du mouvement.\u00a0<\/p>\t\t\t\t\t\t\t\t<\/div>\n\t\t\t\t<\/div>\n\t\t<div class=\"elementor-element elementor-element-9c96a5a e-con-full e-flex wpr-particle-no wpr-jarallax-no wpr-parallax-no wpr-sticky-section-no wpr-equal-height-no e-con e-child\" data-id=\"9c96a5a\" data-element_type=\"container\" data-e-type=\"container\" data-settings=\"{&quot;background_background&quot;:&quot;classic&quot;,&quot;sticky_logo_enable&quot;:&quot;no&quot;}\">\n\t\t\t\t<div class=\"elementor-element elementor-element-f040cc9 sticky-heading-prefixstyle elementor-widget elementor-widget-heading\" data-id=\"f040cc9\" data-element_type=\"widget\" data-e-type=\"widget\" data-widget_type=\"heading.default\">\n\t\t\t\t\t<h4 class=\"elementor-heading-title elementor-size-default\">Doula de Naissance<\/h4>\t\t\t\t<\/div>\n\t\t\t\t<div class=\"elementor-element elementor-element-b410d5d elementor-widget__width-initial elementor-widget elementor-widget-text-editor\" data-id=\"b410d5d\" data-element_type=\"widget\" data-e-type=\"widget\" data-widget_type=\"text-editor.default\">\n\t\t\t\t\t\t\t\t\t<p>Je crois en une approche holistique de la naissance, int\u00e9grant le mental, le corps et l\u2019esprit.<\/p><p>Pendant votre grossesse, nous aborderons tout ce que vous trouvez pertinent sur votre chemin vers maternit\u00e9. Nous allons rencontrer avec votre partenaire pour qu&#8217;il comprenne son r\u00f4le et que vous recevez maximum du soutien.<\/p><p>Je reste disponible de vous accompagner pendant votre accouchement, aux c\u00f4t\u00e9s des professionnels de sant\u00e9.\u00a0<\/p><p>Pendant votre postpartum, ma pr\u00e9sence est pour garantir votre confort et votre mieux-\u00eatre dans cette transition. Je peux \u00e9galement vous orienter vers autres professionnels, si besoin.\u00a0<\/p>\t\t\t\t\t\t\t\t<\/div>\n\t\t\t\t<\/div>\n\t\t\t\t<\/div>\n\t\t\t\t<\/div>\n\t\t\t\t\t<\/div>\n\t\t\t\t<\/div>\n\t\t\t\t<\/div>\n\t\t","protected":false},"excerpt":{"rendered":"<p>ACCOMPAGNEMENT DE DOULA La vie des femmes est marqu\u00e9e par diff\u00e9rents passages f\u00e9minins : des moments qui divisent symboliquement la vie en\u00a0avant\u00a0et\u00a0apr\u00e8s. Ces passages puissants sont mieux v\u00e9cus avec conscience, soutien et sororit\u00e9.Dans le pass\u00e9, ce soutien provenait de femmes sages et de rituels qui se sont perdus dans notre soci\u00e9t\u00e9 moderne. De nos jours, les doulas offrent leur pr\u00e9sence et leurs pratiques qui comblent cette lacune. Prenez rendez-vous gratuit ou n&#8217;h\u00e9sitez pas \u00e0 m&#8217;appeler pour que nous puissions faire connaissance et d\u00e9finir l&#8217;accompagnement dont vous avez le plus besoin. R\u00c9SERVEZ VOTRE RENDEZ-VOUS nos accompagnements ACCOMPAGNEMENT P\u00c9RINATAL SOINS ET RITUELS REBOZO CERCLES ET ATELIER BLESSING WAY Votre Doula \u00e0 Biarritz Qui est une doula ? Les doulas apportent un accompagnement non m\u00e9dical dans les moments cl\u00e9s de la vie d&#8217;une femme : premi\u00e8res ou derni\u00e8res r\u00e8gles, pendant la grossesse, l&#8217;accouchement, le post-partum, la m\u00e9nopause et dans tous les autres moments de passage. Les Doulas accompagnent les femmes en leur offrant leur pr\u00e9sence, leur bienveillance et leur non-jugement avec un seul objectif de soutenir l&#8217;histoire unique de chaque femme. Les doulas ne remplacent pas les m\u00e9decins, les sages-femmes ou les psychologues. Ils travaillent avec respect aux c\u00f4t\u00e9s de ces professionnels de la sant\u00e9 dans la compl\u00e9mentarit\u00e9. LES DOULAS REMPLISSENT LA LACUNE. Votre Calma Doula Chaque doula est unique et offre quelque chose de sp\u00e9cifique \u00e0 sa nature, ses pr\u00e9dispositions, ses comp\u00e9tences et son exp\u00e9rience. Lors de notre premier rendez-vous gratuit nous faisons connaissance et d\u00e9finissons mon accompagnement en fonction de vos besoins.\u00a0 Mon r\u00f4le est de vous offrir l&#8217;espace o\u00f9 vous pourrez poser vos questions, vos peurs, vos limites et en m\u00eame temps, l&#8217;espace o\u00f9 vous pourrez prendre conscience de votre force et de votre courage. Je peux \u00e9galement accompagner votre corps et vos \u00e9motions avec les Soins et Rituels Rebozo ou un travail corporel sp\u00e9cifique, sur mesure, bas\u00e9 sur mon exp\u00e9rience de th\u00e9rapeute du mouvement.\u00a0 Doula de Naissance Je crois en une approche holistique de la naissance, int\u00e9grant le mental, le corps et l\u2019esprit. Pendant votre grossesse, nous aborderons tout ce que vous trouvez pertinent sur votre chemin vers maternit\u00e9. Nous allons rencontrer avec votre partenaire pour qu&#8217;il comprenne son r\u00f4le et que vous recevez maximum du soutien. Je reste disponible de vous accompagner pendant votre accouchement, aux c\u00f4t\u00e9s des professionnels de sant\u00e9.\u00a0 Pendant votre postpartum, ma pr\u00e9sence est pour garantir votre confort et votre mieux-\u00eatre dans cette transition. Je peux \u00e9galement vous orienter vers autres professionnels, si besoin.\u00a0<\/p>\n","protected":false},"author":2,"featured_media":0,"parent":0,"menu_order":0,"comment_status":"closed","ping_status":"closed","template":"elementor_header_footer","meta":{"om_disable_all_campaigns":false,"_monsterinsights_skip_tracking":false,"_monsterinsights_sitenote_active":false,"_monsterinsights_sitenote_note":"","_monsterinsights_sitenote_category":0,"_uf_show_specific_survey":0,"_uf_disable_surveys":false,"footnotes":""},"class_list":["post-5039","page","type-page","status-publish","hentry"],"aioseo_notices":[],"_links":{"self":[{"href":"https:\/\/calmastudio.com\/fr\/wp-json\/wp\/v2\/pages\/5039","targetHints":{"allow":["GET"]}}],"collection":[{"href":"https:\/\/calmastudio.com\/fr\/wp-json\/wp\/v2\/pages"}],"about":[{"href":"https:\/\/calmastudio.com\/fr\/wp-json\/wp\/v2\/types\/page"}],"author":[{"embeddable":true,"href":"https:\/\/calmastudio.com\/fr\/wp-json\/wp\/v2\/users\/2"}],"replies":[{"embeddable":true,"href":"https:\/\/calmastudio.com\/fr\/wp-json\/wp\/v2\/comments?post=5039"}],"version-history":[{"count":1152,"href":"https:\/\/calmastudio.com\/fr\/wp-json\/wp\/v2\/pages\/5039\/revisions"}],"predecessor-version":[{"id":18979,"href":"https:\/\/calmastudio.com\/fr\/wp-json\/wp\/v2\/pages\/5039\/revisions\/18979"}],"wp:attachment":[{"href":"https:\/\/calmastudio.com\/fr\/wp-json\/wp\/v2\/media?parent=5039"}],"curies":[{"name":"wp","href":"https:\/\/api.w.org\/{rel}","templated":true}]}}