{"id":4,"date":"2020-01-07T09:17:44","date_gmt":"2020-01-07T08:17:44","guid":{"rendered":"http:\/\/demo.thepunte.com\/punte\/yoga\/?page_id=4"},"modified":"2026-04-28T12:52:31","modified_gmt":"2026-04-28T10:52:31","slug":"calma-studio-biarritz","status":"publish","type":"page","link":"https:\/\/calmastudio.com\/fr\/","title":{"rendered":"HOME"},"content":{"rendered":"\t\t<div data-elementor-type=\"wp-page\" data-elementor-id=\"4\" class=\"elementor elementor-4\">\n\t\t\t\t<div class=\"elementor-element elementor-element-9cd3b70 e-con-full e-flex wpr-particle-no wpr-jarallax-no wpr-parallax-no wpr-sticky-section-no wpr-equal-height-no e-con e-parent\" data-id=\"9cd3b70\" data-element_type=\"container\" data-e-type=\"container\" data-settings=\"{&quot;background_background&quot;:&quot;classic&quot;,&quot;sticky_logo_enable&quot;:&quot;no&quot;}\">\n\t\t<div class=\"elementor-element elementor-element-d021bc3 e-con-full e-flex wpr-particle-no wpr-jarallax-no wpr-parallax-no wpr-sticky-section-no wpr-equal-height-no e-con e-child\" data-id=\"d021bc3\" data-element_type=\"container\" data-e-type=\"container\" data-settings=\"{&quot;sticky_logo_enable&quot;:&quot;no&quot;}\">\n\t\t\t\t<div class=\"elementor-element elementor-element-03d0b0c elementor-widget__width-initial sticky-heading-prefixstyle elementor-widget elementor-widget-heading\" data-id=\"03d0b0c\" data-element_type=\"widget\" data-e-type=\"widget\" data-widget_type=\"heading.default\">\n\t\t\t\t\t<h1 class=\"elementor-heading-title elementor-size-default\">MOUVEMENT,\nCONSCIENCE,\nPUISSANCE,\nSOUTIEN<\/h1>\t\t\t\t<\/div>\n\t\t\t\t<div class=\"elementor-element elementor-element-2d9c430 elementor-widget elementor-widget-text-editor\" data-id=\"2d9c430\" data-element_type=\"widget\" data-e-type=\"widget\" data-widget_type=\"text-editor.default\">\n\t\t\t\t\t\t\t\t\t<p>Studio de Pilates sur Reformer, Appareils &amp; Mat \u00e0 Biarritz.<\/p><p>Cours et ateliers d\u00e9di\u00e9s aux futures et jeunes mamans.\u00a0<\/p><p>Accompagnement de Doula, Soins Rebozo, Cercles.\u00a0\u00a0<\/p><p>Un espace bien-\u00eatre au c\u0153ur du Pays Basque.<\/p>\t\t\t\t\t\t\t\t<\/div>\n\t\t\t\t<div class=\"elementor-element elementor-element-d1c7ea3 elementor-align-left sticky-button-prefixstyle elementor-widget elementor-widget-button\" data-id=\"d1c7ea3\" data-element_type=\"widget\" data-e-type=\"widget\" data-widget_type=\"button.default\">\n\t\t\t\t\t\t\t\t\t\t<a class=\"elementor-button elementor-button-link elementor-size-sm\" href=\"https:\/\/calmastudio.com\/booking\/\">\n\t\t\t\t\t\t<span class=\"elementor-button-content-wrapper\">\n\t\t\t\t\t\t\t\t\t<span class=\"elementor-button-text\">R\u00c9SERVEZ VOTRE S\u00c9ANCE<\/span>\n\t\t\t\t\t<\/span>\n\t\t\t\t\t<\/a>\n\t\t\t\t\t\t\t\t<\/div>\n\t\t\t\t<\/div>\n\t\t\t\t<\/div>\n\t\t<div class=\"elementor-element elementor-element-15d65a6 e-con-full e-flex wpr-particle-no wpr-jarallax-no wpr-parallax-no wpr-sticky-section-no wpr-equal-height-no e-con e-parent\" data-id=\"15d65a6\" data-element_type=\"container\" data-e-type=\"container\" data-settings=\"{&quot;background_background&quot;:&quot;classic&quot;,&quot;sticky_logo_enable&quot;:&quot;no&quot;}\">\n\t\t<div class=\"elementor-element elementor-element-a5fd1f0 e-flex e-con-boxed wpr-particle-no wpr-jarallax-no wpr-parallax-no wpr-sticky-section-no wpr-equal-height-no e-con e-child\" data-id=\"a5fd1f0\" data-element_type=\"container\" data-e-type=\"container\" data-settings=\"{&quot;sticky_logo_enable&quot;:&quot;no&quot;}\">\n\t\t\t\t\t<div class=\"e-con-inner\">\n\t\t\t\t<div class=\"elementor-element elementor-element-e4fdddc sticky-heading-prefixstyle elementor-widget elementor-widget-heading\" data-id=\"e4fdddc\" data-element_type=\"widget\" data-e-type=\"widget\" data-widget_type=\"heading.default\">\n\t\t\t\t\t<h1 class=\"elementor-heading-title elementor-size-default\">CHOISISSEZ VOTRE CALMA<\/h1>\t\t\t\t<\/div>\n\t\t<div class=\"elementor-element elementor-element-8de5f5d e-flex e-con-boxed wpr-particle-no wpr-jarallax-no wpr-parallax-no wpr-sticky-section-no wpr-equal-height-no e-con e-child\" data-id=\"8de5f5d\" data-element_type=\"container\" data-e-type=\"container\" data-settings=\"{&quot;sticky_logo_enable&quot;:&quot;no&quot;}\">\n\t\t\t\t\t<div class=\"e-con-inner\">\n\t\t<div class=\"elementor-element elementor-element-2a11ccf e-con-full e-flex wpr-particle-no wpr-jarallax-no wpr-parallax-no wpr-sticky-section-no wpr-equal-height-no e-con e-child\" data-id=\"2a11ccf\" data-element_type=\"container\" data-e-type=\"container\" data-settings=\"{&quot;background_background&quot;:&quot;classic&quot;,&quot;sticky_logo_enable&quot;:&quot;no&quot;}\">\n\t\t\t\t<div class=\"elementor-element elementor-element-4f9e4b6 elementor-widget elementor-widget-image\" data-id=\"4f9e4b6\" data-element_type=\"widget\" data-e-type=\"widget\" data-widget_type=\"image.default\">\n\t\t\t\t\t\t\t\t\t\t\t\t\t\t\t<img decoding=\"async\" width=\"116\" height=\"60\" src=\"https:\/\/calmastudio.com\/wp-content\/uploads\/2026\/04\/calma-pilates-copie.svg\" class=\"attachment-full size-full wp-image-16772\" alt=\"\" \/>\t\t\t\t\t\t\t\t\t\t\t\t\t\t\t<\/div>\n\t\t\t\t<div class=\"elementor-element elementor-element-256e93c elementor-align-center sticky-button-prefixstyle elementor-widget elementor-widget-button\" data-id=\"256e93c\" data-element_type=\"widget\" data-e-type=\"widget\" data-widget_type=\"button.default\">\n\t\t\t\t\t\t\t\t\t\t<a class=\"elementor-button elementor-button-link elementor-size-sm\" href=\"https:\/\/calmastudio.com\/pilates-biarritz\/\">\n\t\t\t\t\t\t<span class=\"elementor-button-content-wrapper\">\n\t\t\t\t\t\t\t\t\t<span class=\"elementor-button-text\">EN SAVOIR PLUS<\/span>\n\t\t\t\t\t<\/span>\n\t\t\t\t\t<\/a>\n\t\t\t\t\t\t\t\t<\/div>\n\t\t\t\t<\/div>\n\t\t<div class=\"elementor-element elementor-element-6a19a2d e-con-full e-flex wpr-particle-no wpr-jarallax-no wpr-parallax-no wpr-sticky-section-no wpr-equal-height-no e-con e-child\" data-id=\"6a19a2d\" data-element_type=\"container\" data-e-type=\"container\" data-settings=\"{&quot;background_background&quot;:&quot;classic&quot;,&quot;sticky_logo_enable&quot;:&quot;no&quot;}\">\n\t\t\t\t<div class=\"elementor-element elementor-element-aed56b8 elementor-widget elementor-widget-image\" data-id=\"aed56b8\" data-element_type=\"widget\" data-e-type=\"widget\" data-widget_type=\"image.default\">\n\t\t\t\t\t\t\t\t\t\t\t\t\t\t\t<img decoding=\"async\" width=\"120\" height=\"60\" src=\"https:\/\/calmastudio.com\/wp-content\/uploads\/2026\/04\/calma-mama-copie.svg\" class=\"attachment-full size-full wp-image-16773\" alt=\"\" \/>\t\t\t\t\t\t\t\t\t\t\t\t\t\t\t<\/div>\n\t\t\t\t<div class=\"elementor-element elementor-element-bde9b18 elementor-align-center sticky-button-prefixstyle elementor-widget elementor-widget-button\" data-id=\"bde9b18\" data-element_type=\"widget\" data-e-type=\"widget\" data-widget_type=\"button.default\">\n\t\t\t\t\t\t\t\t\t\t<a class=\"elementor-button elementor-button-link elementor-size-sm\" href=\"https:\/\/calmastudio.com\/calma-mama\/\">\n\t\t\t\t\t\t<span class=\"elementor-button-content-wrapper\">\n\t\t\t\t\t\t\t\t\t<span class=\"elementor-button-text\">EN SAVOIR PLUS<\/span>\n\t\t\t\t\t<\/span>\n\t\t\t\t\t<\/a>\n\t\t\t\t\t\t\t\t<\/div>\n\t\t\t\t<\/div>\n\t\t\t\t\t<\/div>\n\t\t\t\t<\/div>\n\t\t<div class=\"elementor-element elementor-element-7726e46 e-flex e-con-boxed wpr-particle-no wpr-jarallax-no wpr-parallax-no wpr-sticky-section-no wpr-equal-height-no e-con e-child\" data-id=\"7726e46\" data-element_type=\"container\" data-e-type=\"container\" data-settings=\"{&quot;sticky_logo_enable&quot;:&quot;no&quot;}\">\n\t\t\t\t\t<div class=\"e-con-inner\">\n\t\t<div class=\"elementor-element elementor-element-d3cc7ca e-con-full e-flex wpr-particle-no wpr-jarallax-no wpr-parallax-no wpr-sticky-section-no wpr-equal-height-no e-con e-child\" data-id=\"d3cc7ca\" data-element_type=\"container\" data-e-type=\"container\" data-settings=\"{&quot;background_background&quot;:&quot;classic&quot;,&quot;sticky_logo_enable&quot;:&quot;no&quot;}\">\n\t\t\t\t<div class=\"elementor-element elementor-element-9de253f elementor-widget elementor-widget-image\" data-id=\"9de253f\" data-element_type=\"widget\" data-e-type=\"widget\" data-widget_type=\"image.default\">\n\t\t\t\t\t\t\t\t\t\t\t\t\t\t\t<img decoding=\"async\" width=\"119\" height=\"60\" src=\"https:\/\/calmastudio.com\/wp-content\/uploads\/2026\/04\/calma-doula-copie.svg\" class=\"attachment-full size-full wp-image-16774\" alt=\"\" \/>\t\t\t\t\t\t\t\t\t\t\t\t\t\t\t<\/div>\n\t\t\t\t<div class=\"elementor-element elementor-element-a07c675 elementor-align-center sticky-button-prefixstyle elementor-widget elementor-widget-button\" data-id=\"a07c675\" data-element_type=\"widget\" data-e-type=\"widget\" data-widget_type=\"button.default\">\n\t\t\t\t\t\t\t\t\t\t<a class=\"elementor-button elementor-button-link elementor-size-sm\" href=\"https:\/\/calmastudio.com\/doula-biarritz\/\">\n\t\t\t\t\t\t<span class=\"elementor-button-content-wrapper\">\n\t\t\t\t\t\t\t\t\t<span class=\"elementor-button-text\">EN SAVOIR PLUS<\/span>\n\t\t\t\t\t<\/span>\n\t\t\t\t\t<\/a>\n\t\t\t\t\t\t\t\t<\/div>\n\t\t\t\t<\/div>\n\t\t<div class=\"elementor-element elementor-element-149802e e-con-full e-flex wpr-particle-no wpr-jarallax-no wpr-parallax-no wpr-sticky-section-no wpr-equal-height-no e-con e-child\" data-id=\"149802e\" data-element_type=\"container\" data-e-type=\"container\" data-settings=\"{&quot;background_background&quot;:&quot;classic&quot;,&quot;sticky_logo_enable&quot;:&quot;no&quot;}\">\n\t\t\t\t<div class=\"elementor-element elementor-element-9cdd745 elementor-widget elementor-widget-image\" data-id=\"9cdd745\" data-element_type=\"widget\" data-e-type=\"widget\" data-widget_type=\"image.default\">\n\t\t\t\t\t\t\t\t\t\t\t\t\t\t\t<img loading=\"lazy\" decoding=\"async\" width=\"119\" height=\"61\" src=\"https:\/\/calmastudio.com\/wp-content\/uploads\/2026\/04\/calma-rebozo-copie.svg\" class=\"attachment-full size-full wp-image-16775\" alt=\"\" \/>\t\t\t\t\t\t\t\t\t\t\t\t\t\t\t<\/div>\n\t\t\t\t<div class=\"elementor-element elementor-element-14c5bd1 elementor-align-center sticky-button-prefixstyle elementor-widget elementor-widget-button\" data-id=\"14c5bd1\" data-element_type=\"widget\" data-e-type=\"widget\" data-widget_type=\"button.default\">\n\t\t\t\t\t\t\t\t\t\t<a class=\"elementor-button elementor-button-link elementor-size-sm\" href=\"https:\/\/calmastudio.com\/rebozo-biarritz\/\">\n\t\t\t\t\t\t<span class=\"elementor-button-content-wrapper\">\n\t\t\t\t\t\t\t\t\t<span class=\"elementor-button-text\">EN SAVOIR PLUS<\/span>\n\t\t\t\t\t<\/span>\n\t\t\t\t\t<\/a>\n\t\t\t\t\t\t\t\t<\/div>\n\t\t\t\t<\/div>\n\t\t\t\t\t<\/div>\n\t\t\t\t<\/div>\n\t\t\t\t\t<\/div>\n\t\t\t\t<\/div>\n\t\t\t\t<\/div>\n\t\t<div class=\"elementor-element elementor-element-b69f7e1 e-con-full elementor-hidden-desktop elementor-hidden-tablet elementor-hidden-mobile e-flex wpr-particle-no wpr-jarallax-no wpr-parallax-no wpr-sticky-section-no wpr-equal-height-no e-con e-parent\" data-id=\"b69f7e1\" data-element_type=\"container\" data-e-type=\"container\" data-settings=\"{&quot;background_background&quot;:&quot;classic&quot;,&quot;sticky_logo_enable&quot;:&quot;no&quot;}\">\n\t\t<div class=\"elementor-element elementor-element-8de9ddf e-flex e-con-boxed wpr-particle-no wpr-jarallax-no wpr-parallax-no wpr-sticky-section-no wpr-equal-height-no e-con e-child\" data-id=\"8de9ddf\" data-element_type=\"container\" data-e-type=\"container\" data-settings=\"{&quot;sticky_logo_enable&quot;:&quot;no&quot;}\">\n\t\t\t\t\t<div class=\"e-con-inner\">\n\t\t\t\t<div class=\"elementor-element elementor-element-047cd95 sticky-heading-prefixstyle elementor-widget elementor-widget-heading\" data-id=\"047cd95\" data-element_type=\"widget\" data-e-type=\"widget\" data-widget_type=\"heading.default\">\n\t\t\t\t\t<h1 class=\"elementor-heading-title elementor-size-default\">CALMA STUDIO VOUS PROPOSE<\/h1>\t\t\t\t<\/div>\n\t\t<div class=\"elementor-element elementor-element-c4f7e96 e-flex e-con-boxed wpr-particle-no wpr-jarallax-no wpr-parallax-no wpr-sticky-section-no wpr-equal-height-no e-con e-child\" data-id=\"c4f7e96\" data-element_type=\"container\" data-e-type=\"container\" data-settings=\"{&quot;sticky_logo_enable&quot;:&quot;no&quot;}\">\n\t\t\t\t\t<div class=\"e-con-inner\">\n\t\t<div class=\"elementor-element elementor-element-d6630bd e-con-full e-flex wpr-particle-no wpr-jarallax-no wpr-parallax-no wpr-sticky-section-no wpr-equal-height-no e-con e-child\" data-id=\"d6630bd\" data-element_type=\"container\" data-e-type=\"container\" data-settings=\"{&quot;background_background&quot;:&quot;classic&quot;,&quot;sticky_logo_enable&quot;:&quot;no&quot;}\">\n\t\t\t\t<div class=\"elementor-element elementor-element-5d411a8 elementor-widget elementor-widget-image\" data-id=\"5d411a8\" data-element_type=\"widget\" data-e-type=\"widget\" data-widget_type=\"image.default\">\n\t\t\t\t\t\t\t\t\t\t\t\t\t\t\t<img loading=\"lazy\" decoding=\"async\" width=\"200\" height=\"200\" src=\"https:\/\/calmastudio.com\/wp-content\/uploads\/2026\/04\/calma-pilates.svg\" class=\"attachment-full size-full wp-image-15315\" alt=\"\" \/>\t\t\t\t\t\t\t\t\t\t\t\t\t\t\t<\/div>\n\t\t\t\t<div class=\"elementor-element elementor-element-32accdd sticky-heading-prefixstyle elementor-widget elementor-widget-heading\" data-id=\"32accdd\" data-element_type=\"widget\" data-e-type=\"widget\" data-widget_type=\"heading.default\">\n\t\t\t\t\t<h4 class=\"elementor-heading-title elementor-size-default\">Cours de Pilates<\/h4>\t\t\t\t<\/div>\n\t\t\t\t<div class=\"elementor-element elementor-element-2169446 elementor-widget elementor-widget-text-editor\" data-id=\"2169446\" data-element_type=\"widget\" data-e-type=\"widget\" data-widget_type=\"text-editor.default\">\n\t\t\t\t\t\t\t\t\t<p>Cours personnalis\u00e9s sur Appareils ou Tapis.<br \/>S\u00e9ances priv\u00e9es, semi-priv\u00e9es et en petits groupes.<\/p><p>Un entra\u00eenement polyvalent et intelligent.<\/p>\t\t\t\t\t\t\t\t<\/div>\n\t\t\t\t<div class=\"elementor-element elementor-element-f0de4df elementor-align-center sticky-button-prefixstyle elementor-widget elementor-widget-button\" data-id=\"f0de4df\" data-element_type=\"widget\" data-e-type=\"widget\" data-widget_type=\"button.default\">\n\t\t\t\t\t\t\t\t\t\t<a class=\"elementor-button elementor-button-link elementor-size-sm\" href=\"https:\/\/calmastudio.com\/pilates-biarritz\/\">\n\t\t\t\t\t\t<span class=\"elementor-button-content-wrapper\">\n\t\t\t\t\t\t\t\t\t<span class=\"elementor-button-text\">EN SAVOIR PLUS<\/span>\n\t\t\t\t\t<\/span>\n\t\t\t\t\t<\/a>\n\t\t\t\t\t\t\t\t<\/div>\n\t\t\t\t<\/div>\n\t\t<div class=\"elementor-element elementor-element-c02d825 e-con-full e-flex wpr-particle-no wpr-jarallax-no wpr-parallax-no wpr-sticky-section-no wpr-equal-height-no e-con e-child\" data-id=\"c02d825\" data-element_type=\"container\" data-e-type=\"container\" data-settings=\"{&quot;background_background&quot;:&quot;classic&quot;,&quot;sticky_logo_enable&quot;:&quot;no&quot;}\">\n\t\t\t\t<div class=\"elementor-element elementor-element-699bd5c elementor-widget elementor-widget-image\" data-id=\"699bd5c\" data-element_type=\"widget\" data-e-type=\"widget\" data-widget_type=\"image.default\">\n\t\t\t\t\t\t\t\t\t\t\t\t\t\t\t<img loading=\"lazy\" decoding=\"async\" width=\"200\" height=\"200\" src=\"https:\/\/calmastudio.com\/wp-content\/uploads\/2026\/04\/calma-mama.svg\" class=\"attachment-full size-full wp-image-15316\" alt=\"\" \/>\t\t\t\t\t\t\t\t\t\t\t\t\t\t\t<\/div>\n\t\t\t\t<div class=\"elementor-element elementor-element-8be13ac sticky-heading-prefixstyle elementor-widget__width-inherit elementor-widget elementor-widget-heading\" data-id=\"8be13ac\" data-element_type=\"widget\" data-e-type=\"widget\" data-widget_type=\"heading.default\">\n\t\t\t\t\t<h4 class=\"elementor-heading-title elementor-size-default\">COURS POUR MAMANS<\/h4>\t\t\t\t<\/div>\n\t\t\t\t<div class=\"elementor-element elementor-element-a828fd1 elementor-widget elementor-widget-text-editor\" data-id=\"a828fd1\" data-element_type=\"widget\" data-e-type=\"widget\" data-widget_type=\"text-editor.default\">\n\t\t\t\t\t\t\t\t\t<p data-start=\"0\" data-end=\"97\">Un espace de mouvement et de souffle pour accompagner la grossesse et le postpartum.\u00a0<\/p><p data-start=\"0\" data-end=\"97\">Douceur. Lien. Partage.<\/p>\t\t\t\t\t\t\t\t<\/div>\n\t\t\t\t<div class=\"elementor-element elementor-element-0b1e5e2 elementor-align-center sticky-button-prefixstyle elementor-widget elementor-widget-button\" data-id=\"0b1e5e2\" data-element_type=\"widget\" data-e-type=\"widget\" data-widget_type=\"button.default\">\n\t\t\t\t\t\t\t\t\t\t<a class=\"elementor-button elementor-button-link elementor-size-sm\" href=\"https:\/\/calmastudio.com\/calma-mama\/\">\n\t\t\t\t\t\t<span class=\"elementor-button-content-wrapper\">\n\t\t\t\t\t\t\t\t\t<span class=\"elementor-button-text\">EN SAVOIR PLUS<\/span>\n\t\t\t\t\t<\/span>\n\t\t\t\t\t<\/a>\n\t\t\t\t\t\t\t\t<\/div>\n\t\t\t\t<\/div>\n\t\t\t\t\t<\/div>\n\t\t\t\t<\/div>\n\t\t<div class=\"elementor-element elementor-element-e877cd0 e-flex e-con-boxed wpr-particle-no wpr-jarallax-no wpr-parallax-no wpr-sticky-section-no wpr-equal-height-no e-con e-child\" data-id=\"e877cd0\" data-element_type=\"container\" data-e-type=\"container\" data-settings=\"{&quot;sticky_logo_enable&quot;:&quot;no&quot;}\">\n\t\t\t\t\t<div class=\"e-con-inner\">\n\t\t<div class=\"elementor-element elementor-element-5cd3670 e-con-full e-flex wpr-particle-no wpr-jarallax-no wpr-parallax-no wpr-sticky-section-no wpr-equal-height-no e-con e-child\" data-id=\"5cd3670\" data-element_type=\"container\" data-e-type=\"container\" data-settings=\"{&quot;background_background&quot;:&quot;classic&quot;,&quot;sticky_logo_enable&quot;:&quot;no&quot;}\">\n\t\t\t\t<div class=\"elementor-element elementor-element-528feeb elementor-widget elementor-widget-image\" data-id=\"528feeb\" data-element_type=\"widget\" data-e-type=\"widget\" data-widget_type=\"image.default\">\n\t\t\t\t\t\t\t\t\t\t\t\t\t\t\t<img loading=\"lazy\" decoding=\"async\" width=\"200\" height=\"200\" src=\"https:\/\/calmastudio.com\/wp-content\/uploads\/2026\/04\/calma-doula.svg\" class=\"attachment-full size-full wp-image-15318\" alt=\"\" \/>\t\t\t\t\t\t\t\t\t\t\t\t\t\t\t<\/div>\n\t\t\t\t<div class=\"elementor-element elementor-element-3d2d092 sticky-heading-prefixstyle elementor-widget elementor-widget-heading\" data-id=\"3d2d092\" data-element_type=\"widget\" data-e-type=\"widget\" data-widget_type=\"heading.default\">\n\t\t\t\t\t<h4 class=\"elementor-heading-title elementor-size-default\">SOUTIEN DE DOULA<\/h4>\t\t\t\t<\/div>\n\t\t\t\t<div class=\"elementor-element elementor-element-3e40d06 elementor-widget elementor-widget-text-editor\" data-id=\"3e40d06\" data-element_type=\"widget\" data-e-type=\"widget\" data-widget_type=\"text-editor.default\">\n\t\t\t\t\t\t\t\t\t<p data-start=\"0\" data-end=\"97\">Accompagnement p\u00e9rinatal et \u00e0 la naissance. Bienviellance. Puissance. Soutien.\u00a0<\/p>\t\t\t\t\t\t\t\t<\/div>\n\t\t\t\t<div class=\"elementor-element elementor-element-8c04cef elementor-align-center sticky-button-prefixstyle elementor-widget elementor-widget-button\" data-id=\"8c04cef\" data-element_type=\"widget\" data-e-type=\"widget\" data-widget_type=\"button.default\">\n\t\t\t\t\t\t\t\t\t\t<a class=\"elementor-button elementor-button-link elementor-size-sm\" href=\"https:\/\/calmastudio.com\/doula-biarritz\/\">\n\t\t\t\t\t\t<span class=\"elementor-button-content-wrapper\">\n\t\t\t\t\t\t\t\t\t<span class=\"elementor-button-text\">EN SAVOIR PLUS<\/span>\n\t\t\t\t\t<\/span>\n\t\t\t\t\t<\/a>\n\t\t\t\t\t\t\t\t<\/div>\n\t\t\t\t<\/div>\n\t\t<div class=\"elementor-element elementor-element-5b2429d e-con-full e-flex wpr-particle-no wpr-jarallax-no wpr-parallax-no wpr-sticky-section-no wpr-equal-height-no e-con e-child\" data-id=\"5b2429d\" data-element_type=\"container\" data-e-type=\"container\" data-settings=\"{&quot;background_background&quot;:&quot;classic&quot;,&quot;sticky_logo_enable&quot;:&quot;no&quot;}\">\n\t\t\t\t<div class=\"elementor-element elementor-element-6201c51 elementor-widget elementor-widget-image\" data-id=\"6201c51\" data-element_type=\"widget\" data-e-type=\"widget\" data-widget_type=\"image.default\">\n\t\t\t\t\t\t\t\t\t\t\t\t\t\t\t<img loading=\"lazy\" decoding=\"async\" width=\"200\" height=\"200\" src=\"https:\/\/calmastudio.com\/wp-content\/uploads\/2026\/04\/calma-rebozo.svg\" class=\"attachment-full size-full wp-image-15317\" alt=\"\" \/>\t\t\t\t\t\t\t\t\t\t\t\t\t\t\t<\/div>\n\t\t\t\t<div class=\"elementor-element elementor-element-605c8ed sticky-heading-prefixstyle elementor-widget elementor-widget-heading\" data-id=\"605c8ed\" data-element_type=\"widget\" data-e-type=\"widget\" data-widget_type=\"heading.default\">\n\t\t\t\t\t<h4 class=\"elementor-heading-title elementor-size-default\">SOINS Rebozo<\/h4>\t\t\t\t<\/div>\n\t\t\t\t<div class=\"elementor-element elementor-element-72794f1 elementor-widget elementor-widget-text-editor\" data-id=\"72794f1\" data-element_type=\"widget\" data-e-type=\"widget\" data-widget_type=\"text-editor.default\">\n\t\t\t\t\t\t\t\t\t<p data-start=\"0\" data-end=\"78\">Accompagnement des passages de la vie f\u00e9minine.<br \/>Moment pour ralentir, se d\u00e9poser et se relier \u00e0 soi.<\/p>\t\t\t\t\t\t\t\t<\/div>\n\t\t\t\t<div class=\"elementor-element elementor-element-7003553 elementor-align-center sticky-button-prefixstyle elementor-widget elementor-widget-button\" data-id=\"7003553\" data-element_type=\"widget\" data-e-type=\"widget\" data-widget_type=\"button.default\">\n\t\t\t\t\t\t\t\t\t\t<a class=\"elementor-button elementor-button-link elementor-size-sm\" href=\"https:\/\/calmastudio.com\/rebozo-biarritz\/\">\n\t\t\t\t\t\t<span class=\"elementor-button-content-wrapper\">\n\t\t\t\t\t\t\t\t\t<span class=\"elementor-button-text\">EN SAVOIR PLUS<\/span>\n\t\t\t\t\t<\/span>\n\t\t\t\t\t<\/a>\n\t\t\t\t\t\t\t\t<\/div>\n\t\t\t\t<\/div>\n\t\t\t\t\t<\/div>\n\t\t\t\t<\/div>\n\t\t\t\t\t<\/div>\n\t\t\t\t<\/div>\n\t\t\t\t<\/div>\n\t\t<div class=\"elementor-element elementor-element-74042fc e-flex e-con-boxed wpr-particle-no wpr-jarallax-no wpr-parallax-no wpr-sticky-section-no wpr-equal-height-no e-con e-parent\" data-id=\"74042fc\" data-element_type=\"container\" data-e-type=\"container\" data-settings=\"{&quot;background_background&quot;:&quot;classic&quot;,&quot;sticky_logo_enable&quot;:&quot;no&quot;}\">\n\t\t\t\t\t<div class=\"e-con-inner\">\n\t\t\t\t<div class=\"elementor-element elementor-element-5656829 elementor-widget elementor-widget-html\" data-id=\"5656829\" data-element_type=\"widget\" data-e-type=\"widget\" data-widget_type=\"html.default\">\n\t\t\t\t\t<script type=\"application\/ld+json\">\n{\n  \"@context\": \"https:\/\/schema.org\",\n  \"@graph\": [\n    {\n      \"@type\": \"SportsActivityLocation\",\n      \"@id\": \"https:\/\/calmastudio.com\/fr\/#organization\",\n      \"name\": \"Calma Studio\",\n      \"url\": \"https:\/\/calmastudio.com\/fr\/\",\n      \"telephone\": \"+33672254512\",\n      \"image\": \"https:\/\/i0.wp.com\/calmastudio.com\/wp-content\/uploads\/2024\/03\/logo-png-1.png?w=120&ssl=1\",\n      \"address\": {\n        \"@type\": \"PostalAddress\",\n        \"streetAddress\": \"48 avenue de Verdun\",\n        \"addressLocality\": \"Biarritz\",\n        \"postalCode\": \"64200\",\n        \"addressRegion\": \"Nouvelle-Aquitaine\",\n        \"addressCountry\": \"FR\"\n      },\n      \"geo\": {\n        \"@type\": \"GeoCoordinates\",\n        \"latitude\": 43.4817796,\n        \"longitude\": -1.5534824\n      },\n      \"sameAs\": [\n        \"https:\/\/www.facebook.com\/people\/Calma-Studio\/100076435625113\/\",\n        \"https:\/\/www.instagram.com\/calma_studio\/\"\n      ]\n    }\n  ]\n}\n<\/script>\t\t\t\t<\/div>\n\t\t\t\t\t<\/div>\n\t\t\t\t<\/div>\n\t\t\t\t<\/div>\n\t\t","protected":false},"excerpt":{"rendered":"<p>MOUVEMENT, CONSCIENCE, PUISSANCE, SOUTIEN Studio de Pilates sur Reformer, Appareils &amp; Mat \u00e0 Biarritz. Cours et ateliers d\u00e9di\u00e9s aux futures et jeunes mamans.\u00a0 Accompagnement de Doula, Soins Rebozo, Cercles.\u00a0\u00a0 Un espace bien-\u00eatre au c\u0153ur du Pays Basque. R\u00c9SERVEZ VOTRE S\u00c9ANCE CHOISISSEZ VOTRE CALMA EN SAVOIR PLUS EN SAVOIR PLUS EN SAVOIR PLUS EN SAVOIR PLUS CALMA STUDIO VOUS PROPOSE Cours de Pilates Cours personnalis\u00e9s sur Appareils ou Tapis.S\u00e9ances priv\u00e9es, semi-priv\u00e9es et en petits groupes. Un entra\u00eenement polyvalent et intelligent. EN SAVOIR PLUS COURS POUR MAMANS Un espace de mouvement et de souffle pour accompagner la grossesse et le postpartum.\u00a0 Douceur. Lien. Partage. EN SAVOIR PLUS SOUTIEN DE DOULA Accompagnement p\u00e9rinatal et \u00e0 la naissance. Bienviellance. Puissance. Soutien.\u00a0 EN SAVOIR PLUS SOINS Rebozo Accompagnement des passages de la vie f\u00e9minine.Moment pour ralentir, se d\u00e9poser et se relier \u00e0 soi. EN SAVOIR PLUS<\/p>\n","protected":false},"author":1,"featured_media":0,"parent":0,"menu_order":0,"comment_status":"closed","ping_status":"closed","template":"","meta":{"om_disable_all_campaigns":false,"_monsterinsights_skip_tracking":false,"_monsterinsights_sitenote_active":false,"_monsterinsights_sitenote_note":"","_monsterinsights_sitenote_category":0,"_uf_show_specific_survey":0,"_uf_disable_surveys":false,"footnotes":""},"class_list":["post-4","page","type-page","status-publish","hentry"],"aioseo_notices":[],"_links":{"self":[{"href":"https:\/\/calmastudio.com\/fr\/wp-json\/wp\/v2\/pages\/4","targetHints":{"allow":["GET"]}}],"collection":[{"href":"https:\/\/calmastudio.com\/fr\/wp-json\/wp\/v2\/pages"}],"about":[{"href":"https:\/\/calmastudio.com\/fr\/wp-json\/wp\/v2\/types\/page"}],"author":[{"embeddable":true,"href":"https:\/\/calmastudio.com\/fr\/wp-json\/wp\/v2\/users\/1"}],"replies":[{"embeddable":true,"href":"https:\/\/calmastudio.com\/fr\/wp-json\/wp\/v2\/comments?post=4"}],"version-history":[{"count":1507,"href":"https:\/\/calmastudio.com\/fr\/wp-json\/wp\/v2\/pages\/4\/revisions"}],"predecessor-version":[{"id":17359,"href":"https:\/\/calmastudio.com\/fr\/wp-json\/wp\/v2\/pages\/4\/revisions\/17359"}],"wp:attachment":[{"href":"https:\/\/calmastudio.com\/fr\/wp-json\/wp\/v2\/media?parent=4"}],"curies":[{"name":"wp","href":"https:\/\/api.w.org\/{rel}","templated":true}]}}