{"id":297,"date":"2020-08-20T13:46:55","date_gmt":"2020-08-20T12:46:55","guid":{"rendered":"https:\/\/calmastudio.com\/?page_id=297"},"modified":"2024-05-18T18:48:34","modified_gmt":"2024-05-18T16:48:34","slug":"pourquoi-calma-studio","status":"publish","type":"page","link":"https:\/\/calmastudio.com\/fr\/pourquoi-calma-studio\/","title":{"rendered":"Ma philosophie"},"content":{"rendered":"\t\t<div data-elementor-type=\"wp-page\" data-elementor-id=\"297\" class=\"elementor elementor-297\">\n\t\t\t\t\t\t<section class=\"elementor-section elementor-top-section elementor-element elementor-element-35d896f2 elementor-section-height-min-height elementor-section-boxed elementor-section-height-default elementor-section-items-middle wpr-particle-no wpr-jarallax-no wpr-parallax-no wpr-sticky-section-no\" data-id=\"35d896f2\" data-element_type=\"section\" data-e-type=\"section\" data-settings=\"{&quot;background_background&quot;:&quot;classic&quot;}\">\n\t\t\t\t\t\t\t<div class=\"elementor-background-overlay\"><\/div>\n\t\t\t\t\t\t\t<div class=\"elementor-container elementor-column-gap-default\">\n\t\t\t\t\t<div class=\"elementor-column elementor-col-100 elementor-top-column elementor-element elementor-element-7aea167b\" data-id=\"7aea167b\" data-element_type=\"column\" data-e-type=\"column\">\n\t\t\t<div class=\"elementor-widget-wrap elementor-element-populated\">\n\t\t\t\t\t\t<div class=\"elementor-element elementor-element-70bd303 elementor-widget elementor-widget-heading\" data-id=\"70bd303\" data-element_type=\"widget\" data-e-type=\"widget\" data-widget_type=\"heading.default\">\n\t\t\t\t<div class=\"elementor-widget-container\">\n\t\t\t\t\t<h1 class=\"elementor-heading-title elementor-size-default\">L'HISTOIRE DE CALMA<\/h1>\t\t\t\t<\/div>\n\t\t\t\t<\/div>\n\t\t\t\t\t<\/div>\n\t\t<\/div>\n\t\t\t\t\t<\/div>\n\t\t<\/section>\n\t\t\t\t<section class=\"elementor-section elementor-top-section elementor-element elementor-element-d79c2ce elementor-section-boxed elementor-section-height-default elementor-section-height-default wpr-particle-no wpr-jarallax-no wpr-parallax-no wpr-sticky-section-no\" data-id=\"d79c2ce\" data-element_type=\"section\" data-e-type=\"section\" data-settings=\"{&quot;background_background&quot;:&quot;classic&quot;}\">\n\t\t\t\t\t\t<div class=\"elementor-container elementor-column-gap-default\">\n\t\t\t\t\t<div class=\"elementor-column elementor-col-16 elementor-top-column elementor-element elementor-element-489eb71\" data-id=\"489eb71\" data-element_type=\"column\" data-e-type=\"column\">\n\t\t\t<div class=\"elementor-widget-wrap\">\n\t\t\t\t\t\t\t<\/div>\n\t\t<\/div>\n\t\t\t\t<div class=\"elementor-column elementor-col-66 elementor-top-column elementor-element elementor-element-4f1e7e2\" data-id=\"4f1e7e2\" data-element_type=\"column\" data-e-type=\"column\">\n\t\t\t<div class=\"elementor-widget-wrap elementor-element-populated\">\n\t\t\t\t\t\t<div class=\"elementor-element elementor-element-ea9a7c7 elementor-widget elementor-widget-text-editor\" data-id=\"ea9a7c7\" data-element_type=\"widget\" data-e-type=\"widget\" data-widget_type=\"text-editor.default\">\n\t\t\t\t<div class=\"elementor-widget-container\">\n\t\t\t\t\t\t\t\t\t<h3>Fond Tropical<\/h3><p>Avant de m&rsquo;installer en France et de cr\u00e9er CALMA Studio, j&rsquo;ai \u00e9tudi\u00e9 et donn\u00e9 des cours de Pilates \u00e0 Rio de Janeiro, au Br\u00e9sil, pendant plus d&rsquo;une d\u00e9cennie \u00e0 des hommes et des femmes, sans trop r\u00e9fl\u00e9chir aux concepts. Mon travail \u00e9tait une fusion d\u2019exercices Pilates et de conscience th\u00e9rapeutique du corps avec une touche d\u2019expression dans\u00e9e. Elle a \u00e9galement \u00e9t\u00e9 marqu\u00e9e par une bonne dose de joie et de plaisir, si inh\u00e9rente \u00e0 la culture br\u00e9silienne.<\/p><h3>La F\u00e9minit\u00e9<\/h3><p>Toujours \u00e0 Rio, je suis devenue doula et j&rsquo;ai \u00e9largi mon parcours professionnel en cr\u00e9ant des cours pour les femmes enceintes. Lorsque je suis devenue m\u00e8re, j&rsquo;ai d\u00e9velopp\u00e9 des cours de pr\u00e9paration \u00e0 la naissance et post-partum. Face \u00e0 mes nouveaux r\u00f4les et responsabilit\u00e9s, je me suis beaucoup int\u00e9ress\u00e9e et impliqu\u00e9e dans la complexit\u00e9 de la nature femme. J&rsquo;ai ressenti le d\u00e9sir de soutenir moi-m\u00eame et les autres femmes. C\u2019est pourquoi j\u2019ai commenc\u00e9 \u00e0 organiser des cercles de femmes.<\/p><h3>La Nature Cyclique<\/h3><p>La vie de la femme est marqu\u00e9e par la pr\u00e9sence ou l\u2019absence de r\u00e8gles qui marquent les passages f\u00e9minins et les phases sp\u00e9cifiques de la vie. En connaissant intimement mes \u00e9tudiantes et moi-m\u00eame, je suis devenue plus consciente de nos sch\u00e9mas cycliques. J&rsquo;ai remarqu\u00e9 que mes cours \u00e9taient diff\u00e9rents en fonction de mon propre cycle et de mon niveau d&rsquo;\u00e9nergie. En travaillant avec les m\u00eames femmes pendant de nombreuses ann\u00e9es, j&rsquo;ai \u00e9galement pu percevoir les changements dans leur humeur et leur \u00e9nergie. Certaines manquaient toujours un cours pendant leurs r\u00e8gles. D\u2019autres ont disparu m\u00eame avant, confront\u00e9s \u00e0 un manque d\u2019\u00e9nergie et de tension globale, puis sont r\u00e9apparus pour red\u00e9marrer.<\/p><h3>R\u00e9flexion<\/h3><p>Apr\u00e8s avoir d\u00e9m\u00e9nag\u00e9 en France et \u00eatre devenue maman pour la deuxi\u00e8me fois, j&rsquo;ai profit\u00e9 de l&rsquo;opportunit\u00e9 et du temps pour red\u00e9finir mon travail. Je me suis retrouv\u00e9e \u00e0 la recherche d\u2019une approche diff\u00e9rente, centr\u00e9e sur la femme, la nature cyclique et qui soutiendrait les femmes dans chaque phase de leur vie.\u00a0<\/p><h3>Cr\u00e9ation Du Concept CALMA<\/h3><div>Dans ma vie bien remplie et aux multiples r\u00f4les, je me suis retrouv\u00e9 \u00e0 dire\u00a0<em>calma<\/em> presque tous les autres mots, pour moi-m\u00eame, mes enfants et mon partenaire. Comme un mantra, c&rsquo;\u00e9tait un appel inconscient \u00e0 la pause, au soulagement et au silence.<\/div><div><p>En portugais calma est synonyme de calme, de tranquillit\u00e9 et de s\u00e9r\u00e9nit\u00e9. J&rsquo;ai r\u00e9alis\u00e9 que ce mot incarne ma recherche \u2013 un antidotum aux pressions du style de vie moderne. Nous avons besoin de <em>calma<\/em> pour donner une pause \u00e0 nos vies stressantes et surcharg\u00e9es. Nous avons \u00e9galement besoin de <em>calma<\/em> pour aborder notre entra\u00eenement en respectant notre nature cyclique et en pr\u00e9servant notre f\u00e9minit\u00e9.<\/p><\/div><h3>Philosophie CALMA<\/h3><div>CALMA repr\u00e9sente toutes les mots qui ont toujours \u00e9t\u00e9 importantes dans mon travail : la connexion, l&rsquo;acceptance, l&rsquo;amour de soi, la pleine conscience, la conscience corporelle, le centrage, l&rsquo;alignement, le mouvement et l&rsquo;agilit\u00e9.<\/div><div>\u00a0<\/div><div>CALMA invite les femmes \u00e0 abandonner la r\u00e9p\u00e9tition automatique et les mod\u00e8les masculins de comp\u00e9tition avec nous-m\u00eames et avec les autres. Elle souligne l\u2019amour-propre et l\u2019acceptation de soi pour faire face aux pressions de la soci\u00e9t\u00e9. Elle invite \u00e0 la conscience, \u00e0 la joie, au plaisir et au rire.<\/div>\t\t\t\t\t\t\t\t<\/div>\n\t\t\t\t<\/div>\n\t\t\t\t\t<\/div>\n\t\t<\/div>\n\t\t\t\t<div class=\"elementor-column elementor-col-16 elementor-top-column elementor-element elementor-element-9b0c3cb\" data-id=\"9b0c3cb\" data-element_type=\"column\" data-e-type=\"column\">\n\t\t\t<div class=\"elementor-widget-wrap\">\n\t\t\t\t\t\t\t<\/div>\n\t\t<\/div>\n\t\t\t\t\t<\/div>\n\t\t<\/section>\n\t\t\t\t<section class=\"elementor-section elementor-top-section elementor-element elementor-element-92e579a elementor-section-boxed elementor-section-height-default elementor-section-height-default wpr-particle-no wpr-jarallax-no wpr-parallax-no wpr-sticky-section-no\" data-id=\"92e579a\" data-element_type=\"section\" data-e-type=\"section\" data-settings=\"{&quot;background_background&quot;:&quot;classic&quot;}\">\n\t\t\t\t\t\t<div class=\"elementor-container elementor-column-gap-default\">\n\t\t\t\t\t<div class=\"elementor-column elementor-col-100 elementor-top-column elementor-element elementor-element-1a65e1f\" data-id=\"1a65e1f\" data-element_type=\"column\" data-e-type=\"column\">\n\t\t\t<div class=\"elementor-widget-wrap\">\n\t\t\t\t\t\t\t<\/div>\n\t\t<\/div>\n\t\t\t\t\t<\/div>\n\t\t<\/section>\n\t\t\t\t<\/div>\n\t\t\n    <div class=\"xs_social_share_widget xs_share_url after_content \t\tmain_content  wslu-style-1 wslu-share-box-shaped wslu-fill-colored wslu-none wslu-share-horizontal wslu-theme-font-no wslu-main_content\">\n\n\t\t\n        <ul>\n\t\t\t        <\/ul>\n    <\/div> \n","protected":false},"excerpt":{"rendered":"<p>L&rsquo;HISTOIRE DE CALMA Fond Tropical Avant de m&rsquo;installer en France et de cr\u00e9er CALMA Studio, j&rsquo;ai \u00e9tudi\u00e9 et donn\u00e9 des cours de Pilates \u00e0 Rio de Janeiro, au Br\u00e9sil, pendant plus d&rsquo;une d\u00e9cennie \u00e0 des hommes et des femmes, sans trop r\u00e9fl\u00e9chir aux concepts. Mon travail \u00e9tait une fusion d\u2019exercices Pilates et de conscience th\u00e9rapeutique du corps avec une touche d\u2019expression dans\u00e9e. Elle a \u00e9galement \u00e9t\u00e9 marqu\u00e9e par une bonne dose de joie et de plaisir, si inh\u00e9rente \u00e0 la culture br\u00e9silienne. La F\u00e9minit\u00e9 Toujours \u00e0 Rio, je suis devenue doula et j&rsquo;ai \u00e9largi mon parcours professionnel en cr\u00e9ant des cours pour les femmes enceintes. Lorsque je suis devenue m\u00e8re, j&rsquo;ai d\u00e9velopp\u00e9 des cours de pr\u00e9paration \u00e0 la naissance et post-partum. Face \u00e0 mes nouveaux r\u00f4les et responsabilit\u00e9s, je me suis beaucoup int\u00e9ress\u00e9e et impliqu\u00e9e dans la complexit\u00e9 de la nature femme. J&rsquo;ai ressenti le d\u00e9sir de soutenir moi-m\u00eame et les autres femmes. C\u2019est pourquoi j\u2019ai commenc\u00e9 \u00e0 organiser des cercles de femmes. La Nature Cyclique La vie de la femme est marqu\u00e9e par la pr\u00e9sence ou l\u2019absence de r\u00e8gles qui marquent les passages f\u00e9minins et les phases sp\u00e9cifiques de la vie. En connaissant intimement mes \u00e9tudiantes et moi-m\u00eame, je suis devenue plus consciente de nos sch\u00e9mas cycliques. J&rsquo;ai remarqu\u00e9 que mes cours \u00e9taient diff\u00e9rents en fonction de mon propre cycle et de mon niveau d&rsquo;\u00e9nergie. En travaillant avec les m\u00eames femmes pendant de nombreuses ann\u00e9es, j&rsquo;ai \u00e9galement pu percevoir les changements dans leur humeur et leur \u00e9nergie. Certaines manquaient toujours un cours pendant leurs r\u00e8gles. D\u2019autres ont disparu m\u00eame avant, confront\u00e9s \u00e0 un manque d\u2019\u00e9nergie et de tension globale, puis sont r\u00e9apparus pour red\u00e9marrer. R\u00e9flexion Apr\u00e8s avoir d\u00e9m\u00e9nag\u00e9 en France et \u00eatre devenue maman pour la deuxi\u00e8me fois, j&rsquo;ai profit\u00e9 de l&rsquo;opportunit\u00e9 et du temps pour red\u00e9finir mon travail. Je me suis retrouv\u00e9e \u00e0 la recherche d\u2019une approche diff\u00e9rente, centr\u00e9e sur la femme, la nature cyclique et qui soutiendrait les femmes dans chaque phase de leur vie.\u00a0 Cr\u00e9ation Du Concept CALMA Dans ma vie bien remplie et aux multiples r\u00f4les, je me suis retrouv\u00e9 \u00e0 dire\u00a0calma presque tous les autres mots, pour moi-m\u00eame, mes enfants et mon partenaire. Comme un mantra, c&rsquo;\u00e9tait un appel inconscient \u00e0 la pause, au soulagement et au silence. En portugais calma est synonyme de calme, de tranquillit\u00e9 et de s\u00e9r\u00e9nit\u00e9. J&rsquo;ai r\u00e9alis\u00e9 que ce mot incarne ma recherche \u2013 un antidotum aux pressions du style de vie moderne. Nous avons besoin de calma pour donner une pause \u00e0 nos vies stressantes et surcharg\u00e9es. Nous avons \u00e9galement besoin de calma pour aborder notre entra\u00eenement en respectant notre nature cyclique et en pr\u00e9servant notre f\u00e9minit\u00e9. Philosophie CALMA CALMA repr\u00e9sente toutes les mots qui ont toujours \u00e9t\u00e9 importantes dans mon travail : la connexion, l&rsquo;acceptance, l&rsquo;amour de soi, la pleine conscience, la conscience corporelle, le centrage, l&rsquo;alignement, le mouvement et l&rsquo;agilit\u00e9.\u00a0CALMA invite les femmes \u00e0 abandonner la r\u00e9p\u00e9tition automatique et les mod\u00e8les masculins de comp\u00e9tition avec nous-m\u00eames et avec les autres. Elle souligne l\u2019amour-propre et l\u2019acceptation de soi pour faire face aux pressions de la soci\u00e9t\u00e9. Elle invite \u00e0 la conscience, \u00e0 la joie, au plaisir et au rire.<\/p>\n","protected":false},"author":1,"featured_media":0,"parent":0,"menu_order":0,"comment_status":"closed","ping_status":"closed","template":"elementor_header_footer","meta":{"om_disable_all_campaigns":false,"footnotes":""},"class_list":["post-297","page","type-page","status-publish","hentry"],"aioseo_notices":[],"jetpack_sharing_enabled":true,"_links":{"self":[{"href":"https:\/\/calmastudio.com\/fr\/wp-json\/wp\/v2\/pages\/297","targetHints":{"allow":["GET"]}}],"collection":[{"href":"https:\/\/calmastudio.com\/fr\/wp-json\/wp\/v2\/pages"}],"about":[{"href":"https:\/\/calmastudio.com\/fr\/wp-json\/wp\/v2\/types\/page"}],"author":[{"embeddable":true,"href":"https:\/\/calmastudio.com\/fr\/wp-json\/wp\/v2\/users\/1"}],"replies":[{"embeddable":true,"href":"https:\/\/calmastudio.com\/fr\/wp-json\/wp\/v2\/comments?post=297"}],"version-history":[{"count":340,"href":"https:\/\/calmastudio.com\/fr\/wp-json\/wp\/v2\/pages\/297\/revisions"}],"predecessor-version":[{"id":12916,"href":"https:\/\/calmastudio.com\/fr\/wp-json\/wp\/v2\/pages\/297\/revisions\/12916"}],"wp:attachment":[{"href":"https:\/\/calmastudio.com\/fr\/wp-json\/wp\/v2\/media?parent=297"}],"curies":[{"name":"wp","href":"https:\/\/api.w.org\/{rel}","templated":true}]}}