{"id":19138,"date":"2026-05-05T09:08:56","date_gmt":"2026-05-05T07:08:56","guid":{"rendered":"https:\/\/calmastudio.com\/?page_id=19138"},"modified":"2026-05-05T09:11:14","modified_gmt":"2026-05-05T07:11:14","slug":"blessingway-biarritz","status":"publish","type":"page","link":"https:\/\/calmastudio.com\/fr\/blessingway-biarritz\/","title":{"rendered":"Blessingway"},"content":{"rendered":"\t\t<div data-elementor-type=\"wp-page\" data-elementor-id=\"19138\" class=\"elementor elementor-19138\">\n\t\t\t\t<div class=\"elementor-element elementor-element-9dc4319 e-con-full e-flex wpr-particle-no wpr-jarallax-no wpr-parallax-no wpr-sticky-section-no wpr-equal-height-no e-con e-parent\" data-id=\"9dc4319\" data-element_type=\"container\" data-e-type=\"container\" data-settings=\"{&quot;sticky_logo_enable&quot;:&quot;no&quot;}\">\n\t\t<div class=\"elementor-element elementor-element-6f44de7e e-con-full e-flex wpr-particle-no wpr-jarallax-no wpr-parallax-no wpr-sticky-section-no wpr-equal-height-no e-con e-child\" data-id=\"6f44de7e\" data-element_type=\"container\" data-e-type=\"container\" data-settings=\"{&quot;background_background&quot;:&quot;classic&quot;,&quot;sticky_logo_enable&quot;:&quot;no&quot;}\">\n\t\t<div class=\"elementor-element elementor-element-34cbd2ea e-con-full e-flex wpr-particle-no wpr-jarallax-no wpr-parallax-no wpr-sticky-section-no wpr-equal-height-no e-con e-child\" data-id=\"34cbd2ea\" data-element_type=\"container\" data-e-type=\"container\" data-settings=\"{&quot;sticky_logo_enable&quot;:&quot;no&quot;}\">\n\t\t\t\t<div class=\"elementor-element elementor-element-c26648c elementor-widget elementor-widget-image\" data-id=\"c26648c\" data-element_type=\"widget\" data-e-type=\"widget\" data-widget_type=\"image.default\">\n\t\t\t\t\t\t\t\t\t\t\t\t\t\t\t<img decoding=\"async\" width=\"200\" height=\"200\" src=\"https:\/\/calmastudio.com\/wp-content\/uploads\/2026\/04\/calma-mama-1.svg\" class=\"attachment-full size-full wp-image-16695\" alt=\"\" \/>\t\t\t\t\t\t\t\t\t\t\t\t\t\t\t<\/div>\n\t\t\t\t<div class=\"elementor-element elementor-element-7895009 sticky-heading-prefixstyle elementor-widget elementor-widget-heading\" data-id=\"7895009\" data-element_type=\"widget\" data-e-type=\"widget\" data-widget_type=\"heading.default\">\n\t\t\t\t\t<h1 class=\"elementor-heading-title elementor-size-default\">BLESSINGWAY<\/h1>\t\t\t\t<\/div>\n\t\t\t\t<div class=\"elementor-element elementor-element-67a25295 elementor-widget elementor-widget-text-editor\" data-id=\"67a25295\" data-element_type=\"widget\" data-e-type=\"widget\" data-widget_type=\"text-editor.default\">\n\t\t\t\t\t\t\t\t\t<p>Un cercle de femmes pour c\u00e9l\u00e9brer, soutenir et honorer la future m\u00e8re dans sa transformation.<br data-start=\"93\" data-end=\"96\" \/>Un moment intime et sacr\u00e9 pour nourrir sa force, sa confiance et son passage vers la naissance.<\/p>\t\t\t\t\t\t\t\t<\/div>\n\t\t\t\t<\/div>\n\t\t\t\t<\/div>\n\t\t\t\t<\/div>\n\t\t<div class=\"elementor-element elementor-element-96805b1 e-flex e-con-boxed wpr-particle-no wpr-jarallax-no wpr-parallax-no wpr-sticky-section-no wpr-equal-height-no e-con e-parent\" data-id=\"96805b1\" data-element_type=\"container\" data-e-type=\"container\" data-settings=\"{&quot;background_background&quot;:&quot;classic&quot;,&quot;sticky_logo_enable&quot;:&quot;no&quot;}\">\n\t\t\t\t\t<div class=\"e-con-inner\">\n\t\t<div class=\"elementor-element elementor-element-39e8464 e-flex e-con-boxed wpr-particle-no wpr-jarallax-no wpr-parallax-no wpr-sticky-section-no wpr-equal-height-no e-con e-child\" data-id=\"39e8464\" data-element_type=\"container\" data-e-type=\"container\" data-settings=\"{&quot;background_background&quot;:&quot;classic&quot;,&quot;sticky_logo_enable&quot;:&quot;no&quot;}\">\n\t\t\t\t\t<div class=\"e-con-inner\">\n\t\t\t\t\t<\/div>\n\t\t\t\t<\/div>\n\t\t<div class=\"elementor-element elementor-element-5c00806 e-con-full e-flex wpr-particle-no wpr-jarallax-no wpr-parallax-no wpr-sticky-section-no wpr-equal-height-no e-con e-child\" data-id=\"5c00806\" data-element_type=\"container\" data-e-type=\"container\" data-settings=\"{&quot;background_background&quot;:&quot;classic&quot;,&quot;sticky_logo_enable&quot;:&quot;no&quot;}\">\n\t\t\t\t<div class=\"elementor-element elementor-element-d397337 sticky-heading-prefixstyle elementor-widget elementor-widget-heading\" data-id=\"d397337\" data-element_type=\"widget\" data-e-type=\"widget\" data-widget_type=\"heading.default\">\n\t\t\t\t\t<h4 class=\"elementor-heading-title elementor-size-default\">Blessingway<\/h4>\t\t\t\t<\/div>\n\t\t\t\t<div class=\"elementor-element elementor-element-a2af7a5 elementor-widget elementor-widget-text-editor\" data-id=\"a2af7a5\" data-element_type=\"widget\" data-e-type=\"widget\" data-widget_type=\"text-editor.default\">\n\t\t\t\t\t\t\t\t\t<p>Le Blessingway, ou C\u00e9r\u00e9monie de B\u00e9n\u00e9diction de la M\u00e8re, honore le passage \u00e0 la maternit\u00e9 et c\u00e9l\u00e8bre une femme enceinte.\u00a0<\/p><p>En pr\u00e9sence de femmes proches, la future maman est honor\u00e9e dans sa grossesse, peux retrouver force et confiance pour la naissance, et se sentir soutenue dans son cheminement vers la maternit\u00e9.<\/p><p>Chaque Blessingway est co-cr\u00e9\u00e9e de mani\u00e8re unique avec la maman et ses amies ou famille, habituellement au cours du dernier trimestre.\u00a0<\/p>\t\t\t\t\t\t\t\t<\/div>\n\t\t\t\t<div class=\"elementor-element elementor-element-c9edd8d elementor-align-left left-float-btn sticky-button-prefixstyle elementor-widget elementor-widget-button\" data-id=\"c9edd8d\" data-element_type=\"widget\" data-e-type=\"widget\" data-widget_type=\"button.default\">\n\t\t\t\t\t\t\t\t\t\t<a class=\"elementor-button elementor-button-link elementor-size-sm\" href=\"\/booking\">\n\t\t\t\t\t\t<span class=\"elementor-button-content-wrapper\">\n\t\t\t\t\t\t\t\t\t<span class=\"elementor-button-text\">CONTACTEZ-NOUS POUR PLUS D'INFORMATIONS<\/span>\n\t\t\t\t\t<\/span>\n\t\t\t\t\t<\/a>\n\t\t\t\t\t\t\t\t<\/div>\n\t\t\t\t<\/div>\n\t\t\t\t\t<\/div>\n\t\t\t\t<\/div>\n\t\t\t\t<\/div>\n\t\t","protected":false},"excerpt":{"rendered":"<p>BLESSINGWAY Un cercle de femmes pour c\u00e9l\u00e9brer, soutenir et honorer la future m\u00e8re dans sa transformation.Un moment intime et sacr\u00e9 pour nourrir sa force, sa confiance et son passage vers la naissance. Blessingway Le Blessingway, ou C\u00e9r\u00e9monie de B\u00e9n\u00e9diction de la M\u00e8re, honore le passage \u00e0 la maternit\u00e9 et c\u00e9l\u00e8bre une femme enceinte.\u00a0 En pr\u00e9sence de femmes proches, la future maman est honor\u00e9e dans sa grossesse, peux retrouver force et confiance pour la naissance, et se sentir soutenue dans son cheminement vers la maternit\u00e9. Chaque Blessingway est co-cr\u00e9\u00e9e de mani\u00e8re unique avec la maman et ses amies ou famille, habituellement au cours du dernier trimestre.\u00a0 CONTACTEZ-NOUS POUR PLUS D&rsquo;INFORMATIONS<\/p>\n","protected":false},"author":1,"featured_media":0,"parent":0,"menu_order":0,"comment_status":"closed","ping_status":"closed","template":"elementor_header_footer","meta":{"om_disable_all_campaigns":false,"_monsterinsights_skip_tracking":false,"_monsterinsights_sitenote_active":false,"_monsterinsights_sitenote_note":"","_monsterinsights_sitenote_category":0,"footnotes":""},"class_list":["post-19138","page","type-page","status-publish","hentry"],"aioseo_notices":[],"_links":{"self":[{"href":"https:\/\/calmastudio.com\/fr\/wp-json\/wp\/v2\/pages\/19138","targetHints":{"allow":["GET"]}}],"collection":[{"href":"https:\/\/calmastudio.com\/fr\/wp-json\/wp\/v2\/pages"}],"about":[{"href":"https:\/\/calmastudio.com\/fr\/wp-json\/wp\/v2\/types\/page"}],"author":[{"embeddable":true,"href":"https:\/\/calmastudio.com\/fr\/wp-json\/wp\/v2\/users\/1"}],"replies":[{"embeddable":true,"href":"https:\/\/calmastudio.com\/fr\/wp-json\/wp\/v2\/comments?post=19138"}],"version-history":[{"count":4,"href":"https:\/\/calmastudio.com\/fr\/wp-json\/wp\/v2\/pages\/19138\/revisions"}],"predecessor-version":[{"id":19144,"href":"https:\/\/calmastudio.com\/fr\/wp-json\/wp\/v2\/pages\/19138\/revisions\/19144"}],"wp:attachment":[{"href":"https:\/\/calmastudio.com\/fr\/wp-json\/wp\/v2\/media?parent=19138"}],"curies":[{"name":"wp","href":"https:\/\/api.w.org\/{rel}","templated":true}]}}