{"id":160,"date":"2020-08-06T15:34:18","date_gmt":"2020-08-06T15:34:18","guid":{"rendered":"https:\/\/calmastudio.com\/?page_id=160"},"modified":"2025-11-26T16:29:35","modified_gmt":"2025-11-26T15:29:35","slug":"about-me","status":"publish","type":"page","link":"https:\/\/calmastudio.com\/fr\/about-me\/","title":{"rendered":"Qui suis-je"},"content":{"rendered":"\t\t<div data-elementor-type=\"wp-page\" data-elementor-id=\"160\" class=\"elementor elementor-160\">\n\t\t\t\t\t\t<section class=\"elementor-section elementor-top-section elementor-element elementor-element-d35ef1f elementor-section-height-min-height elementor-section-items-top elementor-section-content-top elementor-section-boxed elementor-section-height-default wpr-particle-no wpr-jarallax-no wpr-parallax-no wpr-sticky-section-no\" data-id=\"d35ef1f\" data-element_type=\"section\" data-e-type=\"section\" data-settings=\"{&quot;background_background&quot;:&quot;classic&quot;}\">\n\t\t\t\t\t\t<div class=\"elementor-container elementor-column-gap-default\">\n\t\t\t\t\t<div class=\"elementor-column elementor-col-50 elementor-top-column elementor-element elementor-element-84a5bf6\" data-id=\"84a5bf6\" data-element_type=\"column\" data-e-type=\"column\">\n\t\t\t<div class=\"elementor-widget-wrap elementor-element-populated\">\n\t\t\t\t\t\t<div class=\"elementor-element elementor-element-9b45310 elementor-hidden-mobile animated-fast elementor-invisible elementor-widget elementor-widget-image\" data-id=\"9b45310\" data-element_type=\"widget\" data-e-type=\"widget\" data-settings=\"{&quot;_animation&quot;:&quot;fadeIn&quot;}\" data-widget_type=\"image.default\">\n\t\t\t\t<div class=\"elementor-widget-container\">\n\t\t\t\t\t\t\t\t\t\t\t\t\t\t\t<img fetchpriority=\"high\" decoding=\"async\" width=\"675\" height=\"900\" src=\"https:\/\/i0.wp.com\/calmastudio.com\/wp-content\/uploads\/2020\/11\/B0005232-Modifier.jpg?fit=675%2C900&amp;ssl=1\" class=\"attachment-full size-full wp-image-1057\" alt=\"\" srcset=\"https:\/\/i0.wp.com\/calmastudio.com\/wp-content\/uploads\/2020\/11\/B0005232-Modifier.jpg?w=675&amp;ssl=1 675w, https:\/\/i0.wp.com\/calmastudio.com\/wp-content\/uploads\/2020\/11\/B0005232-Modifier.jpg?resize=225%2C300&amp;ssl=1 225w\" sizes=\"(max-width: 675px) 100vw, 675px\" \/>\t\t\t\t\t\t\t\t\t\t\t\t\t\t\t<\/div>\n\t\t\t\t<\/div>\n\t\t\t\t\t<\/div>\n\t\t<\/div>\n\t\t\t\t<div class=\"elementor-column elementor-col-50 elementor-top-column elementor-element elementor-element-939c4b8\" data-id=\"939c4b8\" data-element_type=\"column\" data-e-type=\"column\">\n\t\t\t<div class=\"elementor-widget-wrap elementor-element-populated\">\n\t\t\t\t\t\t<div class=\"elementor-element elementor-element-71f5695 elementor-widget elementor-widget-heading\" data-id=\"71f5695\" data-element_type=\"widget\" data-e-type=\"widget\" data-widget_type=\"heading.default\">\n\t\t\t\t<div class=\"elementor-widget-container\">\n\t\t\t\t\t<h2 class=\"elementor-heading-title elementor-size-default\">QUI SUIS-JE ?<\/h2>\t\t\t\t<\/div>\n\t\t\t\t<\/div>\n\t\t\t\t<div class=\"elementor-element elementor-element-05e1d80 elementor-widget elementor-widget-text-editor\" data-id=\"05e1d80\" data-element_type=\"widget\" data-e-type=\"widget\" data-widget_type=\"text-editor.default\">\n\t\t\t\t<div class=\"elementor-widget-container\">\n\t\t\t\t\t\t\t\t\t<p>Je suis Monika, fondatrice de Calma Studio.<\/p><p>Polonaise d&rsquo;origine mais br\u00e9silienne au c\u0153ur, j&rsquo;ai v\u00e9cu 15 ans \u00e0 Rio de Janeiro o\u00f9 j&rsquo;ai \u00e9tudi\u00e9 la danse contemporaine, th\u00e9rapie par le mouvement, je me suis form\u00e9e au Pilates et ouvert mon premier studio en 2014.<\/p><p>Toujours \u00e0 Rio, curieuse de mieux accompagner mes \u00e9l\u00e8ves\u00a0 enceintes, j&rsquo;ai suivi une formation de doula, je me suis sp\u00e9cialis\u00e9e en Pilates pr\u00e9natal, j&rsquo;ai d\u00e9velopp\u00e9 une pr\u00e9paration holistique \u00e0 l&rsquo;accouchement et commenc\u00e9 \u00e0 accompagner les femmes dans ce passage puissant.<\/p><p>En 2018, j&rsquo;ai d\u00e9m\u00e9nag\u00e9 en France et j&rsquo;ai cr\u00e9\u00e9 le concept de CALMA STUDIO \u2013 une approche holistique du mouvement \u00e0 travers le Pilates et d&rsquo;accompagnement de femmes, puis j&rsquo;ai ouvert le Studio en Septembre 2023.\u00a0<\/p>\t\t\t\t\t\t\t\t<\/div>\n\t\t\t\t<\/div>\n\t\t\t\t\t<\/div>\n\t\t<\/div>\n\t\t\t\t\t<\/div>\n\t\t<\/section>\n\t\t\t\t<\/div>\n\t\t\n    <div class=\"xs_social_share_widget xs_share_url after_content \t\tmain_content  wslu-style-1 wslu-share-box-shaped wslu-fill-colored wslu-none wslu-share-horizontal wslu-theme-font-no wslu-main_content\">\n\n\t\t\n        <ul>\n\t\t\t        <\/ul>\n    <\/div> \n","protected":false},"excerpt":{"rendered":"<p>QUI SUIS-JE ? Je suis Monika, fondatrice de Calma Studio. Polonaise d&rsquo;origine mais br\u00e9silienne au c\u0153ur, j&rsquo;ai v\u00e9cu 15 ans \u00e0 Rio de Janeiro o\u00f9 j&rsquo;ai \u00e9tudi\u00e9 la danse contemporaine, th\u00e9rapie par le mouvement, je me suis form\u00e9e au Pilates et ouvert mon premier studio en 2014. Toujours \u00e0 Rio, curieuse de mieux accompagner mes \u00e9l\u00e8ves\u00a0 enceintes, j&rsquo;ai suivi une formation de doula, je me suis sp\u00e9cialis\u00e9e en Pilates pr\u00e9natal, j&rsquo;ai d\u00e9velopp\u00e9 une pr\u00e9paration holistique \u00e0 l&rsquo;accouchement et commenc\u00e9 \u00e0 accompagner les femmes dans ce passage puissant. En 2018, j&rsquo;ai d\u00e9m\u00e9nag\u00e9 en France et j&rsquo;ai cr\u00e9\u00e9 le concept de CALMA STUDIO \u2013 une approche holistique du mouvement \u00e0 travers le Pilates et d&rsquo;accompagnement de femmes, puis j&rsquo;ai ouvert le Studio en Septembre 2023.\u00a0<\/p>\n","protected":false},"author":1,"featured_media":0,"parent":0,"menu_order":0,"comment_status":"closed","ping_status":"closed","template":"","meta":{"om_disable_all_campaigns":false,"footnotes":""},"class_list":["post-160","page","type-page","status-publish","hentry"],"aioseo_notices":[],"jetpack_sharing_enabled":true,"_links":{"self":[{"href":"https:\/\/calmastudio.com\/fr\/wp-json\/wp\/v2\/pages\/160","targetHints":{"allow":["GET"]}}],"collection":[{"href":"https:\/\/calmastudio.com\/fr\/wp-json\/wp\/v2\/pages"}],"about":[{"href":"https:\/\/calmastudio.com\/fr\/wp-json\/wp\/v2\/types\/page"}],"author":[{"embeddable":true,"href":"https:\/\/calmastudio.com\/fr\/wp-json\/wp\/v2\/users\/1"}],"replies":[{"embeddable":true,"href":"https:\/\/calmastudio.com\/fr\/wp-json\/wp\/v2\/comments?post=160"}],"version-history":[{"count":231,"href":"https:\/\/calmastudio.com\/fr\/wp-json\/wp\/v2\/pages\/160\/revisions"}],"predecessor-version":[{"id":14297,"href":"https:\/\/calmastudio.com\/fr\/wp-json\/wp\/v2\/pages\/160\/revisions\/14297"}],"wp:attachment":[{"href":"https:\/\/calmastudio.com\/fr\/wp-json\/wp\/v2\/media?parent=160"}],"curies":[{"name":"wp","href":"https:\/\/api.w.org\/{rel}","templated":true}]}}