{"id":14100,"date":"2025-09-22T17:21:03","date_gmt":"2025-09-22T15:21:03","guid":{"rendered":"https:\/\/calmastudio.com\/?page_id=14100"},"modified":"2025-09-22T17:41:26","modified_gmt":"2025-09-22T15:41:26","slug":"les-cours-alt2","status":"publish","type":"page","link":"https:\/\/calmastudio.com\/fr\/booking\/les-cours-alt2\/","title":{"rendered":"Les cours alt2"},"content":{"rendered":"\t\t<div data-elementor-type=\"wp-page\" data-elementor-id=\"14100\" class=\"elementor elementor-14100\">\n\t\t\t\t\t\t<section class=\"elementor-section elementor-top-section elementor-element elementor-element-d5f6338 elementor-section-boxed elementor-section-height-default elementor-section-height-default wpr-particle-no wpr-jarallax-no wpr-parallax-no wpr-sticky-section-no wpr-equal-height-no\" data-id=\"d5f6338\" data-element_type=\"section\" data-e-type=\"section\" data-settings=\"{&quot;background_background&quot;:&quot;classic&quot;}\">\n\t\t\t\t\t\t<div class=\"elementor-container elementor-column-gap-default\">\n\t\t\t\t\t<div class=\"elementor-column elementor-col-100 elementor-top-column elementor-element elementor-element-1394f56\" data-id=\"1394f56\" data-element_type=\"column\" data-e-type=\"column\">\n\t\t\t<div class=\"elementor-widget-wrap elementor-element-populated\">\n\t\t\t\t\t\t<div class=\"elementor-element elementor-element-2b978f6 elementor-widget elementor-widget-heading\" data-id=\"2b978f6\" data-element_type=\"widget\" data-e-type=\"widget\" data-widget_type=\"heading.default\">\n\t\t\t\t\t<h1 class=\"elementor-heading-title elementor-size-default\">R\u00c9SERVEZ VOS COURS<\/h1>\t\t\t\t<\/div>\n\t\t\t\t\t<\/div>\n\t\t<\/div>\n\t\t\t\t\t<\/div>\n\t\t<\/section>\n\t\t\t\t<section class=\"elementor-section elementor-top-section elementor-element elementor-element-f021e63 elementor-section-height-min-height elementor-section-items-top elementor-section-boxed elementor-section-height-default wpr-particle-no wpr-jarallax-no wpr-parallax-no wpr-sticky-section-no wpr-equal-height-no\" data-id=\"f021e63\" data-element_type=\"section\" data-e-type=\"section\" data-settings=\"{&quot;background_background&quot;:&quot;classic&quot;}\">\n\t\t\t\t\t\t<div class=\"elementor-container elementor-column-gap-default\">\n\t\t\t\t\t<div class=\"elementor-column elementor-col-100 elementor-top-column elementor-element elementor-element-9c15ebf\" data-id=\"9c15ebf\" data-element_type=\"column\" data-e-type=\"column\">\n\t\t\t<div class=\"elementor-widget-wrap elementor-element-populated\">\n\t\t\t\t\t\t<div class=\"elementor-element elementor-element-b9ff061 elementor-widget elementor-widget-text-editor\" data-id=\"b9ff061\" data-element_type=\"widget\" data-e-type=\"widget\" data-widget_type=\"text-editor.default\">\n\t\t\t\t\t\t\t\t\t<p><span style=\"font-size: 16px; font-weight: 300;\">Veuillez consulter nos <\/span><strong style=\"font-size: 16px;\"><a href=\"\/pilates-biarritz\/\">cours de Pilates<\/a><\/strong><span style=\"font-size: 16px; font-weight: 300;\"> et <\/span><strong style=\"font-size: 16px;\"><a title=\"Planning\" href=\"https:\/\/calmastudio.com\/booking\/planning\/\">notre planning<\/a><\/strong><span style=\"font-size: 16px; font-weight: 300;\"> pour choisir votre cours.\u00a0<\/span><\/p><p>Les cours priv\u00e9s sont r\u00e9serv\u00e9s uniquement sur rendez-vous. <strong><a title=\"Contactez-nous\" href=\"\/contact\/\">Contactez-nous<\/a><\/strong> directement.<\/p><p>Les \u00e9l\u00e8ves avec<strong>\u00a0un forfait \u2013\u00a0<\/strong>veuillez r\u00e9server en utilisant\u00a0 <a title=\"Client login\" href=\"https:\/\/calmastudio.com\/booking\/customer-panel\/\"><strong>MON COMPTE<\/strong><\/a><\/p>\t\t\t\t\t\t\t\t<\/div>\n\t\t\t\t<div class=\"elementor-element elementor-element-7a09cfa elementor-widget elementor-widget-catalogbooking\" data-id=\"7a09cfa\" data-element_type=\"widget\" data-e-type=\"widget\" data-widget_type=\"catalogbooking.default\">\n\t\t\t\t<div class=\"elementor-widget-container\">\n\t\t\t\t\t\n<script data-jetpack-boost=\"ignore\">\n  if (typeof hasAmeliaEntitiesApiCall === 'undefined' && ('' === '' && '' !== '1')) {\n    var hasAmeliaEntitiesApiCall = true;\n  }\n  var ameliaShortcodeData = (typeof ameliaShortcodeData === 'undefined') ? [] : ameliaShortcodeData;\n  ameliaShortcodeData.push(\n    {\n      'hasApiCall': (typeof hasAmeliaEntitiesApiCall !== 'undefined') && hasAmeliaEntitiesApiCall,\n      'trigger': '',\n      'trigger_type': '',\n      'triggered_form': 'cbf',\n      'in_dialog': '',\n      'show': '',\n      'counter': '1000',\n      'package': '',\n      'category': '',\n      'service': '',\n      'employee': '1',\n      'location': '',\n      'categories_hidden': '1'\n    }\n  );\n  var ameliaShortcodeDataTriggered = (typeof ameliaShortcodeDataTriggered === 'undefined') ? [] : ameliaShortcodeDataTriggered;\n  if (ameliaShortcodeData[ameliaShortcodeData.length - 1].trigger !== '') {\n    if (ameliaShortcodeDataTriggered.filter(a => a.counter === ameliaShortcodeData[ameliaShortcodeData.length - 1].counter).length === 0) {\n      ameliaShortcodeDataTriggered.push(ameliaShortcodeData.pop());\n    } else {\n      ameliaShortcodeData.pop()\n    }\n  }\n  if (typeof hasAmeliaEntitiesApiCall !== 'undefined' && hasAmeliaEntitiesApiCall) {\n    hasAmeliaEntitiesApiCall = false;\n  }\n<\/script>\n\n<div\n  id=\"amelia-v2-booking-1000\"\n  class=\"amelia-v2-booking\"\n>\n    <catalog-form-wrapper><\/catalog-form-wrapper><\/div>\n\t\t\t\t<\/div>\n\t\t\t\t<\/div>\n\t\t\t\t\t<\/div>\n\t\t<\/div>\n\t\t\t\t\t<\/div>\n\t\t<\/section>\n\t\t\t\t<section class=\"elementor-section elementor-top-section elementor-element elementor-element-a3449a9 elementor-section-height-min-height elementor-section-items-top elementor-section-boxed elementor-section-height-default wpr-particle-no wpr-jarallax-no wpr-parallax-no wpr-sticky-section-no wpr-equal-height-no\" data-id=\"a3449a9\" data-element_type=\"section\" data-e-type=\"section\" data-settings=\"{&quot;background_background&quot;:&quot;classic&quot;}\">\n\t\t\t\t\t\t<div class=\"elementor-container elementor-column-gap-default\">\n\t\t\t\t\t<div class=\"elementor-column elementor-col-100 elementor-top-column elementor-element elementor-element-fc7bf7f\" data-id=\"fc7bf7f\" data-element_type=\"column\" data-e-type=\"column\">\n\t\t\t<div class=\"elementor-widget-wrap elementor-element-populated\">\n\t\t\t\t\t\t<div class=\"elementor-element elementor-element-4c8879d elementor-widget elementor-widget-text-editor\" data-id=\"4c8879d\" data-element_type=\"widget\" data-e-type=\"widget\" data-widget_type=\"text-editor.default\">\n\t\t\t\t\t\t\t\t\t<h3>INFORMATIONS IMPORTANTES\u00a0<\/h3><p>Les annulations et les reports sont possibles jusqu&rsquo;\u00e0 <strong>24h<\/strong> avant les cours uniquement.\u00a0 Pass\u00e9 ce d\u00e9lai, le cours sera consid\u00e9r\u00e9 comme d\u00fb.\u00a0<\/p><p>Comme notre studio est de petite taille et que les places sont limit\u00e9es, cette politique nous aide \u00e0 en assurer le bon fonctionnement.<\/p><p>Merci de votre compr\u00e9hension.\u00a0<\/p>\t\t\t\t\t\t\t\t<\/div>\n\t\t\t\t\t<\/div>\n\t\t<\/div>\n\t\t\t\t\t<\/div>\n\t\t<\/section>\n\t\t\t\t<\/div>\n\t\t\n    <div class=\"xs_social_share_widget xs_share_url after_content \t\tmain_content  wslu-style-1 wslu-share-box-shaped wslu-fill-colored wslu-none wslu-share-horizontal wslu-theme-font-no wslu-main_content\">\n\n\t\t\n        <ul>\n\t\t\t        <\/ul>\n    <\/div> \n","protected":false},"excerpt":{"rendered":"<p>R\u00c9SERVEZ VOS COURS Veuillez consulter nos cours de Pilates et notre planning pour choisir votre cours.\u00a0 Les cours priv\u00e9s sont r\u00e9serv\u00e9s uniquement sur rendez-vous. Contactez-nous directement. Les \u00e9l\u00e8ves avec\u00a0un forfait \u2013\u00a0veuillez r\u00e9server en utilisant\u00a0 MON COMPTE INFORMATIONS IMPORTANTES\u00a0 Les annulations et les reports sont possibles jusqu&rsquo;\u00e0 24h avant les cours uniquement.\u00a0 Pass\u00e9 ce d\u00e9lai, le cours sera consid\u00e9r\u00e9 comme d\u00fb.\u00a0 Comme notre studio est de petite taille et que les places sont limit\u00e9es, cette politique nous aide \u00e0 en assurer le bon fonctionnement. Merci de votre compr\u00e9hension.\u00a0<\/p>\n","protected":false},"author":4,"featured_media":0,"parent":3275,"menu_order":0,"comment_status":"closed","ping_status":"closed","template":"elementor_header_footer","meta":{"om_disable_all_campaigns":false,"footnotes":""},"class_list":["post-14100","page","type-page","status-publish","hentry"],"aioseo_notices":[],"_links":{"self":[{"href":"https:\/\/calmastudio.com\/fr\/wp-json\/wp\/v2\/pages\/14100","targetHints":{"allow":["GET"]}}],"collection":[{"href":"https:\/\/calmastudio.com\/fr\/wp-json\/wp\/v2\/pages"}],"about":[{"href":"https:\/\/calmastudio.com\/fr\/wp-json\/wp\/v2\/types\/page"}],"author":[{"embeddable":true,"href":"https:\/\/calmastudio.com\/fr\/wp-json\/wp\/v2\/users\/4"}],"replies":[{"embeddable":true,"href":"https:\/\/calmastudio.com\/fr\/wp-json\/wp\/v2\/comments?post=14100"}],"version-history":[{"count":13,"href":"https:\/\/calmastudio.com\/fr\/wp-json\/wp\/v2\/pages\/14100\/revisions"}],"predecessor-version":[{"id":14126,"href":"https:\/\/calmastudio.com\/fr\/wp-json\/wp\/v2\/pages\/14100\/revisions\/14126"}],"up":[{"embeddable":true,"href":"https:\/\/calmastudio.com\/fr\/wp-json\/wp\/v2\/pages\/3275"}],"wp:attachment":[{"href":"https:\/\/calmastudio.com\/fr\/wp-json\/wp\/v2\/media?parent=14100"}],"curies":[{"name":"wp","href":"https:\/\/api.w.org\/{rel}","templated":true}]}}