{"id":942,"date":"2020-11-13T15:08:48","date_gmt":"2020-11-13T14:08:48","guid":{"rendered":"https:\/\/calmastudio.com\/?page_id=942"},"modified":"2026-04-13T10:51:49","modified_gmt":"2026-04-13T08:51:49","slug":"pilates-biarritz","status":"publish","type":"page","link":"https:\/\/calmastudio.com\/en\/pilates-biarritz\/","title":{"rendered":"Calma Pilates"},"content":{"rendered":"<div data-elementor-type=\"wp-page\" data-elementor-id=\"942\" class=\"elementor elementor-942\">\n\t\t\t\t<div class=\"elementor-element elementor-element-72f7cd5 e-flex e-con-boxed wpr-particle-no wpr-jarallax-no wpr-parallax-no wpr-sticky-section-no wpr-equal-height-no e-con e-parent\" data-id=\"72f7cd5\" data-element_type=\"container\" data-e-type=\"container\" data-settings=\"{&quot;background_background&quot;:&quot;classic&quot;}\">\n\t\t\t\t\t<div class=\"e-con-inner\">\n\t\t<div class=\"elementor-element elementor-element-3c60116 e-con-full e-flex wpr-particle-no wpr-jarallax-no wpr-parallax-no wpr-sticky-section-no wpr-equal-height-no e-con e-child\" data-id=\"3c60116\" data-element_type=\"container\" data-e-type=\"container\">\n\t\t\t\t<\/div>\n\t\t<div class=\"elementor-element elementor-element-2335386 e-con-full e-flex wpr-particle-no wpr-jarallax-no wpr-parallax-no wpr-sticky-section-no wpr-equal-height-no e-con e-child\" data-id=\"2335386\" data-element_type=\"container\" data-e-type=\"container\">\n\t\t\t\t<div class=\"elementor-element elementor-element-4375a66 elementor-widget elementor-widget-heading\" data-id=\"4375a66\" data-element_type=\"widget\" data-e-type=\"widget\" data-widget_type=\"heading.default\">\n\t\t\t\t\t<h5 class=\"elementor-heading-title elementor-size-default\">TAILOR MADE PILATES\n<\/h5>\t\t\t\t<\/div>\n\t\t\t\t<div class=\"elementor-element elementor-element-f0c007f elementor-widget elementor-widget-text-editor\" data-id=\"f0c007f\" data-element_type=\"widget\" data-e-type=\"widget\" data-widget_type=\"text-editor.default\">\n\t\t\t\t\t\t\t\t\t<p>Pilates is a holistic, precise, intense and non-impact method that uses mobilization, stabilization, strengthening and stretching exercises accompanied by specific control of breathing and movements.<\/p><p>Done on specific machines or on mats, it is very effective for strengthening deep muscles, balancing the body, developing better posture and body awareness.<\/p><p>At Calma Studio, we believe that<em> less is more<\/em> and we priorize quality over quantity. We offer solo, duo or small group classes, in different formats, to guarantee quality and adequate correction.\u00a0<\/p><p>Our Studio is equipped with\u00a0<em>Balanced Body<\/em>\u00a0Machines such as Reformer Tower, Chair and Spring Board. Moreover, different accessories such as Foam Roller, Swiss Ball, Overball and Elastic Bands are also used to provide you with a versified and intelligent workout.<\/p>\t\t\t\t\t\t\t\t<\/div>\n\t\t<div class=\"elementor-element elementor-element-30f58d3 e-con-full e-flex wpr-particle-no wpr-jarallax-no wpr-parallax-no wpr-sticky-section-no wpr-equal-height-no e-con e-child\" data-id=\"30f58d3\" data-element_type=\"container\" data-e-type=\"container\">\n\t\t<div class=\"elementor-element elementor-element-8d42e6a e-con-full e-flex wpr-particle-no wpr-jarallax-no wpr-parallax-no wpr-sticky-section-no wpr-equal-height-no e-con e-child\" data-id=\"8d42e6a\" data-element_type=\"container\" data-e-type=\"container\">\n\t\t\t\t<div class=\"elementor-element elementor-element-e5145c7 elementor-align-left left-float-btn elementor-widget elementor-widget-button\" data-id=\"e5145c7\" data-element_type=\"widget\" data-e-type=\"widget\" data-widget_type=\"button.default\">\n\t\t\t\t\t\t\t\t\t\t<a class=\"elementor-button elementor-button-link elementor-size-xl\" href=\"\/booking\/cours-pilates\/\">\n\t\t\t\t\t\t<span class=\"elementor-button-content-wrapper\">\n\t\t\t\t\t\t\t\t\t<span class=\"elementor-button-text\">BOOK CLASS<\/span>\n\t\t\t\t\t<\/span>\n\t\t\t\t\t<\/a>\n\t\t\t\t\t\t\t\t<\/div>\n\t\t\t\t<\/div>\n\t\t<div class=\"elementor-element elementor-element-9b1b105 e-con-full e-flex wpr-particle-no wpr-jarallax-no wpr-parallax-no wpr-sticky-section-no wpr-equal-height-no e-con e-child\" data-id=\"9b1b105\" data-element_type=\"container\" data-e-type=\"container\">\n\t\t\t\t<div class=\"elementor-element elementor-element-6b263d9 elementor-align-left left-float-btn elementor-widget elementor-widget-button\" data-id=\"6b263d9\" data-element_type=\"widget\" data-e-type=\"widget\" data-widget_type=\"button.default\">\n\t\t\t\t\t\t\t\t\t\t<a class=\"elementor-button elementor-button-link elementor-size-xl\" href=\"\/booking\/planning\/\">\n\t\t\t\t\t\t<span class=\"elementor-button-content-wrapper\">\n\t\t\t\t\t\t\t\t\t<span class=\"elementor-button-text\">SEE SCHEDULE<\/span>\n\t\t\t\t\t<\/span>\n\t\t\t\t\t<\/a>\n\t\t\t\t\t\t\t\t<\/div>\n\t\t\t\t<\/div>\n\t\t\t\t<\/div>\n\t\t\t\t<\/div>\n\t\t<div class=\"elementor-element elementor-element-1a541f9 e-con-full e-flex wpr-particle-no wpr-jarallax-no wpr-parallax-no wpr-sticky-section-no wpr-equal-height-no e-con e-child\" data-id=\"1a541f9\" data-element_type=\"container\" data-e-type=\"container\">\n\t\t\t\t<\/div>\n\t\t\t\t\t<\/div>\n\t\t\t\t<\/div>\n\t\t<div class=\"elementor-element elementor-element-572154e e-flex e-con-boxed wpr-particle-no wpr-jarallax-no wpr-parallax-no wpr-sticky-section-no wpr-equal-height-no e-con e-parent\" data-id=\"572154e\" data-element_type=\"container\" data-e-type=\"container\" data-settings=\"{&quot;background_background&quot;:&quot;classic&quot;}\">\n\t\t\t\t\t<div class=\"e-con-inner\">\n\t\t<div class=\"elementor-element elementor-element-0febdb1 e-con-full e-flex wpr-particle-no wpr-jarallax-no wpr-parallax-no wpr-sticky-section-no wpr-equal-height-no e-con e-child\" data-id=\"0febdb1\" data-element_type=\"container\" data-e-type=\"container\">\n\t\t\t\t<\/div>\n\t\t\t\t\t<\/div>\n\t\t\t\t<\/div>\n\t\t<div class=\"elementor-element elementor-element-daafe24 e-flex e-con-boxed wpr-particle-no wpr-jarallax-no wpr-parallax-no wpr-sticky-section-no wpr-equal-height-no e-con e-parent\" data-id=\"daafe24\" data-element_type=\"container\" data-e-type=\"container\" data-settings=\"{&quot;background_background&quot;:&quot;classic&quot;}\">\n\t\t\t\t\t<div class=\"e-con-inner\">\n\t\t<div class=\"elementor-element elementor-element-d4e6c13 e-con-full e-flex wpr-particle-no wpr-jarallax-no wpr-parallax-no wpr-sticky-section-no wpr-equal-height-no e-con e-child\" data-id=\"d4e6c13\" data-element_type=\"container\" data-e-type=\"container\">\n\t\t\t\t<div class=\"elementor-element elementor-element-8d585d6 elementor-widget elementor-widget-heading\" data-id=\"8d585d6\" data-element_type=\"widget\" data-e-type=\"widget\" data-widget_type=\"heading.default\">\n\t\t\t\t\t<h5 class=\"elementor-heading-title elementor-size-default\">CALMA PILATES CLASSES\n<\/h5>\t\t\t\t<\/div>\n\t\t\t\t<div class=\"elementor-element elementor-element-05e4291 elementor-widget elementor-widget-text-editor\" data-id=\"05e4291\" data-element_type=\"widget\" data-e-type=\"widget\" data-widget_type=\"text-editor.default\">\n\t\t\t\t\t\t\t\t\t<p style=\"text-align: center;\">All our classes are based on the key principles of the Pilates Method and develop<\/p><p>&#8211; <strong>stabilit\u00e9<\/strong> &#8211; pour une meilleure posture et alignement<\/p><p style=\"text-align: center;\">&#8211;\u00a0 <strong>mobilit\u00e9<\/strong> &#8211; pour la sant\u00e9 de votre colonne vertebral et articulations<\/p><p>&#8211; <strong>force<\/strong> &#8211; pour les muscles plus fortes sans impact.<\/p><p>&#8211; <strong>souplesse<\/strong> &#8211; pour un corps \u00e9quilibr\u00e9, agile et flexible<\/p>\t\t\t\t\t\t\t\t<\/div>\n\t\t<div class=\"elementor-element elementor-element-5034963 e-con-full e-flex wpr-particle-no wpr-jarallax-no wpr-parallax-no wpr-sticky-section-no wpr-equal-height-no e-con e-child\" data-id=\"5034963\" data-element_type=\"container\" data-e-type=\"container\">\n\t\t<div class=\"elementor-element elementor-element-3ed8c3d e-con-full e-flex wpr-particle-no wpr-jarallax-no wpr-parallax-no wpr-sticky-section-no wpr-equal-height-no e-con e-child\" data-id=\"3ed8c3d\" data-element_type=\"container\" data-e-type=\"container\" data-settings=\"{&quot;background_background&quot;:&quot;classic&quot;}\">\n\t\t\t\t<div class=\"elementor-element elementor-element-6ef93c3 elementor-widget elementor-widget-heading\" data-id=\"6ef93c3\" data-element_type=\"widget\" data-e-type=\"widget\" data-widget_type=\"heading.default\">\n\t\t\t\t\t<h3 class=\"elementor-heading-title elementor-size-default\">PILATES PRIV\u00c9 PREMIUM<\/h3>\t\t\t\t<\/div>\n\t\t\t\t<div class=\"elementor-element elementor-element-9423656 elementor-widget elementor-widget-heading\" data-id=\"9423656\" data-element_type=\"widget\" data-e-type=\"widget\" data-widget_type=\"heading.default\">\n\t\t\t\t\t<h3 class=\"elementor-heading-title elementor-size-default\">* solo ou duo<\/h3>\t\t\t\t<\/div>\n\t\t\t\t<div class=\"elementor-element elementor-element-296da9e elementor-widget__width-initial elementor-widget elementor-widget-text-editor\" data-id=\"296da9e\" data-element_type=\"widget\" data-e-type=\"widget\" data-widget_type=\"text-editor.default\">\n\t\t\t\t\t\t\t\t\t<p>Tailor-made classes on machines and accessories that meet your personal needs and goals.<\/p><p><span style=\"background-color: var( --e-global-color-primary ); font-family: var( --e-global-typography-text-font-family ), Sans-serif; font-size: var( --e-global-typography-text-font-size ); font-weight: var( --e-global-typography-text-font-weight );\">The perfect choice for those who:<\/span><\/p><ul><li><span style=\"background-color: var( --e-global-color-primary ); font-family: var( --e-global-typography-text-font-family ), Sans-serif; font-size: var( --e-global-typography-text-font-size ); font-weight: var( --e-global-typography-text-font-weight );\">discover the method<\/span><\/li><li><span style=\"background-color: var( --e-global-color-primary ); font-family: var( --e-global-typography-text-font-family ), Sans-serif; font-size: var( --e-global-typography-text-font-size ); font-weight: var( --e-global-typography-text-font-weight );\">appr\u00e9cient une approche 100% personnalis\u00e9e<\/span><\/li><li><span style=\"background-color: var( --e-global-color-primary ); font-family: var( --e-global-typography-text-font-family ), Sans-serif; font-size: var( --e-global-typography-text-font-size ); font-weight: var( --e-global-typography-text-font-weight );\">ont des blessures ou<\/span><span style=\"background-color: var( --e-global-color-primary ); font-family: var( --e-global-typography-text-font-family ), Sans-serif; font-size: var( --e-global-typography-text-font-size ); font-weight: var( --e-global-typography-text-font-weight );\"> besoins sp\u00e9cifiques<\/span><\/li><\/ul>\t\t\t\t\t\t\t\t<\/div>\n\t\t\t\t<div class=\"elementor-element elementor-element-55e2b58 elementor-align-left left-float-btn elementor-widget elementor-widget-button\" data-id=\"55e2b58\" data-element_type=\"widget\" data-e-type=\"widget\" data-widget_type=\"button.default\">\n\t\t\t\t\t\t\t\t\t\t<a class=\"elementor-button elementor-button-link elementor-size-sm\" href=\"\/reservation-cours-particuliers\/\">\n\t\t\t\t\t\t<span class=\"elementor-button-content-wrapper\">\n\t\t\t\t\t\t\t\t\t<span class=\"elementor-button-text\">BOOK YOUR RDV<\/span>\n\t\t\t\t\t<\/span>\n\t\t\t\t\t<\/a>\n\t\t\t\t\t\t\t\t<\/div>\n\t\t\t\t<\/div>\n\t\t<div class=\"elementor-element elementor-element-36ba621 e-con-full e-flex wpr-particle-no wpr-jarallax-no wpr-parallax-no wpr-sticky-section-no wpr-equal-height-no e-con e-child\" data-id=\"36ba621\" data-element_type=\"container\" data-e-type=\"container\" data-settings=\"{&quot;background_background&quot;:&quot;classic&quot;}\">\n\t\t\t\t<div class=\"elementor-element elementor-element-e1f0701 elementor-widget elementor-widget-heading\" data-id=\"e1f0701\" data-element_type=\"widget\" data-e-type=\"widget\" data-widget_type=\"heading.default\">\n\t\t\t\t\t<h3 class=\"elementor-heading-title elementor-size-default\">MACHINES PILATES<\/h3>\t\t\t\t<\/div>\n\t\t\t\t<div class=\"elementor-element elementor-element-1ef3b77 elementor-widget elementor-widget-heading\" data-id=\"1ef3b77\" data-element_type=\"widget\" data-e-type=\"widget\" data-widget_type=\"heading.default\">\n\t\t\t\t\t<h3 class=\"elementor-heading-title elementor-size-default\">* max 3 personnes<\/h3>\t\t\t\t<\/div>\n\t\t\t\t<div class=\"elementor-element elementor-element-042ac26 elementor-widget elementor-widget-text-editor\" data-id=\"042ac26\" data-element_type=\"widget\" data-e-type=\"widget\" data-widget_type=\"text-editor.default\">\n\t\t\t\t\t\t\t\t\t<p><span style=\"font-family: -apple-system, BlinkMacSystemFont, 'Segoe UI', Roboto, 'Helvetica Neue', Arial, 'Noto Sans', sans-serif, 'Apple Color Emoji', 'Segoe UI Emoji', 'Segoe UI Symbol', 'Noto Color Emoji'; font-size: 16px;\">Cours semi-priv\u00e9 qui vous proposent les exercices organis\u00e9s dans un circuit sur les diff\u00e9rents machines et accessoires.<\/span><\/p><div dir=\"auto\"><p>The perfect choice for those who:<\/p><div dir=\"auto\"><ul><li>cherchent un approche personnalis\u00e9<\/li><li>appr\u00e9cient l&rsquo;assistance et la r\u00e9sistance offerts par les machines<\/li><\/ul><\/div><\/div>\t\t\t\t\t\t\t\t<\/div>\n\t\t\t\t<div class=\"elementor-element elementor-element-30c9115 elementor-align-left left-float-btn elementor-widget elementor-widget-button\" data-id=\"30c9115\" data-element_type=\"widget\" data-e-type=\"widget\" data-widget_type=\"button.default\">\n\t\t\t\t\t\t\t\t\t\t<a class=\"elementor-button elementor-button-link elementor-size-md\" href=\"\/booking\/cours-pilates\/\">\n\t\t\t\t\t\t<span class=\"elementor-button-content-wrapper\">\n\t\t\t\t\t\t\t\t\t<span class=\"elementor-button-text\">BOOK YOUR RDV<\/span>\n\t\t\t\t\t<\/span>\n\t\t\t\t\t<\/a>\n\t\t\t\t\t\t\t\t<\/div>\n\t\t\t\t<\/div>\n\t\t<div class=\"elementor-element elementor-element-7504dc7 e-con-full e-flex wpr-particle-no wpr-jarallax-no wpr-parallax-no wpr-sticky-section-no wpr-equal-height-no e-con e-child\" data-id=\"7504dc7\" data-element_type=\"container\" data-e-type=\"container\" data-settings=\"{&quot;background_background&quot;:&quot;classic&quot;}\">\n\t\t\t\t<div class=\"elementor-element elementor-element-9c46be1 elementor-widget elementor-widget-heading\" data-id=\"9c46be1\" data-element_type=\"widget\" data-e-type=\"widget\" data-widget_type=\"heading.default\">\n\t\t\t\t\t<h3 class=\"elementor-heading-title elementor-size-default\">MAT PILATES<\/h3>\t\t\t\t<\/div>\n\t\t\t\t<div class=\"elementor-element elementor-element-eb81bfa elementor-widget elementor-widget-heading\" data-id=\"eb81bfa\" data-element_type=\"widget\" data-e-type=\"widget\" data-widget_type=\"heading.default\">\n\t\t\t\t\t<h3 class=\"elementor-heading-title elementor-size-default\">* max 6 personnes<\/h3>\t\t\t\t<\/div>\n\t\t\t\t<div class=\"elementor-element elementor-element-d5f1f90 elementor-widget elementor-widget-text-editor\" data-id=\"d5f1f90\" data-element_type=\"widget\" data-e-type=\"widget\" data-widget_type=\"text-editor.default\">\n\t\t\t\t\t\t\t\t\t<p>Small group classes on mats with small accessories.<\/p><p>Bas\u00e9es sur les exercises classiques, avec des exercices compl\u00e9mentaires pour un travail sp\u00e9cifique :<\/p><div dir=\"auto\"><ul><li>Core &amp; Flow (mobilit\u00e9)<\/li><li>Power &amp; Shape (force)<\/li><li>Core &amp; Stretch (souplesse)<\/li><li>Pr\u00e9 &amp; Post Natal\u00a0<\/li><\/ul><\/div>\t\t\t\t\t\t\t\t<\/div>\n\t\t\t\t<div class=\"elementor-element elementor-element-3202264 elementor-align-left left-float-btn elementor-widget elementor-widget-button\" data-id=\"3202264\" data-element_type=\"widget\" data-e-type=\"widget\" data-widget_type=\"button.default\">\n\t\t\t\t\t\t\t\t\t\t<a class=\"elementor-button elementor-button-link elementor-size-md\" href=\"\/booking\/cours-pilates\/\">\n\t\t\t\t\t\t<span class=\"elementor-button-content-wrapper\">\n\t\t\t\t\t\t\t\t\t<span class=\"elementor-button-text\">BOOK YOUR RDV<\/span>\n\t\t\t\t\t<\/span>\n\t\t\t\t\t<\/a>\n\t\t\t\t\t\t\t\t<\/div>\n\t\t\t\t<\/div>\n\t\t\t\t<\/div>\n\t\t\t\t<\/div>\n\t\t\t\t\t<\/div>\n\t\t\t\t<\/div>\n\t\t\t\t<\/div>\n\t\t\n    <div class=\"xs_social_share_widget xs_share_url after_content \t\tmain_content  wslu-style-1 wslu-share-box-shaped wslu-fill-colored wslu-none wslu-share-horizontal wslu-theme-font-no wslu-main_content\">\n\n\t\t\n        <ul>\n\t\t\t        <\/ul>\n    <\/div>","protected":false},"excerpt":{"rendered":"<p>PILATES PERSONALIS\u00c9 Le Pilates est une m\u00e9thode holistique, pr\u00e9cise, intense et sans impact qui utilise les exercices de mobilisation, stabilisation, renforcement et \u00e9tirement accompagn\u00e9s d\u2019un contr\u00f4le sp\u00e9cifique de la respiration et des mouvements. Exerc\u00e9 sur machines sp\u00e9cifiques ou sur tapis, il est tr\u00e8s efficace pour renforcer les muscles profonds, \u00e9quilibrer le corps, d\u00e9velopper une meilleure posture et une meilleure conscience du corps. Chez Calma Studio, nous croyons que less is more et nous privil\u00e9gions la qualit\u00e9 \u00e0 la quantit\u00e9. Nous proposons des cours solo, duo ou en petits groupes, sur diff\u00e9rents formules, pour garantir une qualit\u00e9 d&rsquo;accompagnement et une correction ad\u00e9quate.\u00a0 Notre Studio est \u00e9quip\u00e9 de Machines\u00a0Balanced Body\u00a0tel que Reformer Tower, Chair et Spring Board. Diff\u00e9rents accessoires tels que le Foam Roller, le Swiss Ball, l&rsquo;Overball et les Bandes \u00c9lastiques sont \u00e9galement utilis\u00e9s pour vous offrir un entra\u00eenement polyvalent et intelligent. R\u00c9SERVEZ VOTRE COURS VOIR LE PLANNING NOS COURS DE PILATES Tous nous cours sont bas\u00e9s sur les principles cl\u00e9s de la m\u00e9thode et d\u00e9veloppent : &#8211; stabilit\u00e9 &#8211; pour une meilleure posture et alignement &#8211;\u00a0 mobilit\u00e9 &#8211; pour la sant\u00e9 de votre colonne vertebral et articulations &#8211; force &#8211; pour les muscles plus fortes sans impact. &#8211; souplesse &#8211; pour un corps \u00e9quilibr\u00e9, agile et flexible PILATES PRIV\u00c9 PREMIUM * solo ou duo Cours sur mesure sur les machines et accessoires qui r\u00e9pondent \u00e0 vos besoins et objectifs personnels. Le choix id\u00e9al pour tous qui : d\u00e9couvrent la m\u00e9thode appr\u00e9cient une approche 100% personnalis\u00e9e ont des blessures ou besoins sp\u00e9cifiques R\u00c9SERVEZ PILATES SUR MACHINES * max 3 personnes Cours semi-priv\u00e9 qui vous proposent les exercices organis\u00e9s dans un circuit sur les diff\u00e9rents machines et accessoires. Le choix parfait pour tous qui : cherchent un approche personnalis\u00e9 appr\u00e9cient l&rsquo;assistance et la r\u00e9sistance offerts par les machines R\u00c9SERVEZ PILATES SUR TAPIS * max 6 personnes Cours en petit groupe sur tapis avec petits accessoires. Bas\u00e9es sur les exercises classiques, avec des exercices compl\u00e9mentaires pour un travail sp\u00e9cifique : Core &amp; Flow (mobilit\u00e9) Power &amp; Shape (force) Core &amp; Stretch (souplesse) Pr\u00e9 &amp; Post Natal\u00a0 R\u00c9SERVEZ<\/p>","protected":false},"author":2,"featured_media":0,"parent":0,"menu_order":0,"comment_status":"closed","ping_status":"closed","template":"elementor_header_footer","meta":{"om_disable_all_campaigns":false,"footnotes":""},"class_list":["post-942","page","type-page","status-publish","hentry"],"aioseo_notices":[],"_links":{"self":[{"href":"https:\/\/calmastudio.com\/en\/wp-json\/wp\/v2\/pages\/942","targetHints":{"allow":["GET"]}}],"collection":[{"href":"https:\/\/calmastudio.com\/en\/wp-json\/wp\/v2\/pages"}],"about":[{"href":"https:\/\/calmastudio.com\/en\/wp-json\/wp\/v2\/types\/page"}],"author":[{"embeddable":true,"href":"https:\/\/calmastudio.com\/en\/wp-json\/wp\/v2\/users\/2"}],"replies":[{"embeddable":true,"href":"https:\/\/calmastudio.com\/en\/wp-json\/wp\/v2\/comments?post=942"}],"version-history":[{"count":848,"href":"https:\/\/calmastudio.com\/en\/wp-json\/wp\/v2\/pages\/942\/revisions"}],"predecessor-version":[{"id":14552,"href":"https:\/\/calmastudio.com\/en\/wp-json\/wp\/v2\/pages\/942\/revisions\/14552"}],"wp:attachment":[{"href":"https:\/\/calmastudio.com\/en\/wp-json\/wp\/v2\/media?parent=942"}],"curies":[{"name":"wp","href":"https:\/\/api.w.org\/{rel}","templated":true}]}}