{"id":5072,"date":"2022-05-05T09:59:59","date_gmt":"2022-05-05T08:59:59","guid":{"rendered":"https:\/\/calmastudio.com\/?page_id=5072"},"modified":"2026-04-13T10:56:04","modified_gmt":"2026-04-13T08:56:04","slug":"cercles-calma-mama-tribues","status":"publish","type":"page","link":"https:\/\/calmastudio.com\/en\/doula-biarritz\/cercles-calma-mama-tribues\/","title":{"rendered":"Circles"},"content":{"rendered":"<div data-elementor-type=\"wp-page\" data-elementor-id=\"5072\" class=\"elementor elementor-5072\">\n\t\t\t\t<div class=\"elementor-element elementor-element-2db828c e-flex e-con-boxed wpr-particle-no wpr-jarallax-no wpr-parallax-no wpr-sticky-section-no wpr-equal-height-no e-con e-parent\" data-id=\"2db828c\" data-element_type=\"container\" data-e-type=\"container\" data-settings=\"{&quot;background_background&quot;:&quot;classic&quot;}\">\n\t\t\t\t\t<div class=\"e-con-inner\">\n\t\t<div class=\"elementor-element elementor-element-8ce5f35 e-con-full e-flex wpr-particle-no wpr-jarallax-no wpr-parallax-no wpr-sticky-section-no wpr-equal-height-no e-con e-child\" data-id=\"8ce5f35\" data-element_type=\"container\" data-e-type=\"container\">\n\t\t\t\t<\/div>\n\t\t<div class=\"elementor-element elementor-element-65741e7 e-flex e-con-boxed wpr-particle-no wpr-jarallax-no wpr-parallax-no wpr-sticky-section-no wpr-equal-height-no e-con e-child\" data-id=\"65741e7\" data-element_type=\"container\" data-e-type=\"container\">\n\t\t\t\t\t<div class=\"e-con-inner\">\n\t\t\t\t<div class=\"elementor-element elementor-element-adb7226 elementor-widget elementor-widget-heading\" data-id=\"adb7226\" data-element_type=\"widget\" data-e-type=\"widget\" data-widget_type=\"heading.default\">\n\t\t\t\t\t<h5 class=\"elementor-heading-title elementor-size-default\">CIRCLES<\/h5>\t\t\t\t<\/div>\n\t\t\t\t<div class=\"elementor-element elementor-element-b6b9128 elementor-widget elementor-widget-heading\" data-id=\"b6b9128\" data-element_type=\"widget\" data-e-type=\"widget\" data-widget_type=\"heading.default\">\n\t\t\t\t\t<h3 class=\"elementor-heading-title elementor-size-default\">Blessingway. Cercles. Ateliers. Soir\u00e9e Calma.<\/h3>\t\t\t\t<\/div>\n\t\t\t\t<div class=\"elementor-element elementor-element-ce1a851 elementor-widget elementor-widget-text-editor\" data-id=\"ce1a851\" data-element_type=\"widget\" data-e-type=\"widget\" data-widget_type=\"text-editor.default\">\n\t\t\t\t\t\t\t\t\t<p>It takes a village...<\/p><p>Do you want to share and exchange with other women?<br \/>Do you want to reflect upon and support your different phases of feminine life?<br \/>Make friends and create your support group?<\/p><p>Join the tribe!<\/p>\t\t\t\t\t\t\t\t<\/div>\n\t\t\t\t\t<\/div>\n\t\t\t\t<\/div>\n\t\t<div class=\"elementor-element elementor-element-9283170 e-con-full e-flex wpr-particle-no wpr-jarallax-no wpr-parallax-no wpr-sticky-section-no wpr-equal-height-no e-con e-child\" data-id=\"9283170\" data-element_type=\"container\" data-e-type=\"container\">\n\t\t\t\t<\/div>\n\t\t\t\t\t<\/div>\n\t\t\t\t<\/div>\n\t\t<div class=\"elementor-element elementor-element-96805b1 e-flex e-con-boxed wpr-particle-no wpr-jarallax-no wpr-parallax-no wpr-sticky-section-no wpr-equal-height-no e-con e-parent\" data-id=\"96805b1\" data-element_type=\"container\" data-e-type=\"container\" data-settings=\"{&quot;background_background&quot;:&quot;classic&quot;}\">\n\t\t\t\t\t<div class=\"e-con-inner\">\n\t\t<div class=\"elementor-element elementor-element-39e8464 e-con-full e-flex wpr-particle-no wpr-jarallax-no wpr-parallax-no wpr-sticky-section-no wpr-equal-height-no e-con e-child\" data-id=\"39e8464\" data-element_type=\"container\" data-e-type=\"container\" data-settings=\"{&quot;background_background&quot;:&quot;classic&quot;}\">\n\t\t\t\t<\/div>\n\t\t<div class=\"elementor-element elementor-element-5c00806 e-con-full e-flex wpr-particle-no wpr-jarallax-no wpr-parallax-no wpr-sticky-section-no wpr-equal-height-no e-con e-child\" data-id=\"5c00806\" data-element_type=\"container\" data-e-type=\"container\" data-settings=\"{&quot;background_background&quot;:&quot;classic&quot;}\">\n\t\t\t\t<div class=\"elementor-element elementor-element-d397337 elementor-widget elementor-widget-heading\" data-id=\"d397337\" data-element_type=\"widget\" data-e-type=\"widget\" data-widget_type=\"heading.default\">\n\t\t\t\t\t<h3 class=\"elementor-heading-title elementor-size-default\">Blessingway<\/h3>\t\t\t\t<\/div>\n\t\t\t\t<div class=\"elementor-element elementor-element-a2af7a5 elementor-widget elementor-widget-text-editor\" data-id=\"a2af7a5\" data-element_type=\"widget\" data-e-type=\"widget\" data-widget_type=\"text-editor.default\">\n\t\t\t\t\t\t\t\t\t<p>The Blessing Way, or Mother Blessing Ceremony, honors the passage into motherhood and celebrates a pregnant woman.\u00a0<\/p><p>The intention is to acknowledge the pregnancy, to support a Mama in gathering strength and confidence in her upcoming labor and to support her into her journey through mothering her new baby.<\/p><p>Each Mother Blessing is uniquely co-created with the Mama and her female friends, habitually in the last trimester.\u00a0<\/p>\t\t\t\t\t\t\t\t<\/div>\n\t\t\t\t<div class=\"elementor-element elementor-element-c9edd8d elementor-align-left left-float-btn elementor-widget elementor-widget-button\" data-id=\"c9edd8d\" data-element_type=\"widget\" data-e-type=\"widget\" data-widget_type=\"button.default\">\n\t\t\t\t\t\t\t\t\t\t<a class=\"elementor-button elementor-button-link elementor-size-sm\" href=\"\/booking\">\n\t\t\t\t\t\t<span class=\"elementor-button-content-wrapper\">\n\t\t\t\t\t\t\t\t\t<span class=\"elementor-button-text\">CONTACT US FOR MORE INFO<\/span>\n\t\t\t\t\t<\/span>\n\t\t\t\t\t<\/a>\n\t\t\t\t\t\t\t\t<\/div>\n\t\t\t\t<\/div>\n\t\t\t\t\t<\/div>\n\t\t\t\t<\/div>\n\t\t<div class=\"elementor-element elementor-element-a2e4807 e-flex e-con-boxed wpr-particle-no wpr-jarallax-no wpr-parallax-no wpr-sticky-section-no wpr-equal-height-no e-con e-parent\" data-id=\"a2e4807\" data-element_type=\"container\" data-e-type=\"container\" data-settings=\"{&quot;background_background&quot;:&quot;classic&quot;}\">\n\t\t\t\t\t<div class=\"e-con-inner\">\n\t\t<div class=\"elementor-element elementor-element-7d6e630 e-con-full e-flex wpr-particle-no wpr-jarallax-no wpr-parallax-no wpr-sticky-section-no wpr-equal-height-no e-con e-child\" data-id=\"7d6e630\" data-element_type=\"container\" data-e-type=\"container\" data-settings=\"{&quot;background_background&quot;:&quot;classic&quot;}\">\n\t\t\t\t<div class=\"elementor-element elementor-element-9cb4662 elementor-widget elementor-widget-heading\" data-id=\"9cb4662\" data-element_type=\"widget\" data-e-type=\"widget\" data-widget_type=\"heading.default\">\n\t\t\t\t\t<h3 class=\"elementor-heading-title elementor-size-default\">Ateliers &amp; Soir\u00e9es Calma<\/h3>\t\t\t\t<\/div>\n\t\t\t\t<div class=\"elementor-element elementor-element-764ffcc elementor-widget elementor-widget-text-editor\" data-id=\"764ffcc\" data-element_type=\"widget\" data-e-type=\"widget\" data-widget_type=\"text-editor.default\">\n\t\t\t\t\t\t\t\t\t<p>Les cercles th\u00e9matiques autour maternit\u00e9, nature cyclique f\u00e9minine, Rebozo, Bain Sonore sont une option de soutien collectif, une alternative ou compl\u00e9ment d&rsquo;accompagnement que je propose.\u00a0\u00a0<\/p><p>Punctuated by moments of sharing and adapted practices, they help to discover feminine power, affirm choices and develop self-confidence.\u00a0<\/p>\t\t\t\t\t\t\t\t<\/div>\n\t\t\t\t<div class=\"elementor-element elementor-element-0c9435e elementor-align-left left-float-btn elementor-widget elementor-widget-button\" data-id=\"0c9435e\" data-element_type=\"widget\" data-e-type=\"widget\" data-widget_type=\"button.default\">\n\t\t\t\t\t\t\t\t\t\t<a class=\"elementor-button elementor-button-link elementor-size-sm\" href=\"\/evenements\/\">\n\t\t\t\t\t\t<span class=\"elementor-button-content-wrapper\">\n\t\t\t\t\t\t\t\t\t<span class=\"elementor-button-text\">check our agenda<\/span>\n\t\t\t\t\t<\/span>\n\t\t\t\t\t<\/a>\n\t\t\t\t\t\t\t\t<\/div>\n\t\t\t\t<\/div>\n\t\t<div class=\"elementor-element elementor-element-7ba613c e-con-full e-flex wpr-particle-no wpr-jarallax-no wpr-parallax-no wpr-sticky-section-no wpr-equal-height-no e-con e-child\" data-id=\"7ba613c\" data-element_type=\"container\" data-e-type=\"container\" data-settings=\"{&quot;background_background&quot;:&quot;classic&quot;}\">\n\t\t\t\t<\/div>\n\t\t\t\t\t<\/div>\n\t\t\t\t<\/div>\n\t\t<div class=\"elementor-element elementor-element-c1c8996 e-flex e-con-boxed wpr-particle-no wpr-jarallax-no wpr-parallax-no wpr-sticky-section-no wpr-equal-height-no e-con e-parent\" data-id=\"c1c8996\" data-element_type=\"container\" data-e-type=\"container\" data-settings=\"{&quot;background_background&quot;:&quot;classic&quot;}\">\n\t\t\t\t\t<div class=\"e-con-inner\">\n\t\t<div class=\"elementor-element elementor-element-5d5676a e-con-full e-flex wpr-particle-no wpr-jarallax-no wpr-parallax-no wpr-sticky-section-no wpr-equal-height-no e-con e-child\" data-id=\"5d5676a\" data-element_type=\"container\" data-e-type=\"container\" data-settings=\"{&quot;background_background&quot;:&quot;classic&quot;}\">\n\t\t\t\t<\/div>\n\t\t<div class=\"elementor-element elementor-element-a6e3bb8 e-con-full e-flex wpr-particle-no wpr-jarallax-no wpr-parallax-no wpr-sticky-section-no wpr-equal-height-no e-con e-child\" data-id=\"a6e3bb8\" data-element_type=\"container\" data-e-type=\"container\" data-settings=\"{&quot;background_background&quot;:&quot;classic&quot;}\">\n\t\t\t\t<div class=\"elementor-element elementor-element-bf17512 elementor-widget elementor-widget-heading\" data-id=\"bf17512\" data-element_type=\"widget\" data-e-type=\"widget\" data-widget_type=\"heading.default\">\n\t\t\t\t\t<h3 class=\"elementor-heading-title elementor-size-default\">Cercles de Femmes &amp; Cercles de Mamans (pr\u00e9&amp;post natal)<\/h3>\t\t\t\t<\/div>\n\t\t\t\t<div class=\"elementor-element elementor-element-69d98f1 elementor-widget elementor-widget-text-editor\" data-id=\"69d98f1\" data-element_type=\"widget\" data-e-type=\"widget\" data-widget_type=\"text-editor.default\">\n\t\t\t\t\t\t\t\t\t<p>Circles for different groups of women: French or expatriates, future mothers, mothers with babies or wise women.<\/p><p>They are an opportunity to share and listen, to support, to feel supported, to simply be together, to create a bond, a Tribe, a Village.<\/p>\t\t\t\t\t\t\t\t<\/div>\n\t\t\t\t<div class=\"elementor-element elementor-element-6b220a0 elementor-align-left left-float-btn elementor-widget elementor-widget-button\" data-id=\"6b220a0\" data-element_type=\"widget\" data-e-type=\"widget\" data-widget_type=\"button.default\">\n\t\t\t\t\t\t\t\t\t\t<a class=\"elementor-button elementor-button-link elementor-size-sm\" href=\"\/evenements\/\">\n\t\t\t\t\t\t<span class=\"elementor-button-content-wrapper\">\n\t\t\t\t\t\t\t\t\t<span class=\"elementor-button-text\">check our agenda <\/span>\n\t\t\t\t\t<\/span>\n\t\t\t\t\t<\/a>\n\t\t\t\t\t\t\t\t<\/div>\n\t\t\t\t<\/div>\n\t\t\t\t\t<\/div>\n\t\t\t\t<\/div>\n\t\t\t\t<\/div>\n\t\t\n    <div class=\"xs_social_share_widget xs_share_url after_content \t\tmain_content  wslu-style-1 wslu-share-box-shaped wslu-fill-colored wslu-none wslu-share-horizontal wslu-theme-font-no wslu-main_content\">\n\n\t\t\n        <ul>\n\t\t\t        <\/ul>\n    <\/div>","protected":false},"excerpt":{"rendered":"<p>LES CERCLES Blessingway. Cercles. Ateliers. Soir\u00e9e Calma. Il faut un village&#8230; Vous souhaitez partager et \u00e9changer avec d&rsquo;autres femmes ?Vous souhaitez r\u00e9fl\u00e9chir et accompagner vos diff\u00e9rentes phases de vie f\u00e9minine ?Se faire des amies et cr\u00e9er votre groupe de soutien ? Rejoignez la tribu ! Blessingway Le Blessingway, ou C\u00e9r\u00e9monie de B\u00e9n\u00e9diction de la M\u00e8re, honore le passage \u00e0 la maternit\u00e9 et c\u00e9l\u00e8bre une femme enceinte.\u00a0 En pr\u00e9sence de femmes proches, la future maman est honor\u00e9e dans sa grossesse, peux retrouver force et confiance pour la naissance, et se sentir soutenue dans son cheminement vers la maternit\u00e9. Chaque Blessingway est co-cr\u00e9\u00e9e de mani\u00e8re unique avec la maman et ses amies ou famille, habituellement au cours du dernier trimestre.\u00a0 CONTACTEZ-NOUS POUR PLUS D&rsquo;INFORMATIONS Ateliers &amp; Soir\u00e9es Calma Les cercles th\u00e9matiques autour maternit\u00e9, nature cyclique f\u00e9minine, Rebozo, Bain Sonore sont une option de soutien collectif, une alternative ou compl\u00e9ment d&rsquo;accompagnement que je propose.\u00a0\u00a0 Rythm\u00e9es par les moments de partages et les pratiques adapt\u00e9es, ils aident \u00e0 d\u00e9couvrir la puissance f\u00e9minine, affirmer les choix et d\u00e9velopper la confiance en soi.\u00a0 V\u00c9RIFIEZ L&rsquo;AGENDA Cercles de Femmes &amp; Cercles de Mamans (pr\u00e9&amp;post natal) Cercles de parole pour les diff\u00e9rentes groupes de femmes : fran\u00e7aises ou expatri\u00e9es, futures mamans, mamans avec b\u00e9b\u00e9s ou femmes sages. Ils sont une opportunit\u00e9 \u00e0 partager et \u00e0 \u00e9couter, \u00e0 soutenir, \u00e0 se sentir soutenue, \u00e0 \u00eatre tout simplement ensemble, \u00e0 cr\u00e9er du lien, une Tribu, un Village. V\u00c9RIFIEZ L&rsquo;AGENDA<\/p>","protected":false},"author":2,"featured_media":0,"parent":5039,"menu_order":0,"comment_status":"closed","ping_status":"closed","template":"elementor_header_footer","meta":{"om_disable_all_campaigns":false,"footnotes":""},"class_list":["post-5072","page","type-page","status-publish","hentry"],"aioseo_notices":[],"_links":{"self":[{"href":"https:\/\/calmastudio.com\/en\/wp-json\/wp\/v2\/pages\/5072","targetHints":{"allow":["GET"]}}],"collection":[{"href":"https:\/\/calmastudio.com\/en\/wp-json\/wp\/v2\/pages"}],"about":[{"href":"https:\/\/calmastudio.com\/en\/wp-json\/wp\/v2\/types\/page"}],"author":[{"embeddable":true,"href":"https:\/\/calmastudio.com\/en\/wp-json\/wp\/v2\/users\/2"}],"replies":[{"embeddable":true,"href":"https:\/\/calmastudio.com\/en\/wp-json\/wp\/v2\/comments?post=5072"}],"version-history":[{"count":527,"href":"https:\/\/calmastudio.com\/en\/wp-json\/wp\/v2\/pages\/5072\/revisions"}],"predecessor-version":[{"id":13952,"href":"https:\/\/calmastudio.com\/en\/wp-json\/wp\/v2\/pages\/5072\/revisions\/13952"}],"up":[{"embeddable":true,"href":"https:\/\/calmastudio.com\/en\/wp-json\/wp\/v2\/pages\/5039"}],"wp:attachment":[{"href":"https:\/\/calmastudio.com\/en\/wp-json\/wp\/v2\/media?parent=5072"}],"curies":[{"name":"wp","href":"https:\/\/api.w.org\/{rel}","templated":true}]}}