{"id":14947,"date":"2026-04-17T09:16:44","date_gmt":"2026-04-17T07:16:44","guid":{"rendered":"https:\/\/calmastudio.com\/?page_id=14947"},"modified":"2026-05-05T19:04:55","modified_gmt":"2026-05-05T17:04:55","slug":"tarif-rebozo","status":"publish","type":"page","link":"https:\/\/calmastudio.com\/en\/rebozo-biarritz\/tarif-rebozo\/","title":{"rendered":"Tarifs Rebozo"},"content":{"rendered":"<div data-elementor-type=\"wp-page\" data-elementor-id=\"14947\" class=\"elementor elementor-14947\">\n\t\t\t\t<div class=\"elementor-element elementor-element-f5ca096 e-con-full e-flex wpr-particle-no wpr-jarallax-no wpr-parallax-no wpr-sticky-section-no wpr-column-slider-no wpr-equal-height-no e-con e-parent\" data-id=\"f5ca096\" data-element_type=\"container\" data-e-type=\"container\" data-settings=\"{&quot;background_background&quot;:&quot;classic&quot;,&quot;sticky_logo_enable&quot;:&quot;no&quot;}\">\n\t\t<div class=\"elementor-element elementor-element-60a7047 e-con-full e-flex wpr-particle-no wpr-jarallax-no wpr-parallax-no wpr-sticky-section-no wpr-column-slider-no wpr-equal-height-no e-con e-child\" data-id=\"60a7047\" data-element_type=\"container\" data-e-type=\"container\" data-settings=\"{&quot;sticky_logo_enable&quot;:&quot;no&quot;}\">\n\t\t\t\t<div class=\"elementor-element elementor-element-3f0441a sticky-heading-prefixstyle elementor-widget elementor-widget-heading\" data-id=\"3f0441a\" data-element_type=\"widget\" data-e-type=\"widget\" data-widget_type=\"heading.default\">\n\t\t\t\t\t<h5 class=\"elementor-heading-title elementor-size-default\">REBOZO<\/h5>\t\t\t\t<\/div>\n\t\t\t\t<div class=\"elementor-element elementor-element-1fc9f50 elementor-widget elementor-widget-text-editor\" data-id=\"1fc9f50\" data-element_type=\"widget\" data-e-type=\"widget\" data-widget_type=\"text-editor.default\">\n\t\t\t\t\t\t\t\t\t<p>at Calma Studio or at yours<\/p>\t\t\t\t\t\t\t\t<\/div>\n\t\t\t\t<\/div>\n\t\t\t\t<\/div>\n\t\t<div class=\"elementor-element elementor-element-3292db1 e-flex e-con-boxed wpr-particle-no wpr-jarallax-no wpr-parallax-no wpr-sticky-section-no wpr-column-slider-no wpr-equal-height-no e-con e-parent\" data-id=\"3292db1\" data-element_type=\"container\" data-e-type=\"container\" data-settings=\"{&quot;background_background&quot;:&quot;classic&quot;,&quot;sticky_logo_enable&quot;:&quot;no&quot;}\">\n\t\t\t\t\t<div class=\"e-con-inner\">\n\t\t<div class=\"elementor-element elementor-element-3398aca e-con-full e-flex wpr-particle-no wpr-jarallax-no wpr-parallax-no wpr-sticky-section-no wpr-column-slider-no wpr-equal-height-no e-con e-child\" data-id=\"3398aca\" data-element_type=\"container\" data-e-type=\"container\" data-settings=\"{&quot;sticky_logo_enable&quot;:&quot;no&quot;}\">\n\t\t\t\t<div class=\"elementor-element elementor-element-018b90a sticky-heading-prefixstyle elementor-widget elementor-widget-heading\" data-id=\"018b90a\" data-element_type=\"widget\" data-e-type=\"widget\" data-widget_type=\"heading.default\">\n\t\t\t\t\t<h4 class=\"elementor-heading-title elementor-size-default\">SERRAGE DU BASSIN<\/h4>\t\t\t\t<\/div>\n\t\t\t\t<div class=\"elementor-element elementor-element-37a6052 elementor-widget__width-inherit elementor-widget elementor-widget-text-editor\" data-id=\"37a6052\" data-element_type=\"widget\" data-e-type=\"widget\" data-widget_type=\"text-editor.default\">\n\t\t\t\t\t\t\t\t\t<h2>65\u20ac<\/h2>\t\t\t\t\t\t\t\t<\/div>\n\t\t\t\t<div class=\"elementor-element elementor-element-bfea4d0 elementor-widget elementor-widget-text-editor\" data-id=\"bfea4d0\" data-element_type=\"widget\" data-e-type=\"widget\" data-widget_type=\"text-editor.default\">\n\t\t\t\t\t\t\t\t\t<p><strong>Dur\u00e9e du soin 60 minutes<br \/><\/strong><\/p>\t\t\t\t\t\t\t\t<\/div>\n\t\t\t\t<div class=\"elementor-element elementor-element-7568c07 elementor-align-center sticky-button-prefixstyle elementor-widget elementor-widget-button\" data-id=\"7568c07\" data-element_type=\"widget\" data-e-type=\"widget\" data-widget_type=\"button.default\">\n\t\t\t\t\t\t\t\t\t\t<a class=\"elementor-button elementor-button-link elementor-size-sm\" href=\"https:\/\/calmastudio.com\/booking\/rebozo\/\">\n\t\t\t\t\t\t<span class=\"elementor-button-content-wrapper\">\n\t\t\t\t\t\t\t\t\t<span class=\"elementor-button-text\">BOOK<\/span>\n\t\t\t\t\t<\/span>\n\t\t\t\t\t<\/a>\n\t\t\t\t\t\t\t\t<\/div>\n\t\t\t\t<\/div>\n\t\t<div class=\"elementor-element elementor-element-c5c885a e-con-full e-flex wpr-particle-no wpr-jarallax-no wpr-parallax-no wpr-sticky-section-no wpr-column-slider-no wpr-equal-height-no e-con e-child\" data-id=\"c5c885a\" data-element_type=\"container\" data-e-type=\"container\" data-settings=\"{&quot;sticky_logo_enable&quot;:&quot;no&quot;}\">\n\t\t\t\t<div class=\"elementor-element elementor-element-e8312c2 sticky-heading-prefixstyle elementor-widget elementor-widget-heading\" data-id=\"e8312c2\" data-element_type=\"widget\" data-e-type=\"widget\" data-widget_type=\"heading.default\">\n\t\t\t\t\t<h4 class=\"elementor-heading-title elementor-size-default\">OUVERTURE &amp; FERMETURE<\/h4>\t\t\t\t<\/div>\n\t\t\t\t<div class=\"elementor-element elementor-element-21b68de elementor-widget__width-inherit elementor-widget elementor-widget-text-editor\" data-id=\"21b68de\" data-element_type=\"widget\" data-e-type=\"widget\" data-widget_type=\"text-editor.default\">\n\t\t\t\t\t\t\t\t\t<h2>100\u20ac<\/h2>\t\t\t\t\t\t\t\t<\/div>\n\t\t\t\t<div class=\"elementor-element elementor-element-fd44e00 elementor-widget elementor-widget-text-editor\" data-id=\"fd44e00\" data-element_type=\"widget\" data-e-type=\"widget\" data-widget_type=\"text-editor.default\">\n\t\t\t\t\t\t\t\t\t<p><strong>Dur\u00e9e du soin 1h30<br \/><\/strong><\/p>\t\t\t\t\t\t\t\t<\/div>\n\t\t\t\t<div class=\"elementor-element elementor-element-d4f6754 elementor-align-center sticky-button-prefixstyle elementor-widget elementor-widget-button\" data-id=\"d4f6754\" data-element_type=\"widget\" data-e-type=\"widget\" data-widget_type=\"button.default\">\n\t\t\t\t\t\t\t\t\t\t<a class=\"elementor-button elementor-button-link elementor-size-sm\" href=\"https:\/\/calmastudio.com\/booking\/rebozo\/\">\n\t\t\t\t\t\t<span class=\"elementor-button-content-wrapper\">\n\t\t\t\t\t\t\t\t\t<span class=\"elementor-button-text\">BOOK<\/span>\n\t\t\t\t\t<\/span>\n\t\t\t\t\t<\/a>\n\t\t\t\t\t\t\t\t<\/div>\n\t\t\t\t<\/div>\n\t\t<div class=\"elementor-element elementor-element-09629fe e-con-full e-flex wpr-particle-no wpr-jarallax-no wpr-parallax-no wpr-sticky-section-no wpr-column-slider-no wpr-equal-height-no e-con e-child\" data-id=\"09629fe\" data-element_type=\"container\" data-e-type=\"container\" data-settings=\"{&quot;sticky_logo_enable&quot;:&quot;no&quot;}\">\n\t\t\t\t<div class=\"elementor-element elementor-element-9d45f49 sticky-heading-prefixstyle elementor-widget elementor-widget-heading\" data-id=\"9d45f49\" data-element_type=\"widget\" data-e-type=\"widget\" data-widget_type=\"heading.default\">\n\t\t\t\t\t<h4 class=\"elementor-heading-title elementor-size-default\">RITUEL COMPLET<\/h4>\t\t\t\t<\/div>\n\t\t\t\t<div class=\"elementor-element elementor-element-cf7bd21 elementor-widget__width-inherit elementor-widget elementor-widget-text-editor\" data-id=\"cf7bd21\" data-element_type=\"widget\" data-e-type=\"widget\" data-widget_type=\"text-editor.default\">\n\t\t\t\t\t\t\t\t\t<h2>300\u20ac<\/h2>\t\t\t\t\t\t\t\t<\/div>\n\t\t\t\t<div class=\"elementor-element elementor-element-a84da96 elementor-widget elementor-widget-text-editor\" data-id=\"a84da96\" data-element_type=\"widget\" data-e-type=\"widget\" data-widget_type=\"text-editor.default\">\n\t\t\t\t\t\t\t\t\t<p><strong>Massage + Bain + Serrage<br \/>Dur\u00e9e du soin 3h<br \/><\/strong><\/p>\t\t\t\t\t\t\t\t<\/div>\n\t\t\t\t<div class=\"elementor-element elementor-element-ff93022 elementor-align-center sticky-button-prefixstyle elementor-widget elementor-widget-button\" data-id=\"ff93022\" data-element_type=\"widget\" data-e-type=\"widget\" data-widget_type=\"button.default\">\n\t\t\t\t\t\t\t\t\t\t<a class=\"elementor-button elementor-button-link elementor-size-sm\" href=\"https:\/\/calmastudio.com\/booking\/rebozo\/\">\n\t\t\t\t\t\t<span class=\"elementor-button-content-wrapper\">\n\t\t\t\t\t\t\t\t\t<span class=\"elementor-button-text\">BOOK<\/span>\n\t\t\t\t\t<\/span>\n\t\t\t\t\t<\/a>\n\t\t\t\t\t\t\t\t<\/div>\n\t\t\t\t<\/div>\n\t\t\t\t\t<\/div>\n\t\t\t\t<\/div>\n\t\t<div class=\"elementor-element elementor-element-b643e24 e-con-full e-flex wpr-particle-no wpr-jarallax-no wpr-parallax-no wpr-sticky-section-no wpr-column-slider-no wpr-equal-height-no e-con e-parent\" data-id=\"b643e24\" data-element_type=\"container\" data-e-type=\"container\" data-settings=\"{&quot;sticky_logo_enable&quot;:&quot;no&quot;}\">\n\t\t<div class=\"elementor-element elementor-element-cb7a7a6 e-con-full e-flex wpr-particle-no wpr-jarallax-no wpr-parallax-no wpr-sticky-section-no wpr-column-slider-no wpr-equal-height-no e-con e-child\" data-id=\"cb7a7a6\" data-element_type=\"container\" data-e-type=\"container\" data-settings=\"{&quot;background_background&quot;:&quot;classic&quot;,&quot;sticky_logo_enable&quot;:&quot;no&quot;}\">\n\t\t<div class=\"elementor-element elementor-element-44122c8 e-con-full e-flex wpr-particle-no wpr-jarallax-no wpr-parallax-no wpr-sticky-section-no wpr-column-slider-no wpr-equal-height-no e-con e-child\" data-id=\"44122c8\" data-element_type=\"container\" data-e-type=\"container\" data-settings=\"{&quot;sticky_logo_enable&quot;:&quot;no&quot;}\">\n\t\t\t\t<div class=\"elementor-element elementor-element-715f93a elementor-widget elementor-widget-image\" data-id=\"715f93a\" data-element_type=\"widget\" data-e-type=\"widget\" data-widget_type=\"image.default\">\n\t\t\t\t\t\t\t\t\t\t\t\t\t\t\t<img fetchpriority=\"high\" decoding=\"async\" width=\"800\" height=\"800\" src=\"https:\/\/calmastudio.com\/wp-content\/uploads\/2026\/05\/carte-cadeau2.webp\" class=\"attachment-full size-full wp-image-19369\" alt=\"\" srcset=\"https:\/\/calmastudio.com\/wp-content\/uploads\/2026\/05\/carte-cadeau2.webp 800w, https:\/\/calmastudio.com\/wp-content\/uploads\/2026\/05\/carte-cadeau2-300x300.webp 300w, https:\/\/calmastudio.com\/wp-content\/uploads\/2026\/05\/carte-cadeau2-150x150.webp 150w, https:\/\/calmastudio.com\/wp-content\/uploads\/2026\/05\/carte-cadeau2-768x768.webp 768w, https:\/\/calmastudio.com\/wp-content\/uploads\/2026\/05\/carte-cadeau2-12x12.webp 12w\" sizes=\"(max-width: 800px) 100vw, 800px\" \/>\t\t\t\t\t\t\t\t\t\t\t\t\t\t\t<\/div>\n\t\t\t\t<\/div>\n\t\t<div class=\"elementor-element elementor-element-c6a0729 e-con-full e-flex wpr-particle-no wpr-jarallax-no wpr-parallax-no wpr-sticky-section-no wpr-column-slider-no wpr-equal-height-no e-con e-child\" data-id=\"c6a0729\" data-element_type=\"container\" data-e-type=\"container\" data-settings=\"{&quot;sticky_logo_enable&quot;:&quot;no&quot;}\">\n\t\t<div class=\"elementor-element elementor-element-a6b3980 e-con-full e-flex wpr-particle-no wpr-jarallax-no wpr-parallax-no wpr-sticky-section-no wpr-column-slider-no wpr-equal-height-no e-con e-child\" data-id=\"a6b3980\" data-element_type=\"container\" data-e-type=\"container\" data-settings=\"{&quot;sticky_logo_enable&quot;:&quot;no&quot;}\">\n\t\t\t\t<div class=\"elementor-element elementor-element-8dee3cc sticky-heading-prefixstyle elementor-widget elementor-widget-heading\" data-id=\"8dee3cc\" data-element_type=\"widget\" data-e-type=\"widget\" data-widget_type=\"heading.default\">\n\t\t\t\t\t<h1 class=\"elementor-heading-title elementor-size-default\">Offrez un soin REBOZO<\/h1>\t\t\t\t<\/div>\n\t\t\t\t<\/div>\n\t\t<div class=\"elementor-element elementor-element-5fcca42 e-con-full e-flex wpr-particle-no wpr-jarallax-no wpr-parallax-no wpr-sticky-section-no wpr-column-slider-no wpr-equal-height-no e-con e-child\" data-id=\"5fcca42\" data-element_type=\"container\" data-e-type=\"container\" data-settings=\"{&quot;sticky_logo_enable&quot;:&quot;no&quot;}\">\n\t\t\t\t<div class=\"elementor-element elementor-element-cf3045a elementor-widget elementor-widget-text-editor\" data-id=\"cf3045a\" data-element_type=\"widget\" data-e-type=\"widget\" data-widget_type=\"text-editor.default\">\n\t\t\t\t\t\t\t\t\t<p>Le soin Rebozo est une offrande d\u00e9licate, un pr\u00e9sent empreint de sens, \u00e0 d\u00e9poser entre les mains d\u2019une femme enceinte, d\u2019une jeune m\u00e8re ou d\u2019une \u00e2me ch\u00e8re traversant un passage de vie.<br data-start=\"184\" data-end=\"187\" \/>Tel un rituel enveloppant, il invite \u00e0 se recueillir, \u00e0 clore doucement un chapitre, ou \u00e0 honorer la beaut\u00e9 d\u2019une m\u00e9tamorphose.<\/p>\t\t\t\t\t\t\t\t<\/div>\n\t\t\t\t<div class=\"elementor-element elementor-element-2860924 elementor-align-justify sticky-button-prefixstyle elementor-widget__width-initial elementor-widget elementor-widget-button\" data-id=\"2860924\" data-element_type=\"widget\" data-e-type=\"widget\" data-widget_type=\"button.default\">\n\t\t\t\t\t\t\t\t\t\t<a class=\"elementor-button elementor-button-link elementor-size-sm\" href=\"https:\/\/calmastudio.com\/booking\/carte-cadeau\/\">\n\t\t\t\t\t\t<span class=\"elementor-button-content-wrapper\">\n\t\t\t\t\t\t\t\t\t<span class=\"elementor-button-text\">OFFREZ UN SOIN REBOZO<\/span>\n\t\t\t\t\t<\/span>\n\t\t\t\t\t<\/a>\n\t\t\t\t\t\t\t\t<\/div>\n\t\t\t\t<\/div>\n\t\t\t\t<\/div>\n\t\t\t\t<\/div>\n\t\t\t\t<\/div>\n\t\t<div class=\"elementor-element elementor-element-ccff70d e-flex e-con-boxed wpr-particle-no wpr-jarallax-no wpr-parallax-no wpr-sticky-section-no wpr-column-slider-no wpr-equal-height-no e-con e-parent\" data-id=\"ccff70d\" data-element_type=\"container\" data-e-type=\"container\" data-settings=\"{&quot;background_background&quot;:&quot;classic&quot;,&quot;sticky_logo_enable&quot;:&quot;no&quot;}\">\n\t\t\t\t\t<div class=\"e-con-inner\">\n\t\t<div class=\"elementor-element elementor-element-59b2b12 e-con-full e-flex wpr-particle-no wpr-jarallax-no wpr-parallax-no wpr-sticky-section-no wpr-column-slider-no wpr-equal-height-no e-con e-child\" data-id=\"59b2b12\" data-element_type=\"container\" data-e-type=\"container\" data-settings=\"{&quot;sticky_logo_enable&quot;:&quot;no&quot;}\">\n\t\t\t\t<div class=\"elementor-element elementor-element-3648633 elementor-widget elementor-widget-text-editor\" data-id=\"3648633\" data-element_type=\"widget\" data-e-type=\"widget\" data-widget_type=\"text-editor.default\">\n\t\t\t\t\t\t\t\t\t<p>Calma Studio plus pr\u00e8s de vous.<\/p>\t\t\t\t\t\t\t\t<\/div>\n\t\t\t\t<\/div>\n\t\t\t\t\t<\/div>\n\t\t\t\t<\/div>\n\t\t\t\t<\/div>","protected":false},"excerpt":{"rendered":"<p>REBOZO au Calma Studio ou chez vous. SERRAGE DU BASSIN 65\u20ac Dur\u00e9e du soin 60 minutes R\u00c9SERVER OUVERTURE &amp; FERMETURE 100\u20ac Dur\u00e9e du soin 1h30 R\u00c9SERVER RITUEL COMPLET 300\u20ac Massage + Bain + SerrageDur\u00e9e du soin 3h R\u00c9SERVER Offrez un soin REBOZO Le soin Rebozo est une offrande d\u00e9licate, un pr\u00e9sent empreint de sens, \u00e0 d\u00e9poser entre les mains d\u2019une femme enceinte, d\u2019une jeune m\u00e8re ou d\u2019une \u00e2me ch\u00e8re traversant un passage de vie.Tel un rituel enveloppant, il invite \u00e0 se recueillir, \u00e0 clore doucement un chapitre, ou \u00e0 honorer la beaut\u00e9 d\u2019une m\u00e9tamorphose. OFFREZ UN SOIN REBOZO Calma Studio plus pr\u00e8s de vous.<\/p>","protected":false},"author":1,"featured_media":0,"parent":6761,"menu_order":0,"comment_status":"closed","ping_status":"closed","template":"elementor_header_footer","meta":{"om_disable_all_campaigns":false,"footnotes":""},"class_list":["post-14947","page","type-page","status-publish","hentry"],"aioseo_notices":[],"_links":{"self":[{"href":"https:\/\/calmastudio.com\/en\/wp-json\/wp\/v2\/pages\/14947","targetHints":{"allow":["GET"]}}],"collection":[{"href":"https:\/\/calmastudio.com\/en\/wp-json\/wp\/v2\/pages"}],"about":[{"href":"https:\/\/calmastudio.com\/en\/wp-json\/wp\/v2\/types\/page"}],"author":[{"embeddable":true,"href":"https:\/\/calmastudio.com\/en\/wp-json\/wp\/v2\/users\/1"}],"replies":[{"embeddable":true,"href":"https:\/\/calmastudio.com\/en\/wp-json\/wp\/v2\/comments?post=14947"}],"version-history":[{"count":79,"href":"https:\/\/calmastudio.com\/en\/wp-json\/wp\/v2\/pages\/14947\/revisions"}],"predecessor-version":[{"id":19372,"href":"https:\/\/calmastudio.com\/en\/wp-json\/wp\/v2\/pages\/14947\/revisions\/19372"}],"up":[{"embeddable":true,"href":"https:\/\/calmastudio.com\/en\/wp-json\/wp\/v2\/pages\/6761"}],"wp:attachment":[{"href":"https:\/\/calmastudio.com\/en\/wp-json\/wp\/v2\/media?parent=14947"}],"curies":[{"name":"wp","href":"https:\/\/api.w.org\/{rel}","templated":true}]}}