{"id":11419,"date":"2024-05-06T16:20:27","date_gmt":"2024-05-06T14:20:27","guid":{"rendered":"https:\/\/calmastudio.com\/?page_id=11419"},"modified":"2026-05-01T19:20:35","modified_gmt":"2026-05-01T17:20:35","slug":"carte-cadeau","status":"publish","type":"page","link":"https:\/\/calmastudio.com\/en\/booking\/carte-cadeau\/","title":{"rendered":"gift card"},"content":{"rendered":"\t\t<div data-elementor-type=\"wp-page\" data-elementor-id=\"11419\" class=\"elementor elementor-11419\">\n\t\t\t\t<div class=\"elementor-element elementor-element-fc6c0e7 e-flex e-con-boxed wpr-particle-no wpr-jarallax-no wpr-parallax-no wpr-sticky-section-no wpr-equal-height-no e-con e-parent\" data-id=\"fc6c0e7\" data-element_type=\"container\" data-e-type=\"container\" data-settings=\"{&quot;background_background&quot;:&quot;classic&quot;,&quot;sticky_logo_enable&quot;:&quot;no&quot;}\">\n\t\t\t\t\t<div class=\"e-con-inner\">\n\t\t\t\t<div class=\"elementor-element elementor-element-5ebe5c4 elementor-widget__width-initial sticky-heading-prefixstyle elementor-widget elementor-widget-heading\" data-id=\"5ebe5c4\" data-element_type=\"widget\" data-e-type=\"widget\" data-widget_type=\"heading.default\">\n\t\t\t\t\t<h1 class=\"elementor-heading-title elementor-size-default\">LES CARTES CADEAUX CALMA STUDIO<\/h1>\t\t\t\t<\/div>\n\t\t\t\t\t<\/div>\n\t\t\t\t<\/div>\n\t\t<div class=\"elementor-element elementor-element-04f2504 e-flex e-con-boxed wpr-particle-no wpr-jarallax-no wpr-parallax-no wpr-sticky-section-no wpr-equal-height-no e-con e-parent\" data-id=\"04f2504\" data-element_type=\"container\" data-e-type=\"container\" data-settings=\"{&quot;background_background&quot;:&quot;classic&quot;,&quot;sticky_logo_enable&quot;:&quot;no&quot;}\">\n\t\t\t\t\t<div class=\"e-con-inner\">\n\t\t<div class=\"elementor-element elementor-element-43741e4 e-con-full e-flex wpr-particle-no wpr-jarallax-no wpr-parallax-no wpr-sticky-section-no wpr-equal-height-no e-con e-child\" data-id=\"43741e4\" data-element_type=\"container\" data-e-type=\"container\" data-settings=\"{&quot;sticky_logo_enable&quot;:&quot;no&quot;}\">\n\t\t\t\t<div class=\"elementor-element elementor-element-33f0ddb sticky-heading-prefixstyle elementor-widget elementor-widget-heading\" data-id=\"33f0ddb\" data-element_type=\"widget\" data-e-type=\"widget\" data-widget_type=\"heading.default\">\n\t\t\t\t\t<h4 class=\"elementor-heading-title elementor-size-default\">Aimez-vous donner les cadeaux sous forme d\u2019exp\u00e9riences ?<\/h4>\t\t\t\t<\/div>\n\t\t\t\t<div class=\"elementor-element elementor-element-43b8144 elementor-widget elementor-widget-text-editor\" data-id=\"43b8144\" data-element_type=\"widget\" data-e-type=\"widget\" data-widget_type=\"text-editor.default\">\n\t\t\t\t\t\t\t\t\t<p>Cours de Pilates pour tous, cours et ateliers pour les mamans, soins Rebozo et diff\u00e9rentes formes d\u2019accompagnement Doula sont des id\u00e9es \u00e0 assortir ou \u00e0 m\u00e9langer pour faire un cadeau individualis\u00e9 et significatif \u00e0 ceux que vous aimez, ou pour vous-m\u00eame.<\/p><p>En offrant une carte cadeau de Calma Studio \u00e0 Biarritz, vous offrez \u00e0 votre destinataire une occasion de se d\u00e9tendre, de se recentrer et de prendre soin de son bien-\u00eatre physique et mental. C&rsquo;est un cadeau qui promeut la sant\u00e9 et le bien-\u00eatre, ce qui en fait une option de cadeau vraiment appr\u00e9ci\u00e9e.<\/p><p>La carte cadeau Calma Studio est une excellente id\u00e9e pour quelqu&rsquo;un qui cherche \u00e0 am\u00e9liorer sa sant\u00e9 et son bien-\u00eatre.<\/p><p>\u00a0<\/p>\t\t\t\t\t\t\t\t<\/div>\n\t\t\t\t<\/div>\n\t\t\t\t\t<\/div>\n\t\t\t\t<\/div>\n\t\t<div class=\"elementor-element elementor-element-55eb342 e-flex e-con-boxed wpr-particle-no wpr-jarallax-no wpr-parallax-no wpr-sticky-section-no wpr-equal-height-no e-con e-parent\" data-id=\"55eb342\" data-element_type=\"container\" data-e-type=\"container\" data-settings=\"{&quot;sticky_logo_enable&quot;:&quot;no&quot;}\">\n\t\t\t\t\t<div class=\"e-con-inner\">\n\t\t\t\t<div class=\"elementor-element elementor-element-12d5d5d elementor-widget elementor-widget-shortcode\" data-id=\"12d5d5d\" data-element_type=\"widget\" data-e-type=\"widget\" data-widget_type=\"shortcode.default\">\n\t\t\t\t\t\t\t<div class=\"elementor-shortcode\"><div class=\"gift-up-target\" \r\n            data-site-id=\"1b8bf7cb-a4f5-4196-833f-7b525405ae6a\" \r\n            data-domain=\"\"\r\n            data-product-id=\"\"\r\n            data-group-id=\"\"\r\n            data-payment-methods=\"\"\r\n            data-language=\"\"\r\n            data-purchaser-name=\"\"\r\n            data-purchaser-email=\"\"\r\n            data-recipient-name=\"\"\r\n            data-recipient-email=\"\"\r\n            data-step=\"\"\r\n            data-who-for=\"\"\r\n            data-promo-code=\"\"\r\n            data-hide-artwork=\"\"\r\n            data-hide-groups=\"\"\r\n            data-hide-ungrouped-items=\"\"\r\n            data-hide-custom-value=\"\"\r\n            data-custom-value-amount=\"\"\r\n            data-referrer=\"\"\r\n            data-platform=\"Wordpress\"\r\n        ><\/div>\r\n        <script type=\"text\/javascript\">\r\n        (function (g, i, f, t, u, p, s) {\r\n            g[u] = g[u] || function() { (g[u].q = g[u].q || []).push(arguments) };\r\n            p = i.createElement(f);\r\n            p.async = 1;\r\n            p.src = t;\r\n            s = i.getElementsByTagName(f)[0];\r\n            s.parentNode.insertBefore(p, s);\r\n        })(window, document, 'script', 'https:\/\/cdn.giftup.app\/dist\/gift-up.js', 'giftup');\r\n        <\/script><\/div>\n\t\t\t\t\t\t<\/div>\n\t\t\t\t\t<\/div>\n\t\t\t\t<\/div>\n\t\t<div class=\"elementor-element elementor-element-394eb1f e-flex e-con-boxed wpr-particle-no wpr-jarallax-no wpr-parallax-no wpr-sticky-section-no wpr-equal-height-no e-con e-parent\" data-id=\"394eb1f\" data-element_type=\"container\" data-e-type=\"container\" data-settings=\"{&quot;sticky_logo_enable&quot;:&quot;no&quot;}\">\n\t\t\t\t\t<div class=\"e-con-inner\">\n\t\t\t\t<div class=\"elementor-element elementor-element-d12f1d9 sticky-heading-prefixstyle elementor-widget elementor-widget-heading\" data-id=\"d12f1d9\" data-element_type=\"widget\" data-e-type=\"widget\" data-widget_type=\"heading.default\">\n\t\t\t\t\t<h2 class=\"elementor-heading-title elementor-size-default\">Disponible en version imprim\u00e9e ou par email.<\/h2>\t\t\t\t<\/div>\n\t\t\t\t\t<\/div>\n\t\t\t\t<\/div>\n\t\t\t\t<\/div>\n\t\t","protected":false},"excerpt":{"rendered":"<p>LES CARTES CADEAUX CALMA STUDIO Aimez-vous donner les cadeaux sous forme d\u2019exp\u00e9riences ? Cours de Pilates pour tous, cours et ateliers pour les mamans, soins Rebozo et diff\u00e9rentes formes d\u2019accompagnement Doula sont des id\u00e9es \u00e0 assortir ou \u00e0 m\u00e9langer pour faire un cadeau individualis\u00e9 et significatif \u00e0 ceux que vous aimez, ou pour vous-m\u00eame. En offrant une carte cadeau de Calma Studio \u00e0 Biarritz, vous offrez \u00e0 votre destinataire une occasion de se d\u00e9tendre, de se recentrer et de prendre soin de son bien-\u00eatre physique et mental. C&rsquo;est un cadeau qui promeut la sant\u00e9 et le bien-\u00eatre, ce qui en fait une option de cadeau vraiment appr\u00e9ci\u00e9e. La carte cadeau Calma Studio est une excellente id\u00e9e pour quelqu&rsquo;un qui cherche \u00e0 am\u00e9liorer sa sant\u00e9 et son bien-\u00eatre. \u00a0 Disponible en version imprim\u00e9e ou par email.<\/p>","protected":false},"author":1,"featured_media":0,"parent":3275,"menu_order":0,"comment_status":"closed","ping_status":"closed","template":"elementor_header_footer","meta":{"om_disable_all_campaigns":false,"_monsterinsights_skip_tracking":false,"_monsterinsights_sitenote_active":false,"_monsterinsights_sitenote_note":"","_monsterinsights_sitenote_category":0,"footnotes":""},"class_list":["post-11419","page","type-page","status-publish","hentry"],"aioseo_notices":[],"_links":{"self":[{"href":"https:\/\/calmastudio.com\/en\/wp-json\/wp\/v2\/pages\/11419","targetHints":{"allow":["GET"]}}],"collection":[{"href":"https:\/\/calmastudio.com\/en\/wp-json\/wp\/v2\/pages"}],"about":[{"href":"https:\/\/calmastudio.com\/en\/wp-json\/wp\/v2\/types\/page"}],"author":[{"embeddable":true,"href":"https:\/\/calmastudio.com\/en\/wp-json\/wp\/v2\/users\/1"}],"replies":[{"embeddable":true,"href":"https:\/\/calmastudio.com\/en\/wp-json\/wp\/v2\/comments?post=11419"}],"version-history":[{"count":150,"href":"https:\/\/calmastudio.com\/en\/wp-json\/wp\/v2\/pages\/11419\/revisions"}],"predecessor-version":[{"id":18264,"href":"https:\/\/calmastudio.com\/en\/wp-json\/wp\/v2\/pages\/11419\/revisions\/18264"}],"up":[{"embeddable":true,"href":"https:\/\/calmastudio.com\/en\/wp-json\/wp\/v2\/pages\/3275"}],"wp:attachment":[{"href":"https:\/\/calmastudio.com\/en\/wp-json\/wp\/v2\/media?parent=11419"}],"curies":[{"name":"wp","href":"https:\/\/api.w.org\/{rel}","templated":true}]}}